{"id":155,"date":"2020-07-02T16:52:01","date_gmt":"2020-07-02T14:52:01","guid":{"rendered":"https:\/\/www.taam.cnrs.fr\/?page_id=155"},"modified":"2021-12-07T13:48:24","modified_gmt":"2021-12-07T12:48:24","slug":"utilisation-des-modeles-animaux","status":"publish","type":"page","link":"https:\/\/www.taam.cnrs.fr\/index.php\/utilisation-des-modeles-animaux\/","title":{"rendered":"Utilisation des mod\u00e8les animaux"},"content":{"rendered":"\t\t<div data-elementor-type=\"wp-page\" data-elementor-id=\"155\" class=\"elementor elementor-155\">\n\t\t\t\t\t\t<section class=\"elementor-section elementor-top-section elementor-element elementor-element-15620945 elementor-section-boxed elementor-section-height-default elementor-section-height-default\" data-id=\"15620945\" data-element_type=\"section\">\n\t\t\t\t\t\t<div class=\"elementor-container elementor-column-gap-default\">\n\t\t\t\t\t<div class=\"elementor-column elementor-col-100 elementor-top-column elementor-element elementor-element-29b03ff5\" data-id=\"29b03ff5\" data-element_type=\"column\">\n\t\t\t<div class=\"elementor-widget-wrap elementor-element-populated\">\n\t\t\t\t\t\t<div class=\"elementor-element elementor-element-49cc6f84 elementor-widget elementor-widget-text-editor\" data-id=\"49cc6f84\" data-element_type=\"widget\" data-widget_type=\"text-editor.default\">\n\t\t\t\t<div class=\"elementor-widget-container\">\n\t\t\t\t\t\t\t\t\t\n<p>Les activit\u00e9s du TAAM sont conduites avec des souris et des rats et chaque jour, nous respectons, en tant qu\u2019\u00eatre sensibles, les animaux avec lesquels nous travaillons en leur prodiguant les bons soins n\u00e9cessaires. Le TAAM est impliqu\u00e9 dans l\u2019\u00e9thique et le bien-\u00eatre animal.<\/p>\n\n<p class=\"has-text-align-center\"><strong>\u00ab\u00a0Good animal care and good science go hand in hand\u00a0\u00bb.<\/strong><\/p>\n\n<p class=\"has-text-align-center\"><em>(National Institutes of Health (U.S.). <\/em><em>Animal Research Committee)<\/em><\/p>\n\n<p class=\"has-text-align-center\"><em>* De bons soins aux animaux et une bonne science vont de pair.<\/em><\/p>\n\n<p>L&rsquo;\u00e9tude de la biologie et des maladies se faisant sur des organismes vivants complets, les animaux sont utilis\u00e9s depuis des centaines d&rsquo;ann\u00e9es pour am\u00e9liorer les connaissances humaines. Gr\u00e2ce \u00e0 la biologie, \u00e0 la m\u00e9decine et aux chercheurs en physiologie impliqu\u00e9s dans la recherche animale, la compr\u00e9hension des maladies et la d\u00e9couverte de nouveaux traitements ont \u00e9t\u00e9 grandement am\u00e9lior\u00e9es. Ce n&rsquo;est que depuis le XIXe si\u00e8cle que l&rsquo;utilisation de l&rsquo;animal dans la recherche scientifique est devenue un d\u00e9bat de soci\u00e9t\u00e9, avec le d\u00e9veloppement d&rsquo;associations pour la protection des droits des animaux. Parall\u00e8lement \u00e0 ce changement soci\u00e9tal, la r\u00e9glementation a \u00e9galement \u00e9volu\u00e9.<\/p>\n\n<p>Une r\u00e9cente <a href=\"https:\/\/youtu.be\/ZuCiT-waSBk\" target=\"_blank\" rel=\"noopener\">vid\u00e9o publi\u00e9e par le CNRS et consultable en ligne<\/a> r\u00e9sume de mani\u00e8re tr\u00e8s p\u00e9dagogique l&rsquo; \u00e9volution de cette r\u00e9glementation<\/p>\n\n<p>Depuis 2013 en France, comme dans toute l&rsquo;Europe, la recherche animale est pratiqu\u00e9e selon la <strong>Directive europ\u00e9enne 2010\/063\/UE du 23 septembre 2010<\/strong>. Les projets impliquant des animaux doivent \u00eatre justifi\u00e9s par les comit\u00e9s d&rsquo;\u00e9thique et approuv\u00e9s par le minist\u00e8re de la recherche avant d&rsquo;\u00eatre mis en \u0153uvre sur le terrain.<\/p>\n\n<p>Les analyses ph\u00e9notypiques consistent \u00e0 effectuer un bilan de sant\u00e9 complet des souris, comme on le ferait pour une personne \u00e0 l&rsquo;h\u00f4pital, en prenant particuli\u00e8rement en compte la gestion du stress et de la douleur. Les tests sanguins ou les ultrasons, par exemple, sont effectu\u00e9s sous anesth\u00e9sie pour minimiser le stress induit par ces actes.<\/p>\n\n<p>Dans l&rsquo;\u00e9tat actuel des connaissances, la complexit\u00e9 des organismes mammif\u00e8res rend cruciale l&rsquo;utilisation de l&rsquo;animal dans la recherche.<\/p>\n\n<p>De par sa similitude avec la biologie humaine et la facilit\u00e9 de modification de son g\u00e9nome, la souris de laboratoire est sans doute l&rsquo;organisme mod\u00e8le pr\u00e9f\u00e9r\u00e9 pour l&rsquo;\u00e9tude des maladies g\u00e9n\u00e9tiques humaines. La caract\u00e9risation du g\u00e9nome de la souris r\u00e9v\u00e8le de nouvelles fonctions g\u00e9niques et leur r\u00f4le dans les maladies humaines. L&rsquo;<a href=\"http:\/\/www.mousephenotype.org\" target=\"_blank\" rel=\"noreferrer noopener\">International Mouse Phenotyping Consortium (IMPC<\/a>) vise \u00e0 produire un catalogue complet des fonctions des g\u00e8nes des mammif\u00e8res. Les premiers r\u00e9sultats d&rsquo;un catalogue g\u00e9n\u00e9tique fonctionnel de la souris de laboratoire ont \u00e9t\u00e9 partag\u00e9s avec la communaut\u00e9 de la recherche biom\u00e9dicale, sur la base d&rsquo;une analyse des 3 328 premiers g\u00e8nes (15% du g\u00e9nome de la souris codant pour les prot\u00e9ines) et r\u00e9v\u00e9lant de nouvelles perspectives sur une s\u00e9rie de maladies rares et la possibilit\u00e9 d&rsquo;acc\u00e9l\u00e9rer le d\u00e9veloppement de nouveaux traitements et d&rsquo;une m\u00e9decine de pr\u00e9cision (<a href=\"http:\/\/www.phenomin.fr\/fr-fr\/infrastructure\/contexte\/\" target=\"_blank\" rel=\"noopener\">publi\u00e9 dans Nature Genetics, juin 2017<\/a>).<\/p>\n\n<p>Cependant, les \u00e9tudes de recherche fondamentale, comme le ph\u00e9notypage, enrichissent les connaissances qui permettront, dans un avenir proche, de d\u00e9velopper des mod\u00e8les <em>in vitro<\/em> ou m\u00eame <em>in silico<\/em> plus fiables et de r\u00e9duire ainsi l&rsquo;utilisation de l&rsquo;exp\u00e9rimentation animale sans affecter la qualit\u00e9 du travail des scientifiques.<\/p>\n\n<p>PHENOMIN soutient la <a href=\"http:\/\/www.basel-declaration.org\/basel-declaration\/\" target=\"_blank\" rel=\"noreferrer noopener\"><strong>D\u00e9claration de B\u00e2le<\/strong><\/a>, un appel \u00e0 plus de confiance, de transparence et de communication sur la recherche animale adopt\u00e9 le 29 novembre 2010 \u00e0 l&rsquo;occasion de la premi\u00e8re conf\u00e9rence de B\u00e2le \u00ab\u00a0La recherche \u00e0 la crois\u00e9e des chemins\u00a0\u00bb organis\u00e9e par la Soci\u00e9t\u00e9 de la D\u00e9claration de B\u00e2le (BDS). L&rsquo;objectif de la \u00ab\u00a0Soci\u00e9t\u00e9 de la D\u00e9claration de B\u00e2le\u00a0\u00bb est de sensibiliser davantage le public \u00e0 l&rsquo;importance des mod\u00e8les animaux dans la recherche biom\u00e9dicale exp\u00e9rimentale, de favoriser la communication entre les chercheurs et le public et d&rsquo;am\u00e9liorer l&rsquo;acceptation de la D\u00e9claration de B\u00e2le. Tout comme la <a href=\"https:\/\/www.wma.net\/fr\/ce-que-nous-faisons\/ethique\/declaration-dhelsinki\/\" target=\"_blank\" rel=\"noreferrer noopener\"><strong>D\u00e9claration d&rsquo;Helsinki<\/strong><\/a>, qui a modifi\u00e9 \u00e0 jamais le paysage \u00e9thique de la recherche clinique humaine, l&rsquo;objectif de la \u00ab\u00a0Soci\u00e9t\u00e9 de la D\u00e9claration de B\u00e2le\u00a0\u00bb est de rassembler la communaut\u00e9 scientifique afin de faire progresser la mise en \u0153uvre de principes \u00e9thiques tels que les 3R chaque fois que des animaux sont utilis\u00e9s en Recherche.<\/p>\n\n<p>En plus des principes \u00e9thiques, PHENOMIN a \u00e9galement \u00e9tabli une <a href=\"http:\/\/www.phenomin.fr\/fr-fr\/ethique-bien-etre-animal\/bonnes-pratiques\/\" target=\"_blank\" rel=\"noopener\">liste de bonnes pratiques pour \u00e9valuer le bien-\u00eatre animal <\/a>de chacun de nos rongeurs de laboratoire, ce qui est crucial en cas de ph\u00e9notype dommageable.<\/p>\n\n<p>En raison du manque d&rsquo;information, le public comprend parfois mal les raisons et les conditions dans lesquelles l&rsquo;exp\u00e9rimentation animale est pratiqu\u00e9e. Il en r\u00e9sulte parfois des malentendus et des id\u00e9es fausses. Le <a href=\"https:\/\/www.recherche-animale.org\/en\/about-us\" target=\"_blank\" rel=\"noreferrer noopener\"><strong>Gircor<\/strong><\/a>, groupe interprofessionnel de r\u00e9flexion et de communication sur la recherche r\u00e9unissant les institutions de recherche biologique ou m\u00e9dicale en France, r\u00e9pond au besoin d&rsquo;une information claire et transparente.<\/p>\n\n<p>Enfin, en s&rsquo;informant sur les recherches en cours, le Gircor d\u00e9crit et explique les conditions dans lesquelles la recherche sur les animaux est pratiqu\u00e9e. \u00c0 la disposition du public, le Gircor r\u00e9pond aux questions de tous : <a href=\"https:\/\/www.recherche-animale.org\/qui-sommes-nous\" target=\"_blank\" rel=\"noreferrer noopener\">https:\/\/www.recherche-animale.org\/qui-sommes-nous<\/a><\/p>\n\t\t\t\t\t\t\t\t<\/div>\n\t\t\t\t<\/div>\n\t\t\t\t\t<\/div>\n\t\t<\/div>\n\t\t\t\t\t<\/div>\n\t\t<\/section>\n\t\t\t\t<\/div>\n\t\t","protected":false},"excerpt":{"rendered":"<p>Les activit\u00e9s du TAAM sont conduites avec des souris et des rats et chaque jour, nous respectons, en tant qu\u2019\u00eatre sensibles, les animaux avec lesquels nous travaillons en leur prodiguant les bons soins n\u00e9cessaires. Le TAAM est impliqu\u00e9 dans l\u2019\u00e9thique et le bien-\u00eatre animal. \u00ab\u00a0Good animal care and good science go hand in hand\u00a0\u00bb. (National&hellip; <br \/> <a class=\"read-more\" href=\"https:\/\/www.taam.cnrs.fr\/index.php\/utilisation-des-modeles-animaux\/\">Read more<\/a><\/p>\n","protected":false},"author":1,"featured_media":0,"parent":0,"menu_order":0,"comment_status":"closed","ping_status":"closed","template":"","meta":{"footnotes":""},"class_list":["post-155","page","type-page","status-publish","hentry"],"yoast_head":"<!-- This site is optimized with the Yoast SEO plugin v26.4 - https:\/\/yoast.com\/wordpress\/plugins\/seo\/ -->\n<title>Utilisation des mod\u00e8les animaux - TAAM - CNRS Orl\u00e9ans<\/title>\n<meta name=\"robots\" content=\"index, follow, max-snippet:-1, max-image-preview:large, max-video-preview:-1\" \/>\n<link rel=\"canonical\" href=\"https:\/\/www.taam.cnrs.fr\/index.php\/utilisation-des-modeles-animaux\/\" \/>\n<meta property=\"og:locale\" content=\"fr_FR\" \/>\n<meta property=\"og:type\" content=\"article\" \/>\n<meta property=\"og:title\" content=\"Utilisation des mod\u00e8les animaux - TAAM - CNRS Orl\u00e9ans\" \/>\n<meta property=\"og:description\" content=\"Les activit\u00e9s du TAAM sont conduites avec des souris et des rats et chaque jour, nous respectons, en tant qu\u2019\u00eatre sensibles, les animaux avec lesquels nous travaillons en leur prodiguant les bons soins n\u00e9cessaires. Le TAAM est impliqu\u00e9 dans l\u2019\u00e9thique et le bien-\u00eatre animal. \u00ab\u00a0Good animal care and good science go hand in hand\u00a0\u00bb. (National&hellip; Read more\" \/>\n<meta property=\"og:url\" content=\"https:\/\/www.taam.cnrs.fr\/index.php\/utilisation-des-modeles-animaux\/\" \/>\n<meta property=\"og:site_name\" content=\"TAAM - CNRS Orl\u00e9ans\" \/>\n<meta property=\"article:modified_time\" content=\"2021-12-07T12:48:24+00:00\" \/>\n<meta name=\"twitter:card\" content=\"summary_large_image\" \/>\n<meta name=\"twitter:label1\" content=\"Dur\u00e9e de lecture estim\u00e9e\" \/>\n\t<meta name=\"twitter:data1\" content=\"4 minutes\" \/>\n<script type=\"application\/ld+json\" class=\"yoast-schema-graph\">{\"@context\":\"https:\/\/schema.org\",\"@graph\":[{\"@type\":\"WebPage\",\"@id\":\"https:\/\/www.taam.cnrs.fr\/index.php\/utilisation-des-modeles-animaux\/\",\"url\":\"https:\/\/www.taam.cnrs.fr\/index.php\/utilisation-des-modeles-animaux\/\",\"name\":\"Utilisation des mod\u00e8les animaux - TAAM - CNRS Orl\u00e9ans\",\"isPartOf\":{\"@id\":\"https:\/\/www.taam.cnrs.fr\/#website\"},\"datePublished\":\"2020-07-02T14:52:01+00:00\",\"dateModified\":\"2021-12-07T12:48:24+00:00\",\"breadcrumb\":{\"@id\":\"https:\/\/www.taam.cnrs.fr\/index.php\/utilisation-des-modeles-animaux\/#breadcrumb\"},\"inLanguage\":\"fr-FR\",\"potentialAction\":[{\"@type\":\"ReadAction\",\"target\":[\"https:\/\/www.taam.cnrs.fr\/index.php\/utilisation-des-modeles-animaux\/\"]}]},{\"@type\":\"BreadcrumbList\",\"@id\":\"https:\/\/www.taam.cnrs.fr\/index.php\/utilisation-des-modeles-animaux\/#breadcrumb\",\"itemListElement\":[{\"@type\":\"ListItem\",\"position\":1,\"name\":\"Accueil\",\"item\":\"https:\/\/www.taam.cnrs.fr\/\"},{\"@type\":\"ListItem\",\"position\":2,\"name\":\"Utilisation des mod\u00e8les animaux\"}]},{\"@type\":\"WebSite\",\"@id\":\"https:\/\/www.taam.cnrs.fr\/#website\",\"url\":\"https:\/\/www.taam.cnrs.fr\/\",\"name\":\"TAAM - CNRS Orl\u00e9ans\",\"description\":\"Typage et Archivage d&#039;Animaux Mod\u00e8les - UAR 44\",\"publisher\":{\"@id\":\"https:\/\/www.taam.cnrs.fr\/#organization\"},\"potentialAction\":[{\"@type\":\"SearchAction\",\"target\":{\"@type\":\"EntryPoint\",\"urlTemplate\":\"https:\/\/www.taam.cnrs.fr\/?s={search_term_string}\"},\"query-input\":{\"@type\":\"PropertyValueSpecification\",\"valueRequired\":true,\"valueName\":\"search_term_string\"}}],\"inLanguage\":\"fr-FR\"},{\"@type\":\"Organization\",\"@id\":\"https:\/\/www.taam.cnrs.fr\/#organization\",\"name\":\"TAAM - CNRS Orl\u00e9ans\",\"url\":\"https:\/\/www.taam.cnrs.fr\/\",\"logo\":{\"@type\":\"ImageObject\",\"inLanguage\":\"fr-FR\",\"@id\":\"https:\/\/www.taam.cnrs.fr\/#\/schema\/logo\/image\/\",\"url\":\"https:\/\/www.taam.cnrs.fr\/wp-content\/uploads\/2025\/01\/cropped-LOGO_CNRS_BLEU.png\",\"contentUrl\":\"https:\/\/www.taam.cnrs.fr\/wp-content\/uploads\/2025\/01\/cropped-LOGO_CNRS_BLEU.png\",\"width\":875,\"height\":863,\"caption\":\"TAAM - CNRS Orl\u00e9ans\"},\"image\":{\"@id\":\"https:\/\/www.taam.cnrs.fr\/#\/schema\/logo\/image\/\"}}]}<\/script>\n<!-- \/ Yoast SEO plugin. -->","yoast_head_json":{"title":"Utilisation des mod\u00e8les animaux - TAAM - CNRS Orl\u00e9ans","robots":{"index":"index","follow":"follow","max-snippet":"max-snippet:-1","max-image-preview":"max-image-preview:large","max-video-preview":"max-video-preview:-1"},"canonical":"https:\/\/www.taam.cnrs.fr\/index.php\/utilisation-des-modeles-animaux\/","og_locale":"fr_FR","og_type":"article","og_title":"Utilisation des mod\u00e8les animaux - TAAM - CNRS Orl\u00e9ans","og_description":"Les activit\u00e9s du TAAM sont conduites avec des souris et des rats et chaque jour, nous respectons, en tant qu\u2019\u00eatre sensibles, les animaux avec lesquels nous travaillons en leur prodiguant les bons soins n\u00e9cessaires. Le TAAM est impliqu\u00e9 dans l\u2019\u00e9thique et le bien-\u00eatre animal. \u00ab\u00a0Good animal care and good science go hand in hand\u00a0\u00bb. (National&hellip; Read more","og_url":"https:\/\/www.taam.cnrs.fr\/index.php\/utilisation-des-modeles-animaux\/","og_site_name":"TAAM - CNRS Orl\u00e9ans","article_modified_time":"2021-12-07T12:48:24+00:00","twitter_card":"summary_large_image","twitter_misc":{"Dur\u00e9e de lecture estim\u00e9e":"4 minutes"},"schema":{"@context":"https:\/\/schema.org","@graph":[{"@type":"WebPage","@id":"https:\/\/www.taam.cnrs.fr\/index.php\/utilisation-des-modeles-animaux\/","url":"https:\/\/www.taam.cnrs.fr\/index.php\/utilisation-des-modeles-animaux\/","name":"Utilisation des mod\u00e8les animaux - TAAM - CNRS Orl\u00e9ans","isPartOf":{"@id":"https:\/\/www.taam.cnrs.fr\/#website"},"datePublished":"2020-07-02T14:52:01+00:00","dateModified":"2021-12-07T12:48:24+00:00","breadcrumb":{"@id":"https:\/\/www.taam.cnrs.fr\/index.php\/utilisation-des-modeles-animaux\/#breadcrumb"},"inLanguage":"fr-FR","potentialAction":[{"@type":"ReadAction","target":["https:\/\/www.taam.cnrs.fr\/index.php\/utilisation-des-modeles-animaux\/"]}]},{"@type":"BreadcrumbList","@id":"https:\/\/www.taam.cnrs.fr\/index.php\/utilisation-des-modeles-animaux\/#breadcrumb","itemListElement":[{"@type":"ListItem","position":1,"name":"Accueil","item":"https:\/\/www.taam.cnrs.fr\/"},{"@type":"ListItem","position":2,"name":"Utilisation des mod\u00e8les animaux"}]},{"@type":"WebSite","@id":"https:\/\/www.taam.cnrs.fr\/#website","url":"https:\/\/www.taam.cnrs.fr\/","name":"TAAM - CNRS Orl\u00e9ans","description":"Typage et Archivage d&#039;Animaux Mod\u00e8les - UAR 44","publisher":{"@id":"https:\/\/www.taam.cnrs.fr\/#organization"},"potentialAction":[{"@type":"SearchAction","target":{"@type":"EntryPoint","urlTemplate":"https:\/\/www.taam.cnrs.fr\/?s={search_term_string}"},"query-input":{"@type":"PropertyValueSpecification","valueRequired":true,"valueName":"search_term_string"}}],"inLanguage":"fr-FR"},{"@type":"Organization","@id":"https:\/\/www.taam.cnrs.fr\/#organization","name":"TAAM - CNRS Orl\u00e9ans","url":"https:\/\/www.taam.cnrs.fr\/","logo":{"@type":"ImageObject","inLanguage":"fr-FR","@id":"https:\/\/www.taam.cnrs.fr\/#\/schema\/logo\/image\/","url":"https:\/\/www.taam.cnrs.fr\/wp-content\/uploads\/2025\/01\/cropped-LOGO_CNRS_BLEU.png","contentUrl":"https:\/\/www.taam.cnrs.fr\/wp-content\/uploads\/2025\/01\/cropped-LOGO_CNRS_BLEU.png","width":875,"height":863,"caption":"TAAM - CNRS Orl\u00e9ans"},"image":{"@id":"https:\/\/www.taam.cnrs.fr\/#\/schema\/logo\/image\/"}}]}},"_links":{"self":[{"href":"https:\/\/www.taam.cnrs.fr\/index.php\/wp-json\/wp\/v2\/pages\/155","targetHints":{"allow":["GET"]}}],"collection":[{"href":"https:\/\/www.taam.cnrs.fr\/index.php\/wp-json\/wp\/v2\/pages"}],"about":[{"href":"https:\/\/www.taam.cnrs.fr\/index.php\/wp-json\/wp\/v2\/types\/page"}],"author":[{"embeddable":true,"href":"https:\/\/www.taam.cnrs.fr\/index.php\/wp-json\/wp\/v2\/users\/1"}],"replies":[{"embeddable":true,"href":"https:\/\/www.taam.cnrs.fr\/index.php\/wp-json\/wp\/v2\/comments?post=155"}],"version-history":[{"count":16,"href":"https:\/\/www.taam.cnrs.fr\/index.php\/wp-json\/wp\/v2\/pages\/155\/revisions"}],"predecessor-version":[{"id":4003,"href":"https:\/\/www.taam.cnrs.fr\/index.php\/wp-json\/wp\/v2\/pages\/155\/revisions\/4003"}],"wp:attachment":[{"href":"https:\/\/www.taam.cnrs.fr\/index.php\/wp-json\/wp\/v2\/media?parent=155"}],"curies":[{"name":"wp","href":"https:\/\/api.w.org\/{rel}","templated":true}]}}