{"id":159,"date":"2020-07-02T16:52:28","date_gmt":"2020-07-02T14:52:28","guid":{"rendered":"https:\/\/www.taam.cnrs.fr\/?page_id=159"},"modified":"2021-09-20T17:18:05","modified_gmt":"2021-09-20T15:18:05","slug":"bonne-pratiques","status":"publish","type":"page","link":"https:\/\/www.taam.cnrs.fr\/index.php\/bonne-pratiques\/","title":{"rendered":"Bonnes pratiques"},"content":{"rendered":"\t\t<div data-elementor-type=\"wp-page\" data-elementor-id=\"159\" class=\"elementor elementor-159\">\n\t\t\t\t\t\t<section class=\"elementor-section elementor-top-section elementor-element elementor-element-87d0ac8 elementor-section-boxed elementor-section-height-default elementor-section-height-default\" data-id=\"87d0ac8\" data-element_type=\"section\">\n\t\t\t\t\t\t<div class=\"elementor-container elementor-column-gap-default\">\n\t\t\t\t\t<div class=\"elementor-column elementor-col-100 elementor-top-column elementor-element elementor-element-4dc18f49\" data-id=\"4dc18f49\" data-element_type=\"column\">\n\t\t\t<div class=\"elementor-widget-wrap elementor-element-populated\">\n\t\t\t\t\t\t<div class=\"elementor-element elementor-element-4a8b1dec elementor-widget elementor-widget-text-editor\" data-id=\"4a8b1dec\" data-element_type=\"widget\" data-widget_type=\"text-editor.default\">\n\t\t\t\t<div class=\"elementor-widget-container\">\n\t\t\t\t\t\t\t\t\t\n<p>Pour effectuer les proc\u00e9dures quotidiennes, du changement de cage aux interventions chirurgicales, les \u00e9quipes de PHENOMIN suivent les bonnes pratiques. Notre personnel permanent suit une formation continue pour conserver des comp\u00e9tences de haut niveau, les nouveaux arrivants sont form\u00e9s \u00e0 l&rsquo;aide d&rsquo;un syst\u00e8me de tutorat. Nous utilisons \u00e9galement diff\u00e9rents outils disponibles sur le web :<\/p>\n\n<ul class=\"wp-block-list\">\n<li><a href=\"http:\/\/www.procedureswithcare.org.uk\/administration-of-substances\/\" target=\"_blank\" rel=\"noreferrer noopener\">http:\/\/www.procedureswithcare.org.uk\/administration-of-substances\/<\/a><\/li>\n<li><a href=\"http:\/\/research.utsa.edu\/research-funding\/laboratory-animal-resources-center\/training\/\" target=\"_blank\" rel=\"noreferrer noopener\">http:\/\/research.utsa.edu\/research-funding\/laboratory-animal-resources-center\/training\/<\/a><\/li>\n<li><a href=\"https:\/\/norecopa.no\/films-and-slide-shows\/mouse\" target=\"_blank\" rel=\"noreferrer noopener\">https:\/\/norecopa.no\/films-and-slide-shows\/mouse<\/a><\/li>\n<li><a href=\"https:\/\/www.nc3rs.org.uk\/mouse-handling-tutorial\" target=\"_blank\" rel=\"noreferrer noopener\">https:\/\/www.nc3rs.org.uk\/mouse-handling-tutorial<\/a><\/li>\n<\/ul>\n\n<p><strong>Ph\u00e9notypes dommageables et \u00e9valuation du bien-\u00eatre<\/strong><\/p>\n\n<p>PHENOMIN cr\u00e9e des lign\u00e9es de souris et de rats g\u00e9n\u00e9tiquement modifi\u00e9s dans ses plateformes. Dans ce contexte, nous avons d\u00e9velopp\u00e9 des outils standardis\u00e9s pour \u00e9valuer les ph\u00e9notypes des lign\u00e9es nouvellement cr\u00e9\u00e9es dans nos conditions d&rsquo;h\u00e9bergement. Nos animaux voyagent avec leurs informations d&rsquo;\u00e9valuation du bien-\u00eatre lorsqu&rsquo;ils sont transf\u00e9r\u00e9s dans un autre \u00e9tablissement PHENOMIN ou lorsqu&rsquo;ils sont distribu\u00e9s dans le monde entier.<\/p>\n\n<p>Les outils utilis\u00e9s par les \u00e9quipes PHENOMIN ont \u00e9t\u00e9 con\u00e7us en suivant les <a href=\"http:\/\/ec.europa.eu\/environment\/chemicals\/lab_animals\/pubs_guidance_en.htm\" target=\"_blank\" rel=\"noreferrer noopener\">recommandations \u00e9dit\u00e9es par le Groupe de travail d&rsquo;experts europ\u00e9ens sur l&rsquo;\u00e9valuation de la gravit\u00e9<\/a>.<\/p>\n\n<p>L&rsquo;\u00e9valuation du bien-\u00eatre est effectu\u00e9e \u00e0 diff\u00e9rents \u00e2ges, en particulier aux stades pr\u00e9coces pour \u00e9valuer toute mortalit\u00e9 n\u00e9onatale (<a href=\"https:\/\/www.nc3rs.org.uk\/it-starts-very-beginning-importance-neonate-assessment\" target=\"_blank\" rel=\"noreferrer noopener\">https:\/\/www.nc3rs.org.uk\/it-starts-very-beginning-importance-neonate-assessment<\/a>, et pendant le vieillissement, car l&rsquo;\u00e2ge a un impact \u00e9norme sur les \u00e9tudes animales (<a href=\"https:\/\/www.nc3rs.org.uk\/impact-rodent-age-study-outcome\" target=\"_blank\" rel=\"noreferrer noopener\">https:\/\/www.nc3rs.org.uk\/impact-rodent-age-study-outcome<\/a>).<\/p>\n\n<p><strong>Evaluation de la douleur<\/strong><\/p>\n\n<p>Afin de respecter le bien-\u00eatre des animaux et de pr\u00e9venir toute douleur et souffrance inutile, les \u00e9quipes PHENOMIN utilisent des syst\u00e8mes de notation pour suivre les <a href=\"https:\/\/www.humane-endpoints.info\/fr\" target=\"_blank\" rel=\"noreferrer noopener\">points limites \u00e9thiques<\/a>.<\/p>\n\n<p>Par exemple, PHENOMIN et son comit\u00e9 d&rsquo;\u00e9thique ont d\u00e9velopp\u00e9 une feuille de pointage de la douleur bas\u00e9e sur diff\u00e9rents crit\u00e8res tels que l&rsquo;apparence et le comportement (\u00e9valuation du score corporel : <a href=\"https:\/\/www.researchgate.net\/publication\/229438758\" target=\"_blank\" rel=\"noreferrer noopener\">https:\/\/www.researchgate.net\/publication\/229438758<\/a>).<\/p>\n\n<p><a href=\"http:\/\/www.nc3rs.org.uk\/grimacescales\" target=\"_blank\" rel=\"noreferrer noopener\">L&rsquo;\u00e9chelle Mouse Grimace Scale<\/a> est \u00e9galement largement r\u00e9pandue dans nos installations afin de v\u00e9rifier rapidement la sant\u00e9 des animaux.<\/p>\n\n<p><strong>Formation continue, e-learning, formations sp\u00e9cifiques<\/strong><\/p>\n\n<p>PHENOMIN propose <a href=\"http:\/\/www.phenomin.fr\/services\/training-courses\/\" target=\"_blank\" rel=\"noopener\">diff\u00e9rentes formations sp\u00e9cifiques<\/a> pour aider les \u00e9quipes de recherche \u00e0 acqu\u00e9rir de nouvelles comp\u00e9tences : \u00e9levage, imagerie, ph\u00e9notypage&#8230;. comme cela se fait r\u00e9guli\u00e8rement sur les sites PHENOMIN.<\/p>\n\n<p><strong>Liens utiles<\/strong><\/p>\n\n<ul class=\"wp-block-list\">\n<li><a href=\"http:\/\/www.ccac.ca\/\" target=\"_blank\" rel=\"noopener\">Canadian Council on Animal Care<\/a><\/li>\n<li><a href=\"http:\/\/www.recherche-animale.org\/\" target=\"_blank\" rel=\"noopener\">Recherche animale (ex-GIRCOR)<\/a>\u00a0and\u00a0<a href=\"http:\/\/us4.campaign-archive2.com\/?u=078873b339223aa97581ba835&amp;id=329ef717d4&amp;e=772c5a42b8\">i<\/a><a href=\"http:\/\/us4.campaign-archive2.com\/?u=078873b339223aa97581ba835&amp;id=329ef717d4&amp;e=772c5a42b8\" target=\"_blank\" rel=\"noopener\">ts news letter<\/a><\/li>\n<li><a href=\"http:\/\/register.consilium.europa.eu\/pdf\/en\/10\/st06\/st06106.en10.pdf\" target=\"_blank\" rel=\"noopener\">European Directive on the Protection of Animals used on Scientific Purpose<\/a><\/li>\n<li><a href=\"http:\/\/www.fbresearch.org\/\" target=\"_blank\" rel=\"noopener\">Foundation for Biomedical Research<\/a><\/li>\n<li><a href=\"http:\/\/www.basel-declaration.org\/basel-declaration\/download-the-declaration\/\" target=\"_blank\" rel=\"noopener\">Basel declaration<\/a><\/li>\n<li><a href=\"https:\/\/www.nc3rs.org.uk\/\" target=\"_blank\" rel=\"noopener\">NC3R<\/a><\/li>\n<li><a href=\"http:\/\/www.understandinganimalresearch.org.uk\/\" target=\"_blank\" rel=\"noopener\">http:\/\/www.understandinganimalresearch.org.uk\/<\/a><\/li>\n<li><a href=\"http:\/\/www.crackit.org.uk\" target=\"_blank\" rel=\"noopener\">http:\/\/www.crackit.org.uk<\/a><\/li>\n<\/ul>\n\t\t\t\t\t\t\t\t<\/div>\n\t\t\t\t<\/div>\n\t\t\t\t\t<\/div>\n\t\t<\/div>\n\t\t\t\t\t<\/div>\n\t\t<\/section>\n\t\t\t\t<\/div>\n\t\t","protected":false},"excerpt":{"rendered":"<p>Pour effectuer les proc\u00e9dures quotidiennes, du changement de cage aux interventions chirurgicales, les \u00e9quipes de PHENOMIN suivent les bonnes pratiques. Notre personnel permanent suit une formation continue pour conserver des comp\u00e9tences de haut niveau, les nouveaux arrivants sont form\u00e9s \u00e0 l&rsquo;aide d&rsquo;un syst\u00e8me de tutorat. Nous utilisons \u00e9galement diff\u00e9rents outils disponibles sur le web :&hellip; <br \/> <a class=\"read-more\" href=\"https:\/\/www.taam.cnrs.fr\/index.php\/bonne-pratiques\/\">Read more<\/a><\/p>\n","protected":false},"author":1,"featured_media":0,"parent":0,"menu_order":0,"comment_status":"closed","ping_status":"closed","template":"","meta":{"footnotes":""},"class_list":["post-159","page","type-page","status-publish","hentry"],"yoast_head":"<!-- This site is optimized with the Yoast SEO plugin v26.4 - https:\/\/yoast.com\/wordpress\/plugins\/seo\/ -->\n<title>Bonnes pratiques - TAAM - CNRS Orl\u00e9ans<\/title>\n<meta name=\"robots\" content=\"index, follow, max-snippet:-1, max-image-preview:large, max-video-preview:-1\" \/>\n<link rel=\"canonical\" href=\"https:\/\/www.taam.cnrs.fr\/index.php\/bonne-pratiques\/\" \/>\n<meta property=\"og:locale\" content=\"fr_FR\" \/>\n<meta property=\"og:type\" content=\"article\" \/>\n<meta property=\"og:title\" content=\"Bonnes pratiques - TAAM - CNRS Orl\u00e9ans\" \/>\n<meta property=\"og:description\" content=\"Pour effectuer les proc\u00e9dures quotidiennes, du changement de cage aux interventions chirurgicales, les \u00e9quipes de PHENOMIN suivent les bonnes pratiques. Notre personnel permanent suit une formation continue pour conserver des comp\u00e9tences de haut niveau, les nouveaux arrivants sont form\u00e9s \u00e0 l&rsquo;aide d&rsquo;un syst\u00e8me de tutorat. Nous utilisons \u00e9galement diff\u00e9rents outils disponibles sur le web :&hellip; Read more\" \/>\n<meta property=\"og:url\" content=\"https:\/\/www.taam.cnrs.fr\/index.php\/bonne-pratiques\/\" \/>\n<meta property=\"og:site_name\" content=\"TAAM - CNRS Orl\u00e9ans\" \/>\n<meta property=\"article:modified_time\" content=\"2021-09-20T15:18:05+00:00\" \/>\n<meta name=\"twitter:card\" content=\"summary_large_image\" \/>\n<meta name=\"twitter:label1\" content=\"Dur\u00e9e de lecture estim\u00e9e\" \/>\n\t<meta name=\"twitter:data1\" content=\"2 minutes\" \/>\n<script type=\"application\/ld+json\" class=\"yoast-schema-graph\">{\"@context\":\"https:\/\/schema.org\",\"@graph\":[{\"@type\":\"WebPage\",\"@id\":\"https:\/\/www.taam.cnrs.fr\/index.php\/bonne-pratiques\/\",\"url\":\"https:\/\/www.taam.cnrs.fr\/index.php\/bonne-pratiques\/\",\"name\":\"Bonnes pratiques - TAAM - CNRS Orl\u00e9ans\",\"isPartOf\":{\"@id\":\"https:\/\/www.taam.cnrs.fr\/#website\"},\"datePublished\":\"2020-07-02T14:52:28+00:00\",\"dateModified\":\"2021-09-20T15:18:05+00:00\",\"breadcrumb\":{\"@id\":\"https:\/\/www.taam.cnrs.fr\/index.php\/bonne-pratiques\/#breadcrumb\"},\"inLanguage\":\"fr-FR\",\"potentialAction\":[{\"@type\":\"ReadAction\",\"target\":[\"https:\/\/www.taam.cnrs.fr\/index.php\/bonne-pratiques\/\"]}]},{\"@type\":\"BreadcrumbList\",\"@id\":\"https:\/\/www.taam.cnrs.fr\/index.php\/bonne-pratiques\/#breadcrumb\",\"itemListElement\":[{\"@type\":\"ListItem\",\"position\":1,\"name\":\"Accueil\",\"item\":\"https:\/\/www.taam.cnrs.fr\/\"},{\"@type\":\"ListItem\",\"position\":2,\"name\":\"Bonnes pratiques\"}]},{\"@type\":\"WebSite\",\"@id\":\"https:\/\/www.taam.cnrs.fr\/#website\",\"url\":\"https:\/\/www.taam.cnrs.fr\/\",\"name\":\"TAAM - CNRS Orl\u00e9ans\",\"description\":\"Typage et Archivage d&#039;Animaux Mod\u00e8les - UAR 44\",\"publisher\":{\"@id\":\"https:\/\/www.taam.cnrs.fr\/#organization\"},\"potentialAction\":[{\"@type\":\"SearchAction\",\"target\":{\"@type\":\"EntryPoint\",\"urlTemplate\":\"https:\/\/www.taam.cnrs.fr\/?s={search_term_string}\"},\"query-input\":{\"@type\":\"PropertyValueSpecification\",\"valueRequired\":true,\"valueName\":\"search_term_string\"}}],\"inLanguage\":\"fr-FR\"},{\"@type\":\"Organization\",\"@id\":\"https:\/\/www.taam.cnrs.fr\/#organization\",\"name\":\"TAAM - CNRS Orl\u00e9ans\",\"url\":\"https:\/\/www.taam.cnrs.fr\/\",\"logo\":{\"@type\":\"ImageObject\",\"inLanguage\":\"fr-FR\",\"@id\":\"https:\/\/www.taam.cnrs.fr\/#\/schema\/logo\/image\/\",\"url\":\"https:\/\/www.taam.cnrs.fr\/wp-content\/uploads\/2025\/01\/cropped-LOGO_CNRS_BLEU.png\",\"contentUrl\":\"https:\/\/www.taam.cnrs.fr\/wp-content\/uploads\/2025\/01\/cropped-LOGO_CNRS_BLEU.png\",\"width\":875,\"height\":863,\"caption\":\"TAAM - CNRS Orl\u00e9ans\"},\"image\":{\"@id\":\"https:\/\/www.taam.cnrs.fr\/#\/schema\/logo\/image\/\"}}]}<\/script>\n<!-- \/ Yoast SEO plugin. -->","yoast_head_json":{"title":"Bonnes pratiques - TAAM - CNRS Orl\u00e9ans","robots":{"index":"index","follow":"follow","max-snippet":"max-snippet:-1","max-image-preview":"max-image-preview:large","max-video-preview":"max-video-preview:-1"},"canonical":"https:\/\/www.taam.cnrs.fr\/index.php\/bonne-pratiques\/","og_locale":"fr_FR","og_type":"article","og_title":"Bonnes pratiques - TAAM - CNRS Orl\u00e9ans","og_description":"Pour effectuer les proc\u00e9dures quotidiennes, du changement de cage aux interventions chirurgicales, les \u00e9quipes de PHENOMIN suivent les bonnes pratiques. Notre personnel permanent suit une formation continue pour conserver des comp\u00e9tences de haut niveau, les nouveaux arrivants sont form\u00e9s \u00e0 l&rsquo;aide d&rsquo;un syst\u00e8me de tutorat. Nous utilisons \u00e9galement diff\u00e9rents outils disponibles sur le web :&hellip; Read more","og_url":"https:\/\/www.taam.cnrs.fr\/index.php\/bonne-pratiques\/","og_site_name":"TAAM - CNRS Orl\u00e9ans","article_modified_time":"2021-09-20T15:18:05+00:00","twitter_card":"summary_large_image","twitter_misc":{"Dur\u00e9e de lecture estim\u00e9e":"2 minutes"},"schema":{"@context":"https:\/\/schema.org","@graph":[{"@type":"WebPage","@id":"https:\/\/www.taam.cnrs.fr\/index.php\/bonne-pratiques\/","url":"https:\/\/www.taam.cnrs.fr\/index.php\/bonne-pratiques\/","name":"Bonnes pratiques - TAAM - CNRS Orl\u00e9ans","isPartOf":{"@id":"https:\/\/www.taam.cnrs.fr\/#website"},"datePublished":"2020-07-02T14:52:28+00:00","dateModified":"2021-09-20T15:18:05+00:00","breadcrumb":{"@id":"https:\/\/www.taam.cnrs.fr\/index.php\/bonne-pratiques\/#breadcrumb"},"inLanguage":"fr-FR","potentialAction":[{"@type":"ReadAction","target":["https:\/\/www.taam.cnrs.fr\/index.php\/bonne-pratiques\/"]}]},{"@type":"BreadcrumbList","@id":"https:\/\/www.taam.cnrs.fr\/index.php\/bonne-pratiques\/#breadcrumb","itemListElement":[{"@type":"ListItem","position":1,"name":"Accueil","item":"https:\/\/www.taam.cnrs.fr\/"},{"@type":"ListItem","position":2,"name":"Bonnes pratiques"}]},{"@type":"WebSite","@id":"https:\/\/www.taam.cnrs.fr\/#website","url":"https:\/\/www.taam.cnrs.fr\/","name":"TAAM - CNRS Orl\u00e9ans","description":"Typage et Archivage d&#039;Animaux Mod\u00e8les - UAR 44","publisher":{"@id":"https:\/\/www.taam.cnrs.fr\/#organization"},"potentialAction":[{"@type":"SearchAction","target":{"@type":"EntryPoint","urlTemplate":"https:\/\/www.taam.cnrs.fr\/?s={search_term_string}"},"query-input":{"@type":"PropertyValueSpecification","valueRequired":true,"valueName":"search_term_string"}}],"inLanguage":"fr-FR"},{"@type":"Organization","@id":"https:\/\/www.taam.cnrs.fr\/#organization","name":"TAAM - CNRS Orl\u00e9ans","url":"https:\/\/www.taam.cnrs.fr\/","logo":{"@type":"ImageObject","inLanguage":"fr-FR","@id":"https:\/\/www.taam.cnrs.fr\/#\/schema\/logo\/image\/","url":"https:\/\/www.taam.cnrs.fr\/wp-content\/uploads\/2025\/01\/cropped-LOGO_CNRS_BLEU.png","contentUrl":"https:\/\/www.taam.cnrs.fr\/wp-content\/uploads\/2025\/01\/cropped-LOGO_CNRS_BLEU.png","width":875,"height":863,"caption":"TAAM - CNRS Orl\u00e9ans"},"image":{"@id":"https:\/\/www.taam.cnrs.fr\/#\/schema\/logo\/image\/"}}]}},"_links":{"self":[{"href":"https:\/\/www.taam.cnrs.fr\/index.php\/wp-json\/wp\/v2\/pages\/159","targetHints":{"allow":["GET"]}}],"collection":[{"href":"https:\/\/www.taam.cnrs.fr\/index.php\/wp-json\/wp\/v2\/pages"}],"about":[{"href":"https:\/\/www.taam.cnrs.fr\/index.php\/wp-json\/wp\/v2\/types\/page"}],"author":[{"embeddable":true,"href":"https:\/\/www.taam.cnrs.fr\/index.php\/wp-json\/wp\/v2\/users\/1"}],"replies":[{"embeddable":true,"href":"https:\/\/www.taam.cnrs.fr\/index.php\/wp-json\/wp\/v2\/comments?post=159"}],"version-history":[{"count":12,"href":"https:\/\/www.taam.cnrs.fr\/index.php\/wp-json\/wp\/v2\/pages\/159\/revisions"}],"predecessor-version":[{"id":3950,"href":"https:\/\/www.taam.cnrs.fr\/index.php\/wp-json\/wp\/v2\/pages\/159\/revisions\/3950"}],"wp:attachment":[{"href":"https:\/\/www.taam.cnrs.fr\/index.php\/wp-json\/wp\/v2\/media?parent=159"}],"curies":[{"name":"wp","href":"https:\/\/api.w.org\/{rel}","templated":true}]}}