{"id":1620,"date":"2021-03-04T16:52:33","date_gmt":"2021-03-04T15:52:33","guid":{"rendered":"https:\/\/www.taam.cnrs.fr\/?page_id=1620"},"modified":"2021-09-17T11:28:01","modified_gmt":"2021-09-17T09:28:01","slug":"gestion-de-colonies-a-facon","status":"publish","type":"page","link":"https:\/\/www.taam.cnrs.fr\/index.php\/gestion-de-colonies-a-facon\/","title":{"rendered":"Gestion de colonies \u00e0 fa\u00e7on"},"content":{"rendered":"\t\t<div data-elementor-type=\"wp-page\" data-elementor-id=\"1620\" class=\"elementor elementor-1620\">\n\t\t\t\t\t\t<section class=\"elementor-section elementor-top-section elementor-element elementor-element-381d64a elementor-section-boxed elementor-section-height-default elementor-section-height-default\" data-id=\"381d64a\" data-element_type=\"section\">\n\t\t\t\t\t\t<div class=\"elementor-container elementor-column-gap-default\">\n\t\t\t\t\t<div class=\"elementor-column elementor-col-100 elementor-top-column elementor-element elementor-element-e672663\" data-id=\"e672663\" data-element_type=\"column\">\n\t\t\t<div class=\"elementor-widget-wrap elementor-element-populated\">\n\t\t\t\t\t\t<div class=\"elementor-element elementor-element-8af5213 elementor-widget elementor-widget-heading\" data-id=\"8af5213\" data-element_type=\"widget\" data-widget_type=\"heading.default\">\n\t\t\t\t<div class=\"elementor-widget-container\">\n\t\t\t\t\t<h2 class=\"elementor-heading-title elementor-size-medium\">Une animalerie certifi\u00e9e au service de la communaut\u00e9 scientifique<\/h2>\t\t\t\t<\/div>\n\t\t\t\t<\/div>\n\t\t\t\t\t<\/div>\n\t\t<\/div>\n\t\t\t\t\t<\/div>\n\t\t<\/section>\n\t\t\t\t<section class=\"elementor-section elementor-top-section elementor-element elementor-element-dac3916 elementor-section-boxed elementor-section-height-default elementor-section-height-default\" data-id=\"dac3916\" data-element_type=\"section\">\n\t\t\t\t\t\t<div class=\"elementor-container elementor-column-gap-default\">\n\t\t\t\t\t<div class=\"elementor-column elementor-col-100 elementor-top-column elementor-element elementor-element-1f23b2f\" data-id=\"1f23b2f\" data-element_type=\"column\">\n\t\t\t<div class=\"elementor-widget-wrap elementor-element-populated\">\n\t\t\t\t\t\t<div class=\"elementor-element elementor-element-5bb3485 elementor-widget elementor-widget-spacer\" data-id=\"5bb3485\" data-element_type=\"widget\" data-widget_type=\"spacer.default\">\n\t\t\t\t<div class=\"elementor-widget-container\">\n\t\t\t\t\t\t\t<div class=\"elementor-spacer\">\n\t\t\t<div class=\"elementor-spacer-inner\"><\/div>\n\t\t<\/div>\n\t\t\t\t\t\t<\/div>\n\t\t\t\t<\/div>\n\t\t\t\t<div class=\"elementor-element elementor-element-e974174 elementor-widget elementor-widget-text-editor\" data-id=\"e974174\" data-element_type=\"widget\" data-widget_type=\"text-editor.default\">\n\t\t\t\t<div class=\"elementor-widget-container\">\n\t\t\t\t\t\t\t\t\t<p>Depuis plus de 60 ans, les installations et l\u2019expertise technique reconnue du TAAM, associ\u00e9e \u00e0 la richesse de son catalogue de lign\u00e9es en font un acteur de premier plan dans le domaine.<\/p><p>Notre p\u00f4le &#8211; Gestion de colonie \u00e0 fa\u00e7on &#8211; \u00e9volue sans cesse pour s\u2019adapter aux exigences de la recherche (renouvellement des \u00e9quipements et installations, augmentation des capacit\u00e9s d\u2019accueil, adaptations aux besoins sp\u00e9cifiques, \u2026).<\/p><p>Les zootechnicien(ne)s du TAAM mettent leurs comp\u00e9tences \u00e0 votre service et vous propose une large gamme de prestations : g\u00e9n\u00e9ration de cohortes, accouplements contr\u00f4l\u00e9s, r\u00e9gimes personnalis\u00e9s, exp\u00e9rimentation, &#8230;<\/p><p>Notre processus d\u2019analyse microbiologique et g\u00e9n\u00e9tique assure une surveillance continue, fiable et standardis\u00e9e des mod\u00e8les g\u00e9n\u00e9tiquement modifi\u00e9s de souris ou de rats.<\/p><p>Afin de veiller au strict respect de vos besoins et de vos exigences, un responsable de projet d\u00e9di\u00e9 est \u00e0 vos c\u00f4t\u00e9s du d\u00e9but \u00e0 la fin du projet pour d\u00e9finir avec vous la meilleure strat\u00e9gie d\u2019\u00e9levage pour vos lign\u00e9es.<\/p><p>Le TAAM propose trois types d\u2019h\u00e9bergement de mod\u00e8les murins aux statuts sanitaires vari\u00e9s.<\/p>\t\t\t\t\t\t\t\t<\/div>\n\t\t\t\t<\/div>\n\t\t\t\t\t<\/div>\n\t\t<\/div>\n\t\t\t\t\t<\/div>\n\t\t<\/section>\n\t\t\t\t<section class=\"elementor-section elementor-top-section elementor-element elementor-element-22bc212 elementor-section-boxed elementor-section-height-default elementor-section-height-default\" data-id=\"22bc212\" data-element_type=\"section\">\n\t\t\t\t\t\t<div class=\"elementor-container elementor-column-gap-default\">\n\t\t\t\t\t<div class=\"elementor-column elementor-col-100 elementor-top-column elementor-element elementor-element-411fced\" data-id=\"411fced\" data-element_type=\"column\">\n\t\t\t<div class=\"elementor-widget-wrap elementor-element-populated\">\n\t\t\t\t\t\t<div class=\"elementor-element elementor-element-8f6a39a elementor-widget elementor-widget-spacer\" data-id=\"8f6a39a\" data-element_type=\"widget\" data-widget_type=\"spacer.default\">\n\t\t\t\t<div class=\"elementor-widget-container\">\n\t\t\t\t\t\t\t<div class=\"elementor-spacer\">\n\t\t\t<div class=\"elementor-spacer-inner\"><\/div>\n\t\t<\/div>\n\t\t\t\t\t\t<\/div>\n\t\t\t\t<\/div>\n\t\t\t\t\t<\/div>\n\t\t<\/div>\n\t\t\t\t\t<\/div>\n\t\t<\/section>\n\t\t\t\t<section class=\"elementor-section elementor-top-section elementor-element elementor-element-b4c1ff6 elementor-section-boxed elementor-section-height-default elementor-section-height-default\" data-id=\"b4c1ff6\" data-element_type=\"section\">\n\t\t\t\t\t\t<div class=\"elementor-container elementor-column-gap-default\">\n\t\t\t\t\t<div class=\"elementor-column elementor-col-33 elementor-top-column elementor-element elementor-element-bf05f89\" data-id=\"bf05f89\" data-element_type=\"column\">\n\t\t\t<div class=\"elementor-widget-wrap elementor-element-populated\">\n\t\t\t\t\t\t<div class=\"elementor-element elementor-element-7e22a29 elementor-widget elementor-widget-image\" data-id=\"7e22a29\" data-element_type=\"widget\" data-widget_type=\"image.default\">\n\t\t\t\t<div class=\"elementor-widget-container\">\n\t\t\t\t\t\t\t\t\t\t\t\t\t\t\t<img decoding=\"async\" src=\"https:\/\/www.taam.cnrs.fr\/wp-content\/uploads\/elementor\/thumbs\/P1020923-new-scaled-pd75faruap54d98c43dalpdftv04cikw4jf9si73u4.jpg\" title=\"P1020923-new\" alt=\"P1020923-new\" loading=\"lazy\" \/>\t\t\t\t\t\t\t\t\t\t\t\t\t\t\t<\/div>\n\t\t\t\t<\/div>\n\t\t\t\t\t<\/div>\n\t\t<\/div>\n\t\t\t\t<div class=\"elementor-column elementor-col-33 elementor-top-column elementor-element elementor-element-5d0e531\" data-id=\"5d0e531\" data-element_type=\"column\">\n\t\t\t<div class=\"elementor-widget-wrap elementor-element-populated\">\n\t\t\t\t\t\t<div class=\"elementor-element elementor-element-3fae8e6 elementor-widget elementor-widget-image\" data-id=\"3fae8e6\" data-element_type=\"widget\" data-widget_type=\"image.default\">\n\t\t\t\t<div class=\"elementor-widget-container\">\n\t\t\t\t\t\t\t\t\t\t\t\t\t\t\t<img decoding=\"async\" src=\"https:\/\/www.taam.cnrs.fr\/wp-content\/uploads\/elementor\/thumbs\/DSC_0266-scaled-pd8p8d19wrebkqyeliskzq3ck8l6isf50h6mtnc8j0.jpg\" title=\"DSC_0266\" alt=\"DSC_0266\" loading=\"lazy\" \/>\t\t\t\t\t\t\t\t\t\t\t\t\t\t\t<\/div>\n\t\t\t\t<\/div>\n\t\t\t\t\t<\/div>\n\t\t<\/div>\n\t\t\t\t<div class=\"elementor-column elementor-col-33 elementor-top-column elementor-element elementor-element-4ba9829\" data-id=\"4ba9829\" data-element_type=\"column\">\n\t\t\t<div class=\"elementor-widget-wrap elementor-element-populated\">\n\t\t\t\t\t\t<div class=\"elementor-element elementor-element-07e84c7 elementor-widget elementor-widget-image\" data-id=\"07e84c7\" data-element_type=\"widget\" data-widget_type=\"image.default\">\n\t\t\t\t<div class=\"elementor-widget-container\">\n\t\t\t\t\t\t\t\t\t\t\t\t\t\t\t<img decoding=\"async\" src=\"https:\/\/www.taam.cnrs.fr\/wp-content\/uploads\/elementor\/thumbs\/DSC_0294-scaled-pd8p8t0j4y0724b707p8o426nsef5n6kqo9vzcojl8.jpg\" title=\"DSC_0294\" alt=\"DSC_0294\" loading=\"lazy\" \/>\t\t\t\t\t\t\t\t\t\t\t\t\t\t\t<\/div>\n\t\t\t\t<\/div>\n\t\t\t\t<div class=\"elementor-element elementor-element-9b30992 elementor-widget elementor-widget-spacer\" data-id=\"9b30992\" data-element_type=\"widget\" data-widget_type=\"spacer.default\">\n\t\t\t\t<div class=\"elementor-widget-container\">\n\t\t\t\t\t\t\t<div class=\"elementor-spacer\">\n\t\t\t<div class=\"elementor-spacer-inner\"><\/div>\n\t\t<\/div>\n\t\t\t\t\t\t<\/div>\n\t\t\t\t<\/div>\n\t\t\t\t\t<\/div>\n\t\t<\/div>\n\t\t\t\t\t<\/div>\n\t\t<\/section>\n\t\t\t\t<section class=\"elementor-section elementor-top-section elementor-element elementor-element-e6619f7 elementor-section-boxed elementor-section-height-default elementor-section-height-default\" data-id=\"e6619f7\" data-element_type=\"section\">\n\t\t\t\t\t\t<div class=\"elementor-container elementor-column-gap-default\">\n\t\t\t\t\t<div class=\"elementor-column elementor-col-33 elementor-top-column elementor-element elementor-element-e47dcae\" data-id=\"e47dcae\" data-element_type=\"column\">\n\t\t\t<div class=\"elementor-widget-wrap elementor-element-populated\">\n\t\t\t\t\t\t<div class=\"elementor-element elementor-element-53bc913 elementor-widget elementor-widget-heading\" data-id=\"53bc913\" data-element_type=\"widget\" data-widget_type=\"heading.default\">\n\t\t\t\t<div class=\"elementor-widget-container\">\n\t\t\t\t\t<h6 class=\"elementor-heading-title elementor-size-default\">Cages dites ouvertes en zone prot\u00e9g\u00e9e<BR>\n\u00a9 TAAM <\/h6>\t\t\t\t<\/div>\n\t\t\t\t<\/div>\n\t\t\t\t\t<\/div>\n\t\t<\/div>\n\t\t\t\t<div class=\"elementor-column elementor-col-33 elementor-top-column elementor-element elementor-element-bba19cf\" data-id=\"bba19cf\" data-element_type=\"column\">\n\t\t\t<div class=\"elementor-widget-wrap elementor-element-populated\">\n\t\t\t\t\t\t<div class=\"elementor-element elementor-element-71c28da elementor-widget elementor-widget-heading\" data-id=\"71c28da\" data-element_type=\"widget\" data-widget_type=\"heading.default\">\n\t\t\t\t<div class=\"elementor-widget-container\">\n\t\t\t\t\t<h6 class=\"elementor-heading-title elementor-size-default\">Portoirs  ventil\u00e9s<br>\n\u00a9 TAAM<\/h6>\t\t\t\t<\/div>\n\t\t\t\t<\/div>\n\t\t\t\t\t<\/div>\n\t\t<\/div>\n\t\t\t\t<div class=\"elementor-column elementor-col-33 elementor-top-column elementor-element elementor-element-5d83cad\" data-id=\"5d83cad\" data-element_type=\"column\">\n\t\t\t<div class=\"elementor-widget-wrap elementor-element-populated\">\n\t\t\t\t\t\t<div class=\"elementor-element elementor-element-bfa5ee4 elementor-widget elementor-widget-heading\" data-id=\"bfa5ee4\" data-element_type=\"widget\" data-widget_type=\"heading.default\">\n\t\t\t\t<div class=\"elementor-widget-container\">\n\t\t\t\t\t<h6 class=\"elementor-heading-title elementor-size-default\">Isolateurs<br>\u00a9 TAAM<\/h6>\t\t\t\t<\/div>\n\t\t\t\t<\/div>\n\t\t\t\t\t<\/div>\n\t\t<\/div>\n\t\t\t\t\t<\/div>\n\t\t<\/section>\n\t\t\t\t<section class=\"elementor-section elementor-top-section elementor-element elementor-element-1dd78b3 elementor-section-boxed elementor-section-height-default elementor-section-height-default\" data-id=\"1dd78b3\" data-element_type=\"section\">\n\t\t\t\t\t\t<div class=\"elementor-container elementor-column-gap-default\">\n\t\t\t\t\t<div class=\"elementor-column elementor-col-100 elementor-top-column elementor-element elementor-element-2be1eae\" data-id=\"2be1eae\" data-element_type=\"column\">\n\t\t\t<div class=\"elementor-widget-wrap elementor-element-populated\">\n\t\t\t\t\t\t<div class=\"elementor-element elementor-element-7c41837 elementor-widget elementor-widget-spacer\" data-id=\"7c41837\" data-element_type=\"widget\" data-widget_type=\"spacer.default\">\n\t\t\t\t<div class=\"elementor-widget-container\">\n\t\t\t\t\t\t\t<div class=\"elementor-spacer\">\n\t\t\t<div class=\"elementor-spacer-inner\"><\/div>\n\t\t<\/div>\n\t\t\t\t\t\t<\/div>\n\t\t\t\t<\/div>\n\t\t\t\t<div class=\"elementor-element elementor-element-e968c9a elementor-widget elementor-widget-text-editor\" data-id=\"e968c9a\" data-element_type=\"widget\" data-widget_type=\"text-editor.default\">\n\t\t\t\t<div class=\"elementor-widget-container\">\n\t\t\t\t\t\t\t\t\t<p>Statuts sanitaires propos\u00e9s pour l\u2019h\u00e9bergement de vos lign\u00e9es de souris ou de rats :<\/p><ul><li>Ax\u00e9niques \/ Gnotox\u00e9niques<\/li><li>EOOPS* (Exempt d\u2019Organismes Opportunistes ou Pathog\u00e8nes Sp\u00e9cifi\u00e9s) ou SOPF (Specified and Opportunistic Pathogen Free)<\/li><li>EOPS* (Exempt d\u2019Organismes Pathog\u00e8nes Sp\u00e9cifi\u00e9s) ou SPF (Specified Pathogen Free)<\/li><li>Conventionnel<\/li><\/ul><p><em>* <\/em><em>les statuts EOPS et EOOPS sont d\u00e9finis par rapport aux listes de r\u00e9f\u00e9rence propos\u00e9es par les recommandations FELASA : Federation of European Laboratory Animal Science Associations (<\/em><a href=\"http:\/\/www.felasa.eu\/\" target=\"_blank\" rel=\"noopener\"><em>FELASA<\/em><\/a><em>).<\/em><\/p>\t\t\t\t\t\t\t\t<\/div>\n\t\t\t\t<\/div>\n\t\t\t\t\t<\/div>\n\t\t<\/div>\n\t\t\t\t\t<\/div>\n\t\t<\/section>\n\t\t\t\t<section class=\"elementor-section elementor-top-section elementor-element elementor-element-fe12f18 elementor-section-boxed elementor-section-height-default elementor-section-height-default\" data-id=\"fe12f18\" data-element_type=\"section\">\n\t\t\t\t\t\t<div class=\"elementor-container elementor-column-gap-default\">\n\t\t\t\t\t<div class=\"elementor-column elementor-col-100 elementor-top-column elementor-element elementor-element-1d1c6d3\" data-id=\"1d1c6d3\" data-element_type=\"column\">\n\t\t\t<div class=\"elementor-widget-wrap\">\n\t\t\t\t\t\t\t<\/div>\n\t\t<\/div>\n\t\t\t\t\t<\/div>\n\t\t<\/section>\n\t\t\t\t<\/div>\n\t\t","protected":false},"excerpt":{"rendered":"<p>Une animalerie certifi\u00e9e au service de la communaut\u00e9 scientifique Depuis plus de 60 ans, les installations et l\u2019expertise technique reconnue du TAAM, associ\u00e9e \u00e0 la richesse de son catalogue de lign\u00e9es en font un acteur de premier plan dans le domaine. Notre p\u00f4le &#8211; Gestion de colonie \u00e0 fa\u00e7on &#8211; \u00e9volue sans cesse pour s\u2019adapter&hellip; <br \/> <a class=\"read-more\" href=\"https:\/\/www.taam.cnrs.fr\/index.php\/gestion-de-colonies-a-facon\/\">Read more<\/a><\/p>\n","protected":false},"author":2,"featured_media":0,"parent":0,"menu_order":0,"comment_status":"closed","ping_status":"closed","template":"","meta":{"footnotes":""},"class_list":["post-1620","page","type-page","status-publish","hentry"],"yoast_head":"<!-- This site is optimized with the Yoast SEO plugin v26.4 - https:\/\/yoast.com\/wordpress\/plugins\/seo\/ -->\n<title>Gestion de colonies \u00e0 fa\u00e7on - TAAM - CNRS Orl\u00e9ans<\/title>\n<meta name=\"robots\" content=\"index, follow, max-snippet:-1, max-image-preview:large, max-video-preview:-1\" \/>\n<link rel=\"canonical\" href=\"https:\/\/www.taam.cnrs.fr\/index.php\/gestion-de-colonies-a-facon\/\" \/>\n<meta property=\"og:locale\" content=\"fr_FR\" \/>\n<meta property=\"og:type\" content=\"article\" \/>\n<meta property=\"og:title\" content=\"Gestion de colonies \u00e0 fa\u00e7on - TAAM - CNRS Orl\u00e9ans\" \/>\n<meta property=\"og:description\" content=\"Une animalerie certifi\u00e9e au service de la communaut\u00e9 scientifique Depuis plus de 60 ans, les installations et l\u2019expertise technique reconnue du TAAM, associ\u00e9e \u00e0 la richesse de son catalogue de lign\u00e9es en font un acteur de premier plan dans le domaine. Notre p\u00f4le &#8211; Gestion de colonie \u00e0 fa\u00e7on &#8211; \u00e9volue sans cesse pour s\u2019adapter&hellip; Read more\" \/>\n<meta property=\"og:url\" content=\"https:\/\/www.taam.cnrs.fr\/index.php\/gestion-de-colonies-a-facon\/\" \/>\n<meta property=\"og:site_name\" content=\"TAAM - CNRS Orl\u00e9ans\" \/>\n<meta property=\"article:modified_time\" content=\"2021-09-17T09:28:01+00:00\" \/>\n<meta property=\"og:image\" content=\"https:\/\/www.taam.cnrs.fr\/wp-content\/uploads\/elementor\/thumbs\/P1020923-new-scaled-pd75faruap54d98c43dalpdftv04cikw4jf9si73u4.jpg\" \/>\n<meta name=\"twitter:card\" content=\"summary_large_image\" \/>\n<meta name=\"twitter:label1\" content=\"Dur\u00e9e de lecture estim\u00e9e\" \/>\n\t<meta name=\"twitter:data1\" content=\"2 minutes\" \/>\n<script type=\"application\/ld+json\" class=\"yoast-schema-graph\">{\"@context\":\"https:\/\/schema.org\",\"@graph\":[{\"@type\":\"WebPage\",\"@id\":\"https:\/\/www.taam.cnrs.fr\/index.php\/gestion-de-colonies-a-facon\/\",\"url\":\"https:\/\/www.taam.cnrs.fr\/index.php\/gestion-de-colonies-a-facon\/\",\"name\":\"Gestion de colonies \u00e0 fa\u00e7on - TAAM - CNRS Orl\u00e9ans\",\"isPartOf\":{\"@id\":\"https:\/\/www.taam.cnrs.fr\/#website\"},\"primaryImageOfPage\":{\"@id\":\"https:\/\/www.taam.cnrs.fr\/index.php\/gestion-de-colonies-a-facon\/#primaryimage\"},\"image\":{\"@id\":\"https:\/\/www.taam.cnrs.fr\/index.php\/gestion-de-colonies-a-facon\/#primaryimage\"},\"thumbnailUrl\":\"https:\/\/www.taam.cnrs.fr\/wp-content\/uploads\/elementor\/thumbs\/P1020923-new-scaled-pd75faruap54d98c43dalpdftv04cikw4jf9si73u4.jpg\",\"datePublished\":\"2021-03-04T15:52:33+00:00\",\"dateModified\":\"2021-09-17T09:28:01+00:00\",\"breadcrumb\":{\"@id\":\"https:\/\/www.taam.cnrs.fr\/index.php\/gestion-de-colonies-a-facon\/#breadcrumb\"},\"inLanguage\":\"fr-FR\",\"potentialAction\":[{\"@type\":\"ReadAction\",\"target\":[\"https:\/\/www.taam.cnrs.fr\/index.php\/gestion-de-colonies-a-facon\/\"]}]},{\"@type\":\"ImageObject\",\"inLanguage\":\"fr-FR\",\"@id\":\"https:\/\/www.taam.cnrs.fr\/index.php\/gestion-de-colonies-a-facon\/#primaryimage\",\"url\":\"https:\/\/www.taam.cnrs.fr\/wp-content\/uploads\/elementor\/thumbs\/P1020923-new-scaled-pd75faruap54d98c43dalpdftv04cikw4jf9si73u4.jpg\",\"contentUrl\":\"https:\/\/www.taam.cnrs.fr\/wp-content\/uploads\/elementor\/thumbs\/P1020923-new-scaled-pd75faruap54d98c43dalpdftv04cikw4jf9si73u4.jpg\"},{\"@type\":\"BreadcrumbList\",\"@id\":\"https:\/\/www.taam.cnrs.fr\/index.php\/gestion-de-colonies-a-facon\/#breadcrumb\",\"itemListElement\":[{\"@type\":\"ListItem\",\"position\":1,\"name\":\"Accueil\",\"item\":\"https:\/\/www.taam.cnrs.fr\/\"},{\"@type\":\"ListItem\",\"position\":2,\"name\":\"Gestion de colonies \u00e0 fa\u00e7on\"}]},{\"@type\":\"WebSite\",\"@id\":\"https:\/\/www.taam.cnrs.fr\/#website\",\"url\":\"https:\/\/www.taam.cnrs.fr\/\",\"name\":\"TAAM - CNRS Orl\u00e9ans\",\"description\":\"Typage et Archivage d&#039;Animaux Mod\u00e8les - UAR 44\",\"publisher\":{\"@id\":\"https:\/\/www.taam.cnrs.fr\/#organization\"},\"potentialAction\":[{\"@type\":\"SearchAction\",\"target\":{\"@type\":\"EntryPoint\",\"urlTemplate\":\"https:\/\/www.taam.cnrs.fr\/?s={search_term_string}\"},\"query-input\":{\"@type\":\"PropertyValueSpecification\",\"valueRequired\":true,\"valueName\":\"search_term_string\"}}],\"inLanguage\":\"fr-FR\"},{\"@type\":\"Organization\",\"@id\":\"https:\/\/www.taam.cnrs.fr\/#organization\",\"name\":\"TAAM - CNRS Orl\u00e9ans\",\"url\":\"https:\/\/www.taam.cnrs.fr\/\",\"logo\":{\"@type\":\"ImageObject\",\"inLanguage\":\"fr-FR\",\"@id\":\"https:\/\/www.taam.cnrs.fr\/#\/schema\/logo\/image\/\",\"url\":\"https:\/\/www.taam.cnrs.fr\/wp-content\/uploads\/2025\/01\/cropped-LOGO_CNRS_BLEU.png\",\"contentUrl\":\"https:\/\/www.taam.cnrs.fr\/wp-content\/uploads\/2025\/01\/cropped-LOGO_CNRS_BLEU.png\",\"width\":875,\"height\":863,\"caption\":\"TAAM - CNRS Orl\u00e9ans\"},\"image\":{\"@id\":\"https:\/\/www.taam.cnrs.fr\/#\/schema\/logo\/image\/\"}}]}<\/script>\n<!-- \/ Yoast SEO plugin. -->","yoast_head_json":{"title":"Gestion de colonies \u00e0 fa\u00e7on - TAAM - CNRS Orl\u00e9ans","robots":{"index":"index","follow":"follow","max-snippet":"max-snippet:-1","max-image-preview":"max-image-preview:large","max-video-preview":"max-video-preview:-1"},"canonical":"https:\/\/www.taam.cnrs.fr\/index.php\/gestion-de-colonies-a-facon\/","og_locale":"fr_FR","og_type":"article","og_title":"Gestion de colonies \u00e0 fa\u00e7on - TAAM - CNRS Orl\u00e9ans","og_description":"Une animalerie certifi\u00e9e au service de la communaut\u00e9 scientifique Depuis plus de 60 ans, les installations et l\u2019expertise technique reconnue du TAAM, associ\u00e9e \u00e0 la richesse de son catalogue de lign\u00e9es en font un acteur de premier plan dans le domaine. Notre p\u00f4le &#8211; Gestion de colonie \u00e0 fa\u00e7on &#8211; \u00e9volue sans cesse pour s\u2019adapter&hellip; Read more","og_url":"https:\/\/www.taam.cnrs.fr\/index.php\/gestion-de-colonies-a-facon\/","og_site_name":"TAAM - CNRS Orl\u00e9ans","article_modified_time":"2021-09-17T09:28:01+00:00","og_image":[{"url":"https:\/\/www.taam.cnrs.fr\/wp-content\/uploads\/elementor\/thumbs\/P1020923-new-scaled-pd75faruap54d98c43dalpdftv04cikw4jf9si73u4.jpg","type":"","width":"","height":""}],"twitter_card":"summary_large_image","twitter_misc":{"Dur\u00e9e de lecture estim\u00e9e":"2 minutes"},"schema":{"@context":"https:\/\/schema.org","@graph":[{"@type":"WebPage","@id":"https:\/\/www.taam.cnrs.fr\/index.php\/gestion-de-colonies-a-facon\/","url":"https:\/\/www.taam.cnrs.fr\/index.php\/gestion-de-colonies-a-facon\/","name":"Gestion de colonies \u00e0 fa\u00e7on - TAAM - CNRS Orl\u00e9ans","isPartOf":{"@id":"https:\/\/www.taam.cnrs.fr\/#website"},"primaryImageOfPage":{"@id":"https:\/\/www.taam.cnrs.fr\/index.php\/gestion-de-colonies-a-facon\/#primaryimage"},"image":{"@id":"https:\/\/www.taam.cnrs.fr\/index.php\/gestion-de-colonies-a-facon\/#primaryimage"},"thumbnailUrl":"https:\/\/www.taam.cnrs.fr\/wp-content\/uploads\/elementor\/thumbs\/P1020923-new-scaled-pd75faruap54d98c43dalpdftv04cikw4jf9si73u4.jpg","datePublished":"2021-03-04T15:52:33+00:00","dateModified":"2021-09-17T09:28:01+00:00","breadcrumb":{"@id":"https:\/\/www.taam.cnrs.fr\/index.php\/gestion-de-colonies-a-facon\/#breadcrumb"},"inLanguage":"fr-FR","potentialAction":[{"@type":"ReadAction","target":["https:\/\/www.taam.cnrs.fr\/index.php\/gestion-de-colonies-a-facon\/"]}]},{"@type":"ImageObject","inLanguage":"fr-FR","@id":"https:\/\/www.taam.cnrs.fr\/index.php\/gestion-de-colonies-a-facon\/#primaryimage","url":"https:\/\/www.taam.cnrs.fr\/wp-content\/uploads\/elementor\/thumbs\/P1020923-new-scaled-pd75faruap54d98c43dalpdftv04cikw4jf9si73u4.jpg","contentUrl":"https:\/\/www.taam.cnrs.fr\/wp-content\/uploads\/elementor\/thumbs\/P1020923-new-scaled-pd75faruap54d98c43dalpdftv04cikw4jf9si73u4.jpg"},{"@type":"BreadcrumbList","@id":"https:\/\/www.taam.cnrs.fr\/index.php\/gestion-de-colonies-a-facon\/#breadcrumb","itemListElement":[{"@type":"ListItem","position":1,"name":"Accueil","item":"https:\/\/www.taam.cnrs.fr\/"},{"@type":"ListItem","position":2,"name":"Gestion de colonies \u00e0 fa\u00e7on"}]},{"@type":"WebSite","@id":"https:\/\/www.taam.cnrs.fr\/#website","url":"https:\/\/www.taam.cnrs.fr\/","name":"TAAM - CNRS Orl\u00e9ans","description":"Typage et Archivage d&#039;Animaux Mod\u00e8les - UAR 44","publisher":{"@id":"https:\/\/www.taam.cnrs.fr\/#organization"},"potentialAction":[{"@type":"SearchAction","target":{"@type":"EntryPoint","urlTemplate":"https:\/\/www.taam.cnrs.fr\/?s={search_term_string}"},"query-input":{"@type":"PropertyValueSpecification","valueRequired":true,"valueName":"search_term_string"}}],"inLanguage":"fr-FR"},{"@type":"Organization","@id":"https:\/\/www.taam.cnrs.fr\/#organization","name":"TAAM - CNRS Orl\u00e9ans","url":"https:\/\/www.taam.cnrs.fr\/","logo":{"@type":"ImageObject","inLanguage":"fr-FR","@id":"https:\/\/www.taam.cnrs.fr\/#\/schema\/logo\/image\/","url":"https:\/\/www.taam.cnrs.fr\/wp-content\/uploads\/2025\/01\/cropped-LOGO_CNRS_BLEU.png","contentUrl":"https:\/\/www.taam.cnrs.fr\/wp-content\/uploads\/2025\/01\/cropped-LOGO_CNRS_BLEU.png","width":875,"height":863,"caption":"TAAM - CNRS Orl\u00e9ans"},"image":{"@id":"https:\/\/www.taam.cnrs.fr\/#\/schema\/logo\/image\/"}}]}},"_links":{"self":[{"href":"https:\/\/www.taam.cnrs.fr\/index.php\/wp-json\/wp\/v2\/pages\/1620","targetHints":{"allow":["GET"]}}],"collection":[{"href":"https:\/\/www.taam.cnrs.fr\/index.php\/wp-json\/wp\/v2\/pages"}],"about":[{"href":"https:\/\/www.taam.cnrs.fr\/index.php\/wp-json\/wp\/v2\/types\/page"}],"author":[{"embeddable":true,"href":"https:\/\/www.taam.cnrs.fr\/index.php\/wp-json\/wp\/v2\/users\/2"}],"replies":[{"embeddable":true,"href":"https:\/\/www.taam.cnrs.fr\/index.php\/wp-json\/wp\/v2\/comments?post=1620"}],"version-history":[{"count":97,"href":"https:\/\/www.taam.cnrs.fr\/index.php\/wp-json\/wp\/v2\/pages\/1620\/revisions"}],"predecessor-version":[{"id":3820,"href":"https:\/\/www.taam.cnrs.fr\/index.php\/wp-json\/wp\/v2\/pages\/1620\/revisions\/3820"}],"wp:attachment":[{"href":"https:\/\/www.taam.cnrs.fr\/index.php\/wp-json\/wp\/v2\/media?parent=1620"}],"curies":[{"name":"wp","href":"https:\/\/api.w.org\/{rel}","templated":true}]}}