{"id":174,"date":"2020-07-09T10:56:33","date_gmt":"2020-07-09T08:56:33","guid":{"rendered":"https:\/\/www.taam.cnrs.fr\/index.php\/mesmerize\/"},"modified":"2025-01-31T15:09:31","modified_gmt":"2025-01-31T14:09:31","slug":"mesmerize","status":"publish","type":"page","link":"https:\/\/www.taam.cnrs.fr\/","title":{"rendered":"Front Page"},"content":{"rendered":"<div  data-label=\"About\" data-id=\"about--1\" data-export-id=\"about-text-image\" data-category=\"about\" class=\"about-text-image content-section content-section-spacing\" id=\"about-1\" style=\"background-color: rgb(245, 250, 253);\"><div  class=\"gridContainer\"> <div  class=\"row\"><div  class=\"col-sm-6 col-padding-small-xs col-sm-padding-large bg-color5 white-text content-col\" data-type=\"column\"> <h5  class=\"\">Unit\u00e9 TAAM<\/h5> <h2  class=\"\">Typage et Archivage d\u2019Animaux Mod\u00e8les<\/h2> <p  class=\"\" style=\"text-align: justify;\">Le TAAM est une Unit\u00e9 d\u2019Appui et de Recherche du <a data-mce-href=\"https:\/\/www.cnrs.fr\/\" href=\"https:\/\/www.cnrs.fr\" target=\"_blank\" rel=\"noopener\" data-mce-selected=\"inline-boundary\" data-cp-link=\"1\" class=\"\">CNRS<\/a>, rattach\u00e9e \u00e0 l\u2019<a data-mce-href=\"https:\/\/insb.cnrs.fr\/fr\/institut-des-sciences-biologiques\" href=\"https:\/\/insb.cnrs.fr\/fr\/institut-des-sciences-biologiques\" target=\"_blank\" rel=\"noopener\" data-mce-selected=\"inline-boundary\" data-cp-link=\"1\" class=\"\">INSB<\/a> du CNRS (Institut des Sciences Biologiques).\n<br ><br ><br >\nLe TAAM offre un large panel de prestations autour des mod\u00e8les rats et souris, pour la recherche fondamentale, biom\u00e9dicale, et pharmaceutique.<\/p><\/div> <div  class=\"col-sm-6 flexbox-strech center-xs middle-xs no-gutter-col\"><div  class=\"shadow-large overlap-left-large flexbox middle-xs center-xs right-img\" data-bg=\"image\" style=\"background-image: url(&quot;https:\/\/www.taam.cnrs.fr\/wp-content\/uploads\/2021\/04\/P1025131.jpg&quot;);\"><\/div><\/div> <\/div><\/div> <\/div><div  data-label=\"About\" data-id=\"about--2\" data-export-id=\"about-image-text\" data-category=\"about\" class=\"about-image-text content-section content-section-spacing content-relative\" id=\"about-2\" style=\"background-color: rgb(255, 255, 255);\"><div  class=\"section-separator-top\">\n    <svg  xmlns=\"http:\/\/www.w3.org\/2000\/svg\" preserveAspectRatio=\"none\" viewBox=\"0 0 1000 100\" data-separator-name=\"tilt-flipped\" class=\"section-separator-top\">\n  <path  id=\"path2\" d=\"M 1000,0 H 0 v 100 z\" class=\"svg-white-bg\"><\/path>\n<\/svg>\n<\/div><div  class=\"gridContainer\"> <div  class=\"row\"><div  class=\"col-sm-6 flexbox-strech center-xs middle-xs no-gutter-col\"> <div  class=\"shadow-large overlap-right-large flexbox middle-xs center-xs left-img\" data-bg=\"image\" style=\"background-image: url(&quot;https:\/\/www.taam.cnrs.fr\/wp-content\/uploads\/2021\/08\/cropped-cipa-front-page-scaled-1.jpg&quot;);\"><\/div><\/div> <div  class=\"col-sm-6 space-bottom-xs col-padding-small-xs col-sm-padding-large bg-color5 white-text content-col\" data-type=\"column\"> <h2  class=\"\">\n<br >Imagerie In Vivo<br >\n<\/h2> <p  class=\"\" style=\"text-align: justify;\">\n<br ><br >Le p\u00f4le d\u2019Exploration par imagerie propose \u00e0 la communaut\u00e9 scientifique de chercheurs publics ou priv\u00e9s, ses comp\u00e9tences techniques et scientifiques dans ses domaines d\u2019expertise de ph\u00e9notypage des mod\u00e8les murins, de la canc\u00e9rologie, de l\u2019infectiologie, de l\u2019inflammation et de la vectorisation de m\u00e9dicaments.<br ><br >\n<\/p><\/div> <\/div><\/div> <\/div><div  data-label=\"Overlappable\" data-id=\"overlappable--2\" data-export-id=\"overlappable-6\" data-category=\"overlappable\" class=\"overlappable-6 content-section content-section-spacing content-relative february_ink\" data-overlap=\"true\" id=\"overlappable-2\" style=\"background-size: cover; background-position: center top;\"><div  class=\"gridContainer\"> <div  data-type=\"row\" class=\"row shadow-medium\"><div  class=\"col-xs-12 col-sm-4 col-padding-small col-padding-small-xs white-text bg-color8\"> <div  class=\"row middle-xs\"><div  class=\"col-xs-12 col-sm-fit space-bottom-small-xs\"> <i  class=\"fa fa-cubes icon bordered round color-white\"><\/i><\/div> <div  data-type=\"column\" class=\"col-xs-12 col-sm\"><h4  class=\"\">Pr\u00e8s de 70 ann\u00e9es d\u2019exp\u00e9rience<\/h4> <\/div> <\/div><\/div> <div  class=\"col-xs-12 col-sm-4 col-padding-small col-padding-small-xs white-text bg-color10\"><div  class=\"row middle-xs\"> <div  class=\"col-xs-12 col-sm-fit space-bottom-small-xs\"><i  class=\"fa fa-paper-plane icon bordered round color-white\"><\/i><\/div> <div  data-type=\"column\" class=\"col-xs-12 col-sm\"><h4  class=\"\">Des mod\u00e8les murins export\u00e9s dans le monde entier<\/h4> <\/div> <\/div><\/div> <div  class=\"col-xs-12 col-sm-4 col-padding-small col-padding-small-xs white-text bg-color8\"><div  class=\"row middle-xs\"> <div  class=\"col-xs-12 col-sm-fit space-bottom-small-xs\"><i  class=\"fa fa-forumbee icon bordered round color-white\"><\/i><\/div> <div  data-type=\"column\" class=\"col-xs-12 col-sm\"><h4  class=\"\">55 collaborateurs<\/h4> <\/div> <\/div><\/div> <\/div><\/div> <\/div><div  data-label=\"Overlappable\" data-id=\"overlappable--3\" data-export-id=\"overlappable-3\" data-category=\"overlappable\" class=\"overlappable-3 content-section content-section-spacing content-relative\" data-overlap=\"true\" id=\"overlappable-3\" style=\"background-color: rgb(245, 250, 253); background-image: none;\"><div  class=\"gridContainer\"> <div  class=\"row bg-color-white shadow-medium\"><div  class=\"col-xs-12 col-sm-6 image-col first-image-col\" data-bg=\"image\" style=\"background-image: url(&quot;https:\/\/www.taam.cnrs.fr\/wp-content\/uploads\/2021\/04\/iso-rats.png&quot;);\"><\/div> <div  class=\"col-xs-12 col-sm-6 content-col col-padding col-padding-xs\"> <div  class=\"col-padding\" data-type=\"column\"> <h4  class=\"\"><span  style=\"font-weight: 700;\">\n<br ><br >NATIONAL<\/span>\n<\/h4> <p  class=\"\" style=\"text-align: justify;\">Le TAAM est l\u2019un des trois partenaires nationaux de l\u2019infrastructure PHENOMIN, laur\u00e9ate des investissements d\u2019avenir en Biologie et Sant\u00e9 en 2011.\n<br ><br >Il est \u00e9galement membre de l\u2019infrastructure nationale CELPHEDIA (Cr\u00e9ation, Elevage, Ph\u00e9notypage, Distribution et Archivage de mod\u00e8les vert\u00e9br\u00e9s).\n<br >\n<br ><br >\n<\/p> <\/div> <\/div><\/div> <div  class=\"row bg-color-white shadow-medium\"><div  class=\"col-xs-12 col-sm-6 content-col col-padding col-padding-xs\"> <div  class=\"col-padding\" data-type=\"column\"><h4  class=\"\"><span  style=\"font-weight: 700;\">\n<br ><br >INTERNATIONAL<\/span>\n<\/h4> <p  class=\"\" style=\"text-align: justify;\">Le TAAM est l\u2019une des plateformes de l\u2019infrastructure paneurop\u00e9enne INFRAFRONTIER ; il en est l\u2019un des principaux centres d\u2019archivage, d\u2019ax\u00e9nisation et de distribution de mod\u00e8les murins.\n<br ><br ><br >\nLe TAAM est \u00e9galement identifi\u00e9 en tant que plateforme IBISA, Infrastructures en BIologie Sant\u00e9 et Agronomie, depuis 2001.\n<br ><br >\n<\/p> <\/div> <\/div> <div  class=\"col-xs-12 col-sm-6 image-col second-image-col first-xs last-sm\" data-bg=\"image\" style=\"background-image: url(&quot;https:\/\/www.taam.cnrs.fr\/wp-content\/uploads\/2021\/04\/P1024714-scaled.jpg&quot;);\"><\/div> <\/div><\/div> <div  class=\"section-separator-bottom\">\n    <svg  xmlns=\"http:\/\/www.w3.org\/2000\/svg\" viewBox=\"0 0 1000 100\" preserveAspectRatio=\"none\" data-separator-name=\"triangle-negative\" class=\"section-separator-bottom\">\n\t<path  class=\"svg-white-bg\" d=\"M500.2,94.7L0,0v100h1000V0L500.2,94.7z\"><\/path>\n<\/svg>\n<\/div><\/div><p  class=\"has-text-align-center\"><\/p><p  class=\"has-text-align-left\"><a  href=\"https:\/\/www.taam.cnrs.fr\/index.php\/mentions-legales\" data-rich-text-format-boundary=\"true\" data-mce-selected=\"inline-boundary\" data-cp-link=\"1\">\ufeff<\/a><a class=\"\" href=\"wp-content\/uploads\/2021\/04\/CGV-TAAM_Version-02-02-2021.pdf\" data-rich-text-format-boundary=\"true\" data-mce-selected=\"inline-boundary\" data-mce-href=\"wp-content\/uploads\/2021\/04\/CGV-TAAM_Version-02-02-2021.pdf\" target=\"_blank\" data-cp-link=\"1\" rel=\"noopener\"><\/a><\/p>","protected":false},"excerpt":{"rendered":"<p>Unit\u00e9 TAAM Typage et Archivage d\u2019Animaux Mod\u00e8les Le TAAM est une Unit\u00e9 d\u2019Appui et de Recherche du CNRS, rattach\u00e9e \u00e0 l\u2019INSB du CNRS (Institut des Sciences Biologiques). Le TAAM offre un large panel de prestations autour des mod\u00e8les rats et souris, pour la recherche fondamentale, biom\u00e9dicale, et pharmaceutique. Imagerie In Vivo Le p\u00f4le d\u2019Exploration par&hellip; <br \/> <a class=\"read-more\" href=\"https:\/\/www.taam.cnrs.fr\/\">Read more<\/a><\/p>\n","protected":false},"author":1,"featured_media":0,"parent":0,"menu_order":0,"comment_status":"closed","ping_status":"closed","template":"page-templates\/homepage.php","meta":{"footnotes":""},"class_list":["post-174","page","type-page","status-publish","hentry"],"yoast_head":"<!-- This site is optimized with the Yoast SEO plugin v26.4 - https:\/\/yoast.com\/wordpress\/plugins\/seo\/ -->\n<title>Front Page - TAAM - CNRS Orl\u00e9ans<\/title>\n<meta name=\"robots\" content=\"index, follow, max-snippet:-1, max-image-preview:large, max-video-preview:-1\" \/>\n<link rel=\"canonical\" href=\"https:\/\/www.taam.cnrs.fr\/\" \/>\n<meta property=\"og:locale\" content=\"fr_FR\" \/>\n<meta property=\"og:type\" content=\"article\" \/>\n<meta property=\"og:title\" content=\"Front Page - TAAM - CNRS Orl\u00e9ans\" \/>\n<meta property=\"og:description\" content=\"Unit\u00e9 TAAM Typage et Archivage d\u2019Animaux Mod\u00e8les Le TAAM est une Unit\u00e9 d\u2019Appui et de Recherche du CNRS, rattach\u00e9e \u00e0 l\u2019INSB du CNRS (Institut des Sciences Biologiques). Le TAAM offre un large panel de prestations autour des mod\u00e8les rats et souris, pour la recherche fondamentale, biom\u00e9dicale, et pharmaceutique. Imagerie In Vivo Le p\u00f4le d\u2019Exploration par&hellip; Read more\" \/>\n<meta property=\"og:url\" content=\"https:\/\/www.taam.cnrs.fr\/\" \/>\n<meta property=\"og:site_name\" content=\"TAAM - CNRS Orl\u00e9ans\" \/>\n<meta property=\"article:modified_time\" content=\"2025-01-31T14:09:31+00:00\" \/>\n<meta name=\"twitter:card\" content=\"summary_large_image\" \/>\n<meta name=\"twitter:label1\" content=\"Dur\u00e9e de lecture estim\u00e9e\" \/>\n\t<meta name=\"twitter:data1\" content=\"1 minute\" \/>\n<script type=\"application\/ld+json\" class=\"yoast-schema-graph\">{\"@context\":\"https:\/\/schema.org\",\"@graph\":[{\"@type\":\"WebPage\",\"@id\":\"https:\/\/www.taam.cnrs.fr\/\",\"url\":\"https:\/\/www.taam.cnrs.fr\/\",\"name\":\"Front Page - TAAM - CNRS Orl\u00e9ans\",\"isPartOf\":{\"@id\":\"https:\/\/www.taam.cnrs.fr\/#website\"},\"datePublished\":\"2020-07-09T08:56:33+00:00\",\"dateModified\":\"2025-01-31T14:09:31+00:00\",\"breadcrumb\":{\"@id\":\"https:\/\/www.taam.cnrs.fr\/#breadcrumb\"},\"inLanguage\":\"fr-FR\",\"potentialAction\":[{\"@type\":\"ReadAction\",\"target\":[\"https:\/\/www.taam.cnrs.fr\/\"]}]},{\"@type\":\"BreadcrumbList\",\"@id\":\"https:\/\/www.taam.cnrs.fr\/#breadcrumb\",\"itemListElement\":[{\"@type\":\"ListItem\",\"position\":1,\"name\":\"Accueil\",\"item\":\"https:\/\/www.taam.cnrs.fr\/\"},{\"@type\":\"ListItem\",\"position\":2,\"name\":\"Front Page\"}]},{\"@type\":\"WebSite\",\"@id\":\"https:\/\/www.taam.cnrs.fr\/#website\",\"url\":\"https:\/\/www.taam.cnrs.fr\/\",\"name\":\"TAAM - CNRS Orl\u00e9ans\",\"description\":\"Typage et Archivage d&#039;Animaux Mod\u00e8les - UAR 44\",\"publisher\":{\"@id\":\"https:\/\/www.taam.cnrs.fr\/#organization\"},\"potentialAction\":[{\"@type\":\"SearchAction\",\"target\":{\"@type\":\"EntryPoint\",\"urlTemplate\":\"https:\/\/www.taam.cnrs.fr\/?s={search_term_string}\"},\"query-input\":{\"@type\":\"PropertyValueSpecification\",\"valueRequired\":true,\"valueName\":\"search_term_string\"}}],\"inLanguage\":\"fr-FR\"},{\"@type\":\"Organization\",\"@id\":\"https:\/\/www.taam.cnrs.fr\/#organization\",\"name\":\"TAAM - CNRS Orl\u00e9ans\",\"url\":\"https:\/\/www.taam.cnrs.fr\/\",\"logo\":{\"@type\":\"ImageObject\",\"inLanguage\":\"fr-FR\",\"@id\":\"https:\/\/www.taam.cnrs.fr\/#\/schema\/logo\/image\/\",\"url\":\"https:\/\/www.taam.cnrs.fr\/wp-content\/uploads\/2025\/01\/cropped-LOGO_CNRS_BLEU.png\",\"contentUrl\":\"https:\/\/www.taam.cnrs.fr\/wp-content\/uploads\/2025\/01\/cropped-LOGO_CNRS_BLEU.png\",\"width\":875,\"height\":863,\"caption\":\"TAAM - CNRS Orl\u00e9ans\"},\"image\":{\"@id\":\"https:\/\/www.taam.cnrs.fr\/#\/schema\/logo\/image\/\"}}]}<\/script>\n<!-- \/ Yoast SEO plugin. -->","yoast_head_json":{"title":"Front Page - TAAM - CNRS Orl\u00e9ans","robots":{"index":"index","follow":"follow","max-snippet":"max-snippet:-1","max-image-preview":"max-image-preview:large","max-video-preview":"max-video-preview:-1"},"canonical":"https:\/\/www.taam.cnrs.fr\/","og_locale":"fr_FR","og_type":"article","og_title":"Front Page - TAAM - CNRS Orl\u00e9ans","og_description":"Unit\u00e9 TAAM Typage et Archivage d\u2019Animaux Mod\u00e8les Le TAAM est une Unit\u00e9 d\u2019Appui et de Recherche du CNRS, rattach\u00e9e \u00e0 l\u2019INSB du CNRS (Institut des Sciences Biologiques). Le TAAM offre un large panel de prestations autour des mod\u00e8les rats et souris, pour la recherche fondamentale, biom\u00e9dicale, et pharmaceutique. Imagerie In Vivo Le p\u00f4le d\u2019Exploration par&hellip; Read more","og_url":"https:\/\/www.taam.cnrs.fr\/","og_site_name":"TAAM - CNRS Orl\u00e9ans","article_modified_time":"2025-01-31T14:09:31+00:00","twitter_card":"summary_large_image","twitter_misc":{"Dur\u00e9e de lecture estim\u00e9e":"1 minute"},"schema":{"@context":"https:\/\/schema.org","@graph":[{"@type":"WebPage","@id":"https:\/\/www.taam.cnrs.fr\/","url":"https:\/\/www.taam.cnrs.fr\/","name":"Front Page - TAAM - CNRS Orl\u00e9ans","isPartOf":{"@id":"https:\/\/www.taam.cnrs.fr\/#website"},"datePublished":"2020-07-09T08:56:33+00:00","dateModified":"2025-01-31T14:09:31+00:00","breadcrumb":{"@id":"https:\/\/www.taam.cnrs.fr\/#breadcrumb"},"inLanguage":"fr-FR","potentialAction":[{"@type":"ReadAction","target":["https:\/\/www.taam.cnrs.fr\/"]}]},{"@type":"BreadcrumbList","@id":"https:\/\/www.taam.cnrs.fr\/#breadcrumb","itemListElement":[{"@type":"ListItem","position":1,"name":"Accueil","item":"https:\/\/www.taam.cnrs.fr\/"},{"@type":"ListItem","position":2,"name":"Front Page"}]},{"@type":"WebSite","@id":"https:\/\/www.taam.cnrs.fr\/#website","url":"https:\/\/www.taam.cnrs.fr\/","name":"TAAM - CNRS Orl\u00e9ans","description":"Typage et Archivage d&#039;Animaux Mod\u00e8les - UAR 44","publisher":{"@id":"https:\/\/www.taam.cnrs.fr\/#organization"},"potentialAction":[{"@type":"SearchAction","target":{"@type":"EntryPoint","urlTemplate":"https:\/\/www.taam.cnrs.fr\/?s={search_term_string}"},"query-input":{"@type":"PropertyValueSpecification","valueRequired":true,"valueName":"search_term_string"}}],"inLanguage":"fr-FR"},{"@type":"Organization","@id":"https:\/\/www.taam.cnrs.fr\/#organization","name":"TAAM - CNRS Orl\u00e9ans","url":"https:\/\/www.taam.cnrs.fr\/","logo":{"@type":"ImageObject","inLanguage":"fr-FR","@id":"https:\/\/www.taam.cnrs.fr\/#\/schema\/logo\/image\/","url":"https:\/\/www.taam.cnrs.fr\/wp-content\/uploads\/2025\/01\/cropped-LOGO_CNRS_BLEU.png","contentUrl":"https:\/\/www.taam.cnrs.fr\/wp-content\/uploads\/2025\/01\/cropped-LOGO_CNRS_BLEU.png","width":875,"height":863,"caption":"TAAM - CNRS Orl\u00e9ans"},"image":{"@id":"https:\/\/www.taam.cnrs.fr\/#\/schema\/logo\/image\/"}}]}},"_links":{"self":[{"href":"https:\/\/www.taam.cnrs.fr\/index.php\/wp-json\/wp\/v2\/pages\/174","targetHints":{"allow":["GET"]}}],"collection":[{"href":"https:\/\/www.taam.cnrs.fr\/index.php\/wp-json\/wp\/v2\/pages"}],"about":[{"href":"https:\/\/www.taam.cnrs.fr\/index.php\/wp-json\/wp\/v2\/types\/page"}],"author":[{"embeddable":true,"href":"https:\/\/www.taam.cnrs.fr\/index.php\/wp-json\/wp\/v2\/users\/1"}],"replies":[{"embeddable":true,"href":"https:\/\/www.taam.cnrs.fr\/index.php\/wp-json\/wp\/v2\/comments?post=174"}],"version-history":[{"count":136,"href":"https:\/\/www.taam.cnrs.fr\/index.php\/wp-json\/wp\/v2\/pages\/174\/revisions"}],"predecessor-version":[{"id":4581,"href":"https:\/\/www.taam.cnrs.fr\/index.php\/wp-json\/wp\/v2\/pages\/174\/revisions\/4581"}],"wp:attachment":[{"href":"https:\/\/www.taam.cnrs.fr\/index.php\/wp-json\/wp\/v2\/media?parent=174"}],"curies":[{"name":"wp","href":"https:\/\/api.w.org\/{rel}","templated":true}]}}