{"id":2050,"date":"2021-03-31T11:13:43","date_gmt":"2021-03-31T09:13:43","guid":{"rendered":"https:\/\/www.taam.cnrs.fr\/?page_id=2050"},"modified":"2021-10-11T10:45:37","modified_gmt":"2021-10-11T08:45:37","slug":"infrastructure","status":"publish","type":"page","link":"https:\/\/www.taam.cnrs.fr\/index.php\/infrastructure\/","title":{"rendered":"Infrastructure"},"content":{"rendered":"\t\t<div data-elementor-type=\"wp-page\" data-elementor-id=\"2050\" class=\"elementor elementor-2050\">\n\t\t\t\t\t\t<section class=\"elementor-section elementor-top-section elementor-element elementor-element-9e8e3be elementor-section-boxed elementor-section-height-default elementor-section-height-default\" data-id=\"9e8e3be\" data-element_type=\"section\">\n\t\t\t\t\t\t<div class=\"elementor-container elementor-column-gap-default\">\n\t\t\t\t\t<div class=\"elementor-column elementor-col-100 elementor-top-column elementor-element elementor-element-833a19b\" data-id=\"833a19b\" data-element_type=\"column\">\n\t\t\t<div class=\"elementor-widget-wrap elementor-element-populated\">\n\t\t\t\t\t\t<div class=\"elementor-element elementor-element-d6e7e09 elementor-widget elementor-widget-text-editor\" data-id=\"d6e7e09\" data-element_type=\"widget\" data-widget_type=\"text-editor.default\">\n\t\t\t\t<div class=\"elementor-widget-container\">\n\t\t\t\t\t\t\t\t\t<p>R\u00e9partis sur une surface de 8500 m\u00b2 et 5 b\u00e2timents, l\u2019unit\u00e9 TAAM est dot\u00e9e d\u2019une infrastructure et d\u2019\u00e9quipements de haute technologie permettant :<\/p>\t\t\t\t\t\t\t\t<\/div>\n\t\t\t\t<\/div>\n\t\t\t\t\t<\/div>\n\t\t<\/div>\n\t\t\t\t\t<\/div>\n\t\t<\/section>\n\t\t\t\t<section class=\"elementor-section elementor-top-section elementor-element elementor-element-c5a93ab elementor-section-boxed elementor-section-height-default elementor-section-height-default\" data-id=\"c5a93ab\" data-element_type=\"section\">\n\t\t\t\t\t\t<div class=\"elementor-container elementor-column-gap-default\">\n\t\t\t\t\t<div class=\"elementor-column elementor-col-100 elementor-top-column elementor-element elementor-element-d7608e2\" data-id=\"d7608e2\" data-element_type=\"column\">\n\t\t\t<div class=\"elementor-widget-wrap elementor-element-populated\">\n\t\t\t\t\t\t<div class=\"elementor-element elementor-element-67a9602 elementor-widget elementor-widget-text-editor\" data-id=\"67a9602\" data-element_type=\"widget\" data-widget_type=\"text-editor.default\">\n\t\t\t\t<div class=\"elementor-widget-container\">\n\t\t\t\t\t\t\t\t\t<ul><li>Des \u00e9levages en conditions contr\u00f4l\u00e9es (temp\u00e9rature, air, pression), associ\u00e9es \u00e0 diff\u00e9rents services de contr\u00f4les sanitaires, biologie mol\u00e9culaire, cryo-conservation.<\/li><li>La r\u00e9alisation d\u2019op\u00e9rations d\u2019imagerie du petit animal.<\/li><\/ul>\t\t\t\t\t\t\t\t<\/div>\n\t\t\t\t<\/div>\n\t\t\t\t\t<\/div>\n\t\t<\/div>\n\t\t\t\t\t<\/div>\n\t\t<\/section>\n\t\t\t\t<section class=\"elementor-section elementor-top-section elementor-element elementor-element-7584cd3 elementor-section-boxed elementor-section-height-default elementor-section-height-default\" data-id=\"7584cd3\" data-element_type=\"section\">\n\t\t\t\t\t\t<div class=\"elementor-container elementor-column-gap-default\">\n\t\t\t\t\t<div class=\"elementor-column elementor-col-100 elementor-top-column elementor-element elementor-element-d953ce3\" data-id=\"d953ce3\" data-element_type=\"column\">\n\t\t\t<div class=\"elementor-widget-wrap elementor-element-populated\">\n\t\t\t\t\t\t<div class=\"elementor-element elementor-element-e2eff23 elementor-widget elementor-widget-text-editor\" data-id=\"e2eff23\" data-element_type=\"widget\" data-widget_type=\"text-editor.default\">\n\t\t\t\t<div class=\"elementor-widget-container\">\n\t\t\t\t\t\t\t\t\t<p>Ces installations au service des activit\u00e9s de l\u2019unit\u00e9 TAAM s\u2019inscrivent dans un contexte tr\u00e8s exigeant aux niveaux sanitaire, r\u00e9glementaire et \u00e9thique.<\/p>R\u00e9pondre en continu \u00e0 ces exigences demandent des installations et des \u00e9quipements techniques performants 24h\/24h et 7j\/7j.\t\t\t\t\t\t\t\t<\/div>\n\t\t\t\t<\/div>\n\t\t\t\t<div class=\"elementor-element elementor-element-7ab2ad9 elementor-widget elementor-widget-spacer\" data-id=\"7ab2ad9\" data-element_type=\"widget\" data-widget_type=\"spacer.default\">\n\t\t\t\t<div class=\"elementor-widget-container\">\n\t\t\t\t\t\t\t<div class=\"elementor-spacer\">\n\t\t\t<div class=\"elementor-spacer-inner\"><\/div>\n\t\t<\/div>\n\t\t\t\t\t\t<\/div>\n\t\t\t\t<\/div>\n\t\t\t\t\t<\/div>\n\t\t<\/div>\n\t\t\t\t\t<\/div>\n\t\t<\/section>\n\t\t\t\t<section class=\"elementor-section elementor-top-section elementor-element elementor-element-75f3de6 elementor-section-boxed elementor-section-height-default elementor-section-height-default\" data-id=\"75f3de6\" data-element_type=\"section\">\n\t\t\t\t\t\t<div class=\"elementor-container elementor-column-gap-default\">\n\t\t\t\t\t<div class=\"elementor-column elementor-col-33 elementor-top-column elementor-element elementor-element-aa159c6\" data-id=\"aa159c6\" data-element_type=\"column\">\n\t\t\t<div class=\"elementor-widget-wrap elementor-element-populated\">\n\t\t\t\t\t\t<div class=\"elementor-element elementor-element-3e53a04 elementor-widget elementor-widget-e_image_hover_effects\" data-id=\"3e53a04\" data-element_type=\"widget\" data-widget_type=\"e_image_hover_effects.default\">\n\t\t\t\t<div class=\"elementor-widget-container\">\n\t\t\t\t\t\t\t\t<div class=\"eihe-box eihe-zoom-in eihe_\">\n\t\t\t\t<img fetchpriority=\"high\" decoding=\"async\" width=\"1024\" height=\"680\" src=\"https:\/\/www.taam.cnrs.fr\/wp-content\/uploads\/2021\/09\/DSC_0263-1024x680.jpg\" class=\"attachment-large size-large wp-image-3669\" alt=\"\" srcset=\"https:\/\/www.taam.cnrs.fr\/wp-content\/uploads\/2021\/09\/DSC_0263-1024x680.jpg 1024w, https:\/\/www.taam.cnrs.fr\/wp-content\/uploads\/2021\/09\/DSC_0263-300x199.jpg 300w, https:\/\/www.taam.cnrs.fr\/wp-content\/uploads\/2021\/09\/DSC_0263-768x510.jpg 768w, https:\/\/www.taam.cnrs.fr\/wp-content\/uploads\/2021\/09\/DSC_0263-1536x1020.jpg 1536w, https:\/\/www.taam.cnrs.fr\/wp-content\/uploads\/2021\/09\/DSC_0263-2048x1360.jpg 2048w, https:\/\/www.taam.cnrs.fr\/wp-content\/uploads\/2021\/09\/DSC_0263-1626x1080.jpg 1626w\" sizes=\"(max-width: 1024px) 100vw, 1024px\" \/>\t\t\t\t<div class=\"eihe-caption\">\n\t\t\t\t\t<div class=\"eihe-title-cover\">\n\t\t\t\t\t\t\t\t\t\t\t\t<h1 class=\"eihe-title\"><\/h1>\n\t\t\t\t\t\t\t\t\t\t\t<\/div>\n\t\t\t\t\t<p>\u2013 10 000 cages de portoirs ventil\u00e9s <br>\n\u2013 3 000 cages conventionnelles<br>\n \u2013 50 isolateurs de moyenne et grande capacit\u00e9<br>\n \u2013 Isolateurs mobiles pour le transport<br>\n \u2013 Zones prot\u00e9g\u00e9es<br>\n\u2013 Autoclaves et tunnels de lavage<br>\n \u2013 Postes de s\u00e9curit\u00e9 microbiologique<\/p>\n\t\t\t\t<\/div>\n\t\t\t<\/div>\n\t\t\t\t\t\t<\/div>\n\t\t\t\t<\/div>\n\t\t\t\t\t<\/div>\n\t\t<\/div>\n\t\t\t\t<div class=\"elementor-column elementor-col-33 elementor-top-column elementor-element elementor-element-67defcb\" data-id=\"67defcb\" data-element_type=\"column\">\n\t\t\t<div class=\"elementor-widget-wrap elementor-element-populated\">\n\t\t\t\t\t\t<div class=\"elementor-element elementor-element-9a4362e elementor-widget elementor-widget-e_image_hover_effects\" data-id=\"9a4362e\" data-element_type=\"widget\" data-widget_type=\"e_image_hover_effects.default\">\n\t\t\t\t<div class=\"elementor-widget-container\">\n\t\t\t\t\t\t\t\t<div class=\"eihe-box eihe-flip-vert eihe_\">\n\t\t\t\t<img decoding=\"async\" width=\"1024\" height=\"683\" src=\"https:\/\/www.taam.cnrs.fr\/wp-content\/uploads\/2021\/02\/P1025270-1024x683.jpg\" class=\"attachment-large size-large wp-image-1169\" alt=\"\" srcset=\"https:\/\/www.taam.cnrs.fr\/wp-content\/uploads\/2021\/02\/P1025270-1024x683.jpg 1024w, https:\/\/www.taam.cnrs.fr\/wp-content\/uploads\/2021\/02\/P1025270-300x200.jpg 300w, https:\/\/www.taam.cnrs.fr\/wp-content\/uploads\/2021\/02\/P1025270-768x513.jpg 768w, https:\/\/www.taam.cnrs.fr\/wp-content\/uploads\/2021\/02\/P1025270-1536x1025.jpg 1536w, https:\/\/www.taam.cnrs.fr\/wp-content\/uploads\/2021\/02\/P1025270-2048x1367.jpg 2048w, https:\/\/www.taam.cnrs.fr\/wp-content\/uploads\/2021\/02\/P1025270-1618x1080.jpg 1618w\" sizes=\"(max-width: 1024px) 100vw, 1024px\" \/>\t\t\t\t<div class=\"eihe-caption\">\n\t\t\t\t\t<div class=\"eihe-title-cover\">\n\t\t\t\t\t\t\t\t\t\t\t\t<h1 class=\"eihe-title\"><\/h1>\n\t\t\t\t\t\t\t\t\t\t\t<\/div>\n\t\t\t\t\t<p>\u2013 Cryoconteneurs sur deux sites s\u00e9curis\u00e9s<br>\n\u2013 Microscopes et loupes binoculaires<br>\n\u2013 Thermocycleurs pour le g\u00e9notypage des lign\u00e9es<\/p>\n\t\t\t\t<\/div>\n\t\t\t<\/div>\n\t\t\t\t\t\t<\/div>\n\t\t\t\t<\/div>\n\t\t\t\t\t<\/div>\n\t\t<\/div>\n\t\t\t\t<div class=\"elementor-column elementor-col-33 elementor-top-column elementor-element elementor-element-8a49f57\" data-id=\"8a49f57\" data-element_type=\"column\">\n\t\t\t<div class=\"elementor-widget-wrap elementor-element-populated\">\n\t\t\t\t\t\t<div class=\"elementor-element elementor-element-3c15a97 elementor-widget elementor-widget-e_image_hover_effects\" data-id=\"3c15a97\" data-element_type=\"widget\" data-widget_type=\"e_image_hover_effects.default\">\n\t\t\t\t<div class=\"elementor-widget-container\">\n\t\t\t\t\t\t\t\t<div class=\"eihe-box eihe-zoom-in eihe_\">\n\t\t\t\t<img decoding=\"async\" width=\"1024\" height=\"768\" src=\"https:\/\/www.taam.cnrs.fr\/wp-content\/uploads\/2021\/09\/IMG_1426-new.jpg\" class=\"attachment-large size-large wp-image-3852\" alt=\"\" srcset=\"https:\/\/www.taam.cnrs.fr\/wp-content\/uploads\/2021\/09\/IMG_1426-new.jpg 1024w, https:\/\/www.taam.cnrs.fr\/wp-content\/uploads\/2021\/09\/IMG_1426-new-300x225.jpg 300w, https:\/\/www.taam.cnrs.fr\/wp-content\/uploads\/2021\/09\/IMG_1426-new-768x576.jpg 768w\" sizes=\"(max-width: 1024px) 100vw, 1024px\" \/>\t\t\t\t<div class=\"eihe-caption\">\n\t\t\t\t\t<div class=\"eihe-title-cover\">\n\t\t\t\t\t\t\t\t\t\t\t\t<h1 class=\"eihe-title\"><\/h1>\n\t\t\t\t\t\t\t\t\t\t\t<\/div>\n\t\t\t\t\t<p>\u2013 Echographe coupl\u00e9 \u00e0 l\u2019imagerie photoacoustique (Vevo LAZR\u00ae)<br>\n\u2013 Tomographe par \u00e9mission monophotonique (NanoSPECT\/CT\u00ae) <br>\n\u2013  Tomographe par \u00e9mission de positons (eXplore Vista\u00ae)<br>\n\u2013 Tomodensitom\u00e8tre X (Scanner X Skyscan 1278\u00ae)<br>\n\u2013 Bioluminescence et fluorescence proche infrarouge (IVIS Lumina\u00ae)\n<\/p>\n\t\t\t\t<\/div>\n\t\t\t<\/div>\n\t\t\t\t\t\t<\/div>\n\t\t\t\t<\/div>\n\t\t\t\t\t<\/div>\n\t\t<\/div>\n\t\t\t\t\t<\/div>\n\t\t<\/section>\n\t\t\t\t<section class=\"elementor-section elementor-top-section elementor-element elementor-element-a97da6d elementor-section-boxed elementor-section-height-default elementor-section-height-default\" data-id=\"a97da6d\" data-element_type=\"section\">\n\t\t\t\t\t\t<div class=\"elementor-container elementor-column-gap-default\">\n\t\t\t\t\t<div class=\"elementor-column elementor-col-33 elementor-top-column elementor-element elementor-element-094e57d\" data-id=\"094e57d\" data-element_type=\"column\">\n\t\t\t<div class=\"elementor-widget-wrap elementor-element-populated\">\n\t\t\t\t\t\t<div class=\"elementor-element elementor-element-78c4984 elementor-widget elementor-widget-heading\" data-id=\"78c4984\" data-element_type=\"widget\" data-widget_type=\"heading.default\">\n\t\t\t\t<div class=\"elementor-widget-container\">\n\t\t\t\t\t<h6 class=\"elementor-heading-title elementor-size-default\">Equipements d\u00e9di\u00e9s aux activit\u00e9s d\u2019h\u00e9bergement <BR> \u00a9 TAAM\u00a0<\/h6>\t\t\t\t<\/div>\n\t\t\t\t<\/div>\n\t\t\t\t\t<\/div>\n\t\t<\/div>\n\t\t\t\t<div class=\"elementor-column elementor-col-33 elementor-top-column elementor-element elementor-element-c8fa89d\" data-id=\"c8fa89d\" data-element_type=\"column\">\n\t\t\t<div class=\"elementor-widget-wrap elementor-element-populated\">\n\t\t\t\t\t\t<div class=\"elementor-element elementor-element-d8dd0ae elementor-widget elementor-widget-heading\" data-id=\"d8dd0ae\" data-element_type=\"widget\" data-widget_type=\"heading.default\">\n\t\t\t\t<div class=\"elementor-widget-container\">\n\t\t\t\t\t<h6 class=\"elementor-heading-title elementor-size-default\">Equipements d\u00e9di\u00e9s aux activit\u00e9s de cryo archivage et g\u00e9notypage <BR> \u00a9 TAAM \/ Gilles Kagan <\/h6>\t\t\t\t<\/div>\n\t\t\t\t<\/div>\n\t\t\t\t\t<\/div>\n\t\t<\/div>\n\t\t\t\t<div class=\"elementor-column elementor-col-33 elementor-top-column elementor-element elementor-element-aeb9a6a\" data-id=\"aeb9a6a\" data-element_type=\"column\">\n\t\t\t<div class=\"elementor-widget-wrap elementor-element-populated\">\n\t\t\t\t\t\t<div class=\"elementor-element elementor-element-1100fc8 elementor-widget elementor-widget-heading\" data-id=\"1100fc8\" data-element_type=\"widget\" data-widget_type=\"heading.default\">\n\t\t\t\t<div class=\"elementor-widget-container\">\n\t\t\t\t\t<h6 class=\"elementor-heading-title elementor-size-default\">Equipements d\u00e9di\u00e9s aux activit\u00e9s d'imagerie <BR> \u00a9 TAAM \/ Gilles Kagan<\/h6>\t\t\t\t<\/div>\n\t\t\t\t<\/div>\n\t\t\t\t\t<\/div>\n\t\t<\/div>\n\t\t\t\t\t<\/div>\n\t\t<\/section>\n\t\t\t\t<\/div>\n\t\t","protected":false},"excerpt":{"rendered":"<p>R\u00e9partis sur une surface de 8500 m\u00b2 et 5 b\u00e2timents, l\u2019unit\u00e9 TAAM est dot\u00e9e d\u2019une infrastructure et d\u2019\u00e9quipements de haute technologie permettant : Des \u00e9levages en conditions contr\u00f4l\u00e9es (temp\u00e9rature, air, pression), associ\u00e9es \u00e0 diff\u00e9rents services de contr\u00f4les sanitaires, biologie mol\u00e9culaire, cryo-conservation. La r\u00e9alisation d\u2019op\u00e9rations d\u2019imagerie du petit animal. Ces installations au service des activit\u00e9s de&hellip; <br \/> <a class=\"read-more\" href=\"https:\/\/www.taam.cnrs.fr\/index.php\/infrastructure\/\">Read more<\/a><\/p>\n","protected":false},"author":1,"featured_media":0,"parent":0,"menu_order":0,"comment_status":"closed","ping_status":"closed","template":"","meta":{"footnotes":""},"class_list":["post-2050","page","type-page","status-publish","hentry"],"yoast_head":"<!-- This site is optimized with the Yoast SEO plugin v26.4 - https:\/\/yoast.com\/wordpress\/plugins\/seo\/ -->\n<title>Infrastructure - TAAM - CNRS Orl\u00e9ans<\/title>\n<meta name=\"robots\" content=\"index, follow, max-snippet:-1, max-image-preview:large, max-video-preview:-1\" \/>\n<link rel=\"canonical\" href=\"https:\/\/www.taam.cnrs.fr\/index.php\/infrastructure\/\" \/>\n<meta property=\"og:locale\" content=\"fr_FR\" \/>\n<meta property=\"og:type\" content=\"article\" \/>\n<meta property=\"og:title\" content=\"Infrastructure - TAAM - CNRS Orl\u00e9ans\" \/>\n<meta property=\"og:description\" content=\"R\u00e9partis sur une surface de 8500 m\u00b2 et 5 b\u00e2timents, l\u2019unit\u00e9 TAAM est dot\u00e9e d\u2019une infrastructure et d\u2019\u00e9quipements de haute technologie permettant : Des \u00e9levages en conditions contr\u00f4l\u00e9es (temp\u00e9rature, air, pression), associ\u00e9es \u00e0 diff\u00e9rents services de contr\u00f4les sanitaires, biologie mol\u00e9culaire, cryo-conservation. La r\u00e9alisation d\u2019op\u00e9rations d\u2019imagerie du petit animal. Ces installations au service des activit\u00e9s de&hellip; Read more\" \/>\n<meta property=\"og:url\" content=\"https:\/\/www.taam.cnrs.fr\/index.php\/infrastructure\/\" \/>\n<meta property=\"og:site_name\" content=\"TAAM - CNRS Orl\u00e9ans\" \/>\n<meta property=\"article:modified_time\" content=\"2021-10-11T08:45:37+00:00\" \/>\n<meta property=\"og:image\" content=\"https:\/\/www.taam.cnrs.fr\/wp-content\/uploads\/2021\/09\/DSC_0263-1024x680.jpg\" \/>\n<meta name=\"twitter:card\" content=\"summary_large_image\" \/>\n<meta name=\"twitter:label1\" content=\"Dur\u00e9e de lecture estim\u00e9e\" \/>\n\t<meta name=\"twitter:data1\" content=\"1 minute\" \/>\n<script type=\"application\/ld+json\" class=\"yoast-schema-graph\">{\"@context\":\"https:\/\/schema.org\",\"@graph\":[{\"@type\":\"WebPage\",\"@id\":\"https:\/\/www.taam.cnrs.fr\/index.php\/infrastructure\/\",\"url\":\"https:\/\/www.taam.cnrs.fr\/index.php\/infrastructure\/\",\"name\":\"Infrastructure - TAAM - CNRS Orl\u00e9ans\",\"isPartOf\":{\"@id\":\"https:\/\/www.taam.cnrs.fr\/#website\"},\"primaryImageOfPage\":{\"@id\":\"https:\/\/www.taam.cnrs.fr\/index.php\/infrastructure\/#primaryimage\"},\"image\":{\"@id\":\"https:\/\/www.taam.cnrs.fr\/index.php\/infrastructure\/#primaryimage\"},\"thumbnailUrl\":\"https:\/\/www.taam.cnrs.fr\/wp-content\/uploads\/2021\/09\/DSC_0263-1024x680.jpg\",\"datePublished\":\"2021-03-31T09:13:43+00:00\",\"dateModified\":\"2021-10-11T08:45:37+00:00\",\"breadcrumb\":{\"@id\":\"https:\/\/www.taam.cnrs.fr\/index.php\/infrastructure\/#breadcrumb\"},\"inLanguage\":\"fr-FR\",\"potentialAction\":[{\"@type\":\"ReadAction\",\"target\":[\"https:\/\/www.taam.cnrs.fr\/index.php\/infrastructure\/\"]}]},{\"@type\":\"ImageObject\",\"inLanguage\":\"fr-FR\",\"@id\":\"https:\/\/www.taam.cnrs.fr\/index.php\/infrastructure\/#primaryimage\",\"url\":\"https:\/\/www.taam.cnrs.fr\/wp-content\/uploads\/2021\/09\/DSC_0263-1024x680.jpg\",\"contentUrl\":\"https:\/\/www.taam.cnrs.fr\/wp-content\/uploads\/2021\/09\/DSC_0263-1024x680.jpg\"},{\"@type\":\"BreadcrumbList\",\"@id\":\"https:\/\/www.taam.cnrs.fr\/index.php\/infrastructure\/#breadcrumb\",\"itemListElement\":[{\"@type\":\"ListItem\",\"position\":1,\"name\":\"Accueil\",\"item\":\"https:\/\/www.taam.cnrs.fr\/\"},{\"@type\":\"ListItem\",\"position\":2,\"name\":\"Infrastructure\"}]},{\"@type\":\"WebSite\",\"@id\":\"https:\/\/www.taam.cnrs.fr\/#website\",\"url\":\"https:\/\/www.taam.cnrs.fr\/\",\"name\":\"TAAM - CNRS Orl\u00e9ans\",\"description\":\"Typage et Archivage d&#039;Animaux Mod\u00e8les - UAR 44\",\"publisher\":{\"@id\":\"https:\/\/www.taam.cnrs.fr\/#organization\"},\"potentialAction\":[{\"@type\":\"SearchAction\",\"target\":{\"@type\":\"EntryPoint\",\"urlTemplate\":\"https:\/\/www.taam.cnrs.fr\/?s={search_term_string}\"},\"query-input\":{\"@type\":\"PropertyValueSpecification\",\"valueRequired\":true,\"valueName\":\"search_term_string\"}}],\"inLanguage\":\"fr-FR\"},{\"@type\":\"Organization\",\"@id\":\"https:\/\/www.taam.cnrs.fr\/#organization\",\"name\":\"TAAM - CNRS Orl\u00e9ans\",\"url\":\"https:\/\/www.taam.cnrs.fr\/\",\"logo\":{\"@type\":\"ImageObject\",\"inLanguage\":\"fr-FR\",\"@id\":\"https:\/\/www.taam.cnrs.fr\/#\/schema\/logo\/image\/\",\"url\":\"https:\/\/www.taam.cnrs.fr\/wp-content\/uploads\/2025\/01\/cropped-LOGO_CNRS_BLEU.png\",\"contentUrl\":\"https:\/\/www.taam.cnrs.fr\/wp-content\/uploads\/2025\/01\/cropped-LOGO_CNRS_BLEU.png\",\"width\":875,\"height\":863,\"caption\":\"TAAM - CNRS Orl\u00e9ans\"},\"image\":{\"@id\":\"https:\/\/www.taam.cnrs.fr\/#\/schema\/logo\/image\/\"}}]}<\/script>\n<!-- \/ Yoast SEO plugin. -->","yoast_head_json":{"title":"Infrastructure - TAAM - CNRS Orl\u00e9ans","robots":{"index":"index","follow":"follow","max-snippet":"max-snippet:-1","max-image-preview":"max-image-preview:large","max-video-preview":"max-video-preview:-1"},"canonical":"https:\/\/www.taam.cnrs.fr\/index.php\/infrastructure\/","og_locale":"fr_FR","og_type":"article","og_title":"Infrastructure - TAAM - CNRS Orl\u00e9ans","og_description":"R\u00e9partis sur une surface de 8500 m\u00b2 et 5 b\u00e2timents, l\u2019unit\u00e9 TAAM est dot\u00e9e d\u2019une infrastructure et d\u2019\u00e9quipements de haute technologie permettant : Des \u00e9levages en conditions contr\u00f4l\u00e9es (temp\u00e9rature, air, pression), associ\u00e9es \u00e0 diff\u00e9rents services de contr\u00f4les sanitaires, biologie mol\u00e9culaire, cryo-conservation. La r\u00e9alisation d\u2019op\u00e9rations d\u2019imagerie du petit animal. Ces installations au service des activit\u00e9s de&hellip; Read more","og_url":"https:\/\/www.taam.cnrs.fr\/index.php\/infrastructure\/","og_site_name":"TAAM - CNRS Orl\u00e9ans","article_modified_time":"2021-10-11T08:45:37+00:00","og_image":[{"url":"https:\/\/www.taam.cnrs.fr\/wp-content\/uploads\/2021\/09\/DSC_0263-1024x680.jpg","type":"","width":"","height":""}],"twitter_card":"summary_large_image","twitter_misc":{"Dur\u00e9e de lecture estim\u00e9e":"1 minute"},"schema":{"@context":"https:\/\/schema.org","@graph":[{"@type":"WebPage","@id":"https:\/\/www.taam.cnrs.fr\/index.php\/infrastructure\/","url":"https:\/\/www.taam.cnrs.fr\/index.php\/infrastructure\/","name":"Infrastructure - TAAM - CNRS Orl\u00e9ans","isPartOf":{"@id":"https:\/\/www.taam.cnrs.fr\/#website"},"primaryImageOfPage":{"@id":"https:\/\/www.taam.cnrs.fr\/index.php\/infrastructure\/#primaryimage"},"image":{"@id":"https:\/\/www.taam.cnrs.fr\/index.php\/infrastructure\/#primaryimage"},"thumbnailUrl":"https:\/\/www.taam.cnrs.fr\/wp-content\/uploads\/2021\/09\/DSC_0263-1024x680.jpg","datePublished":"2021-03-31T09:13:43+00:00","dateModified":"2021-10-11T08:45:37+00:00","breadcrumb":{"@id":"https:\/\/www.taam.cnrs.fr\/index.php\/infrastructure\/#breadcrumb"},"inLanguage":"fr-FR","potentialAction":[{"@type":"ReadAction","target":["https:\/\/www.taam.cnrs.fr\/index.php\/infrastructure\/"]}]},{"@type":"ImageObject","inLanguage":"fr-FR","@id":"https:\/\/www.taam.cnrs.fr\/index.php\/infrastructure\/#primaryimage","url":"https:\/\/www.taam.cnrs.fr\/wp-content\/uploads\/2021\/09\/DSC_0263-1024x680.jpg","contentUrl":"https:\/\/www.taam.cnrs.fr\/wp-content\/uploads\/2021\/09\/DSC_0263-1024x680.jpg"},{"@type":"BreadcrumbList","@id":"https:\/\/www.taam.cnrs.fr\/index.php\/infrastructure\/#breadcrumb","itemListElement":[{"@type":"ListItem","position":1,"name":"Accueil","item":"https:\/\/www.taam.cnrs.fr\/"},{"@type":"ListItem","position":2,"name":"Infrastructure"}]},{"@type":"WebSite","@id":"https:\/\/www.taam.cnrs.fr\/#website","url":"https:\/\/www.taam.cnrs.fr\/","name":"TAAM - CNRS Orl\u00e9ans","description":"Typage et Archivage d&#039;Animaux Mod\u00e8les - UAR 44","publisher":{"@id":"https:\/\/www.taam.cnrs.fr\/#organization"},"potentialAction":[{"@type":"SearchAction","target":{"@type":"EntryPoint","urlTemplate":"https:\/\/www.taam.cnrs.fr\/?s={search_term_string}"},"query-input":{"@type":"PropertyValueSpecification","valueRequired":true,"valueName":"search_term_string"}}],"inLanguage":"fr-FR"},{"@type":"Organization","@id":"https:\/\/www.taam.cnrs.fr\/#organization","name":"TAAM - CNRS Orl\u00e9ans","url":"https:\/\/www.taam.cnrs.fr\/","logo":{"@type":"ImageObject","inLanguage":"fr-FR","@id":"https:\/\/www.taam.cnrs.fr\/#\/schema\/logo\/image\/","url":"https:\/\/www.taam.cnrs.fr\/wp-content\/uploads\/2025\/01\/cropped-LOGO_CNRS_BLEU.png","contentUrl":"https:\/\/www.taam.cnrs.fr\/wp-content\/uploads\/2025\/01\/cropped-LOGO_CNRS_BLEU.png","width":875,"height":863,"caption":"TAAM - CNRS Orl\u00e9ans"},"image":{"@id":"https:\/\/www.taam.cnrs.fr\/#\/schema\/logo\/image\/"}}]}},"_links":{"self":[{"href":"https:\/\/www.taam.cnrs.fr\/index.php\/wp-json\/wp\/v2\/pages\/2050","targetHints":{"allow":["GET"]}}],"collection":[{"href":"https:\/\/www.taam.cnrs.fr\/index.php\/wp-json\/wp\/v2\/pages"}],"about":[{"href":"https:\/\/www.taam.cnrs.fr\/index.php\/wp-json\/wp\/v2\/types\/page"}],"author":[{"embeddable":true,"href":"https:\/\/www.taam.cnrs.fr\/index.php\/wp-json\/wp\/v2\/users\/1"}],"replies":[{"embeddable":true,"href":"https:\/\/www.taam.cnrs.fr\/index.php\/wp-json\/wp\/v2\/comments?post=2050"}],"version-history":[{"count":193,"href":"https:\/\/www.taam.cnrs.fr\/index.php\/wp-json\/wp\/v2\/pages\/2050\/revisions"}],"predecessor-version":[{"id":3861,"href":"https:\/\/www.taam.cnrs.fr\/index.php\/wp-json\/wp\/v2\/pages\/2050\/revisions\/3861"}],"wp:attachment":[{"href":"https:\/\/www.taam.cnrs.fr\/index.php\/wp-json\/wp\/v2\/media?parent=2050"}],"curies":[{"name":"wp","href":"https:\/\/api.w.org\/{rel}","templated":true}]}}