{"id":2194,"date":"2021-04-01T10:02:09","date_gmt":"2021-04-01T08:02:09","guid":{"rendered":"https:\/\/www.taam.cnrs.fr\/?page_id=2194"},"modified":"2021-09-20T16:04:12","modified_gmt":"2021-09-20T14:04:12","slug":"import-export","status":"publish","type":"page","link":"https:\/\/www.taam.cnrs.fr\/index.php\/import-export\/","title":{"rendered":"Import Export"},"content":{"rendered":"\t\t<div data-elementor-type=\"wp-page\" data-elementor-id=\"2194\" class=\"elementor elementor-2194\">\n\t\t\t\t\t\t<section class=\"elementor-section elementor-top-section elementor-element elementor-element-c31f49b elementor-section-boxed elementor-section-height-default elementor-section-height-default\" data-id=\"c31f49b\" data-element_type=\"section\">\n\t\t\t\t\t\t<div class=\"elementor-container elementor-column-gap-default\">\n\t\t\t\t\t<div class=\"elementor-column elementor-col-100 elementor-top-column elementor-element elementor-element-6c51742\" data-id=\"6c51742\" data-element_type=\"column\">\n\t\t\t<div class=\"elementor-widget-wrap elementor-element-populated\">\n\t\t\t\t\t\t<div class=\"elementor-element elementor-element-c75b65f elementor-widget elementor-widget-text-editor\" data-id=\"c75b65f\" data-element_type=\"widget\" data-widget_type=\"text-editor.default\">\n\t\t\t\t<div class=\"elementor-widget-container\">\n\t\t\t\t\t\t\t\t\t<p>Le TAAM assure aupr\u00e8s de ses utilisateurs le transfert de mod\u00e8les murins sous formes \u00ab\u00a0respirantes\u00a0\u00bb ou congel\u00e9es (embryons, sperme) en France ou \u00e0 l\u2019international.<\/p>\t\t\t\t\t\t\t\t<\/div>\n\t\t\t\t<\/div>\n\t\t\t\t\t<\/div>\n\t\t<\/div>\n\t\t\t\t\t<\/div>\n\t\t<\/section>\n\t\t\t\t<section class=\"elementor-section elementor-top-section elementor-element elementor-element-71bd67e elementor-section-boxed elementor-section-height-default elementor-section-height-default\" data-id=\"71bd67e\" data-element_type=\"section\">\n\t\t\t\t\t\t<div class=\"elementor-container elementor-column-gap-default\">\n\t\t\t\t\t<div class=\"elementor-column elementor-col-100 elementor-top-column elementor-element elementor-element-9094004\" data-id=\"9094004\" data-element_type=\"column\">\n\t\t\t<div class=\"elementor-widget-wrap elementor-element-populated\">\n\t\t\t\t\t\t<div class=\"elementor-element elementor-element-0978947 elementor-widget elementor-widget-text-editor\" data-id=\"0978947\" data-element_type=\"widget\" data-widget_type=\"text-editor.default\">\n\t\t\t\t<div class=\"elementor-widget-container\">\n\t\t\t\t\t\t\t\t\t<p>Dans le cadre du consortium europ\u00e9en EMMA, le TAAM assure la distribution de mod\u00e8les mis \u00e0 la disposition de la communaut\u00e9 scientifique.<\/p>\t\t\t\t\t\t\t\t<\/div>\n\t\t\t\t<\/div>\n\t\t\t\t\t<\/div>\n\t\t<\/div>\n\t\t\t\t\t<\/div>\n\t\t<\/section>\n\t\t\t\t<section class=\"elementor-section elementor-top-section elementor-element elementor-element-a16bb20 elementor-section-boxed elementor-section-height-default elementor-section-height-default\" data-id=\"a16bb20\" data-element_type=\"section\">\n\t\t\t\t\t\t<div class=\"elementor-container elementor-column-gap-default\">\n\t\t\t\t\t<div class=\"elementor-column elementor-col-100 elementor-top-column elementor-element elementor-element-a0348a0\" data-id=\"a0348a0\" data-element_type=\"column\">\n\t\t\t<div class=\"elementor-widget-wrap elementor-element-populated\">\n\t\t\t\t\t\t<div class=\"elementor-element elementor-element-f49ac56 elementor-widget elementor-widget-text-editor\" data-id=\"f49ac56\" data-element_type=\"widget\" data-widget_type=\"text-editor.default\">\n\t\t\t\t<div class=\"elementor-widget-container\">\n\t\t\t\t\t\t\t\t\t<p>Nous collaborons avec les transporteurs et diff\u00e9rents services institutionnels\u00a0:<\/p>\t\t\t\t\t\t\t\t<\/div>\n\t\t\t\t<\/div>\n\t\t\t\t\t<\/div>\n\t\t<\/div>\n\t\t\t\t\t<\/div>\n\t\t<\/section>\n\t\t\t\t<section class=\"elementor-section elementor-top-section elementor-element elementor-element-f2b8993 elementor-section-boxed elementor-section-height-default elementor-section-height-default\" data-id=\"f2b8993\" data-element_type=\"section\">\n\t\t\t\t\t\t<div class=\"elementor-container elementor-column-gap-default\">\n\t\t\t\t\t<div class=\"elementor-column elementor-col-100 elementor-top-column elementor-element elementor-element-0a8e4d9\" data-id=\"0a8e4d9\" data-element_type=\"column\">\n\t\t\t<div class=\"elementor-widget-wrap elementor-element-populated\">\n\t\t\t\t\t\t<div class=\"elementor-element elementor-element-b05ae7d elementor-widget elementor-widget-text-editor\" data-id=\"b05ae7d\" data-element_type=\"widget\" data-widget_type=\"text-editor.default\">\n\t\t\t\t<div class=\"elementor-widget-container\">\n\t\t\t\t\t\t\t\t\t<ul><li>Le service des douanes,<\/li><li>La DDPP 45 (Direction D\u00e9partementale de la Protection des Populations du Loiret),<\/li><li>La CCI du Loiret (Chambre de Commerce et d\u2019Industrie).<\/li><\/ul>\t\t\t\t\t\t\t\t<\/div>\n\t\t\t\t<\/div>\n\t\t\t\t\t<\/div>\n\t\t<\/div>\n\t\t\t\t\t<\/div>\n\t\t<\/section>\n\t\t\t\t<section class=\"elementor-section elementor-top-section elementor-element elementor-element-c2015d9 elementor-section-boxed elementor-section-height-default elementor-section-height-default\" data-id=\"c2015d9\" data-element_type=\"section\">\n\t\t\t\t\t\t<div class=\"elementor-container elementor-column-gap-default\">\n\t\t\t\t\t<div class=\"elementor-column elementor-col-100 elementor-top-column elementor-element elementor-element-3ba6bb6\" data-id=\"3ba6bb6\" data-element_type=\"column\">\n\t\t\t<div class=\"elementor-widget-wrap elementor-element-populated\">\n\t\t\t\t\t\t<div class=\"elementor-element elementor-element-45e7d78 elementor-widget elementor-widget-text-editor\" data-id=\"45e7d78\" data-element_type=\"widget\" data-widget_type=\"text-editor.default\">\n\t\t\t\t<div class=\"elementor-widget-container\">\n\t\t\t\t\t\t\t\t\t<p>Les transports d\u2019animaux sont r\u00e9alis\u00e9s conform\u00e9ment \u00e0 la l\u00e9gislation en vigueur, r\u00e9gie par la convention europ\u00e9enne sur la protection des animaux en transport international STE n\u00b0065 :<br \/><a href=\"https:\/\/www.coe.int\/fr\/web\/conventions\/full-list\/-\/conventions\/treaty\/065\" target=\"_blank\" rel=\"noopener\">https:\/\/www.coe.int\/fr\/web\/conventions\/full-list\/-\/conventions\/treaty\/065<\/a><\/p>\t\t\t\t\t\t\t\t<\/div>\n\t\t\t\t<\/div>\n\t\t\t\t<div class=\"elementor-element elementor-element-654c115 elementor-widget elementor-widget-spacer\" data-id=\"654c115\" data-element_type=\"widget\" data-widget_type=\"spacer.default\">\n\t\t\t\t<div class=\"elementor-widget-container\">\n\t\t\t\t\t\t\t<div class=\"elementor-spacer\">\n\t\t\t<div class=\"elementor-spacer-inner\"><\/div>\n\t\t<\/div>\n\t\t\t\t\t\t<\/div>\n\t\t\t\t<\/div>\n\t\t\t\t\t<\/div>\n\t\t<\/div>\n\t\t\t\t\t<\/div>\n\t\t<\/section>\n\t\t\t\t<section class=\"elementor-section elementor-top-section elementor-element elementor-element-93f6476 elementor-section-boxed elementor-section-height-default elementor-section-height-default\" data-id=\"93f6476\" data-element_type=\"section\">\n\t\t\t\t\t\t<div class=\"elementor-container elementor-column-gap-default\">\n\t\t\t\t\t<div class=\"elementor-column elementor-col-50 elementor-top-column elementor-element elementor-element-b5bf903\" data-id=\"b5bf903\" data-element_type=\"column\">\n\t\t\t<div class=\"elementor-widget-wrap elementor-element-populated\">\n\t\t\t\t\t\t<div class=\"elementor-element elementor-element-b1e4779 elementor-position-top elementor-widget elementor-widget-image-box\" data-id=\"b1e4779\" data-element_type=\"widget\" data-widget_type=\"image-box.default\">\n\t\t\t\t<div class=\"elementor-widget-container\">\n\t\t\t\t\t<div class=\"elementor-image-box-wrapper\"><figure class=\"elementor-image-box-img\"><img fetchpriority=\"high\" decoding=\"async\" width=\"2560\" height=\"1920\" src=\"https:\/\/www.taam.cnrs.fr\/wp-content\/uploads\/2021\/08\/Boite-de-transport-international-scaled.jpg\" class=\"attachment-full size-full wp-image-3036\" alt=\"\" srcset=\"https:\/\/www.taam.cnrs.fr\/wp-content\/uploads\/2021\/08\/Boite-de-transport-international-scaled.jpg 2560w, https:\/\/www.taam.cnrs.fr\/wp-content\/uploads\/2021\/08\/Boite-de-transport-international-300x225.jpg 300w, https:\/\/www.taam.cnrs.fr\/wp-content\/uploads\/2021\/08\/Boite-de-transport-international-1024x768.jpg 1024w, https:\/\/www.taam.cnrs.fr\/wp-content\/uploads\/2021\/08\/Boite-de-transport-international-768x576.jpg 768w, https:\/\/www.taam.cnrs.fr\/wp-content\/uploads\/2021\/08\/Boite-de-transport-international-1536x1152.jpg 1536w, https:\/\/www.taam.cnrs.fr\/wp-content\/uploads\/2021\/08\/Boite-de-transport-international-2048x1536.jpg 2048w, https:\/\/www.taam.cnrs.fr\/wp-content\/uploads\/2021\/08\/Boite-de-transport-international-1440x1080.jpg 1440w\" sizes=\"(max-width: 2560px) 100vw, 2560px\" \/><\/figure><div class=\"elementor-image-box-content\"><h6 class=\"elementor-image-box-title\">Bo\u00eete de transport international <br>\u00a9 TAAM<\/h6><\/div><\/div>\t\t\t\t<\/div>\n\t\t\t\t<\/div>\n\t\t\t\t<div class=\"elementor-element elementor-element-dd97868 elementor-widget elementor-widget-spacer\" data-id=\"dd97868\" data-element_type=\"widget\" data-widget_type=\"spacer.default\">\n\t\t\t\t<div class=\"elementor-widget-container\">\n\t\t\t\t\t\t\t<div class=\"elementor-spacer\">\n\t\t\t<div class=\"elementor-spacer-inner\"><\/div>\n\t\t<\/div>\n\t\t\t\t\t\t<\/div>\n\t\t\t\t<\/div>\n\t\t\t\t\t<\/div>\n\t\t<\/div>\n\t\t\t\t<div class=\"elementor-column elementor-col-50 elementor-top-column elementor-element elementor-element-7cc7033\" data-id=\"7cc7033\" data-element_type=\"column\">\n\t\t\t<div class=\"elementor-widget-wrap elementor-element-populated\">\n\t\t\t\t\t\t<div class=\"elementor-element elementor-element-141c897 elementor-position-top elementor-widget elementor-widget-image-box\" data-id=\"141c897\" data-element_type=\"widget\" data-widget_type=\"image-box.default\">\n\t\t\t\t<div class=\"elementor-widget-container\">\n\t\t\t\t\t<div class=\"elementor-image-box-wrapper\"><figure class=\"elementor-image-box-img\"><img decoding=\"async\" width=\"912\" height=\"655\" src=\"https:\/\/www.taam.cnrs.fr\/wp-content\/uploads\/2020\/07\/Photo392.jpg\" class=\"attachment-full size-full wp-image-113\" alt=\"\" srcset=\"https:\/\/www.taam.cnrs.fr\/wp-content\/uploads\/2020\/07\/Photo392.jpg 912w, https:\/\/www.taam.cnrs.fr\/wp-content\/uploads\/2020\/07\/Photo392-600x431.jpg 600w, https:\/\/www.taam.cnrs.fr\/wp-content\/uploads\/2020\/07\/Photo392-300x215.jpg 300w, https:\/\/www.taam.cnrs.fr\/wp-content\/uploads\/2020\/07\/Photo392-768x552.jpg 768w\" sizes=\"(max-width: 912px) 100vw, 912px\" \/><\/figure><div class=\"elementor-image-box-content\"><h6 class=\"elementor-image-box-title\">Isolateur de transport pour souris ax\u00e9niques <BR> \u00a9 TAAM \/ Gilles Kagan<\/h6><\/div><\/div>\t\t\t\t<\/div>\n\t\t\t\t<\/div>\n\t\t\t\t<div class=\"elementor-element elementor-element-e1d69de elementor-widget elementor-widget-spacer\" data-id=\"e1d69de\" data-element_type=\"widget\" data-widget_type=\"spacer.default\">\n\t\t\t\t<div class=\"elementor-widget-container\">\n\t\t\t\t\t\t\t<div class=\"elementor-spacer\">\n\t\t\t<div class=\"elementor-spacer-inner\"><\/div>\n\t\t<\/div>\n\t\t\t\t\t\t<\/div>\n\t\t\t\t<\/div>\n\t\t\t\t\t<\/div>\n\t\t<\/div>\n\t\t\t\t\t<\/div>\n\t\t<\/section>\n\t\t\t\t<section class=\"elementor-section elementor-top-section elementor-element elementor-element-70aeab5 elementor-section-boxed elementor-section-height-default elementor-section-height-default\" data-id=\"70aeab5\" data-element_type=\"section\">\n\t\t\t\t\t\t<div class=\"elementor-container elementor-column-gap-default\">\n\t\t\t\t\t<div class=\"elementor-column elementor-col-50 elementor-top-column elementor-element elementor-element-18da57c\" data-id=\"18da57c\" data-element_type=\"column\">\n\t\t\t<div class=\"elementor-widget-wrap elementor-element-populated\">\n\t\t\t\t\t\t<div class=\"elementor-element elementor-element-a54d78e elementor-position-top elementor-widget elementor-widget-image-box\" data-id=\"a54d78e\" data-element_type=\"widget\" data-widget_type=\"image-box.default\">\n\t\t\t\t<div class=\"elementor-widget-container\">\n\t\t\t\t\t<div class=\"elementor-image-box-wrapper\"><figure class=\"elementor-image-box-img\"><img decoding=\"async\" width=\"535\" height=\"845\" src=\"https:\/\/www.taam.cnrs.fr\/wp-content\/uploads\/2020\/07\/Photo398.jpg\" class=\"attachment-full size-full wp-image-119\" alt=\"\" srcset=\"https:\/\/www.taam.cnrs.fr\/wp-content\/uploads\/2020\/07\/Photo398.jpg 535w, https:\/\/www.taam.cnrs.fr\/wp-content\/uploads\/2020\/07\/Photo398-190x300.jpg 190w\" sizes=\"(max-width: 535px) 100vw, 535px\" \/><\/figure><div class=\"elementor-image-box-content\"><h6 class=\"elementor-image-box-title\">Dry shipper utilis\u00e9 pour le transport des paillettes <BR> \u00a9 TAAM \/ Gilles Kagan<\/h6><\/div><\/div>\t\t\t\t<\/div>\n\t\t\t\t<\/div>\n\t\t\t\t\t<\/div>\n\t\t<\/div>\n\t\t\t\t<div class=\"elementor-column elementor-col-50 elementor-top-column elementor-element elementor-element-bbf888d\" data-id=\"bbf888d\" data-element_type=\"column\">\n\t\t\t<div class=\"elementor-widget-wrap elementor-element-populated\">\n\t\t\t\t\t\t<div class=\"elementor-element elementor-element-93f4675 elementor-position-top elementor-widget elementor-widget-image-box\" data-id=\"93f4675\" data-element_type=\"widget\" data-widget_type=\"image-box.default\">\n\t\t\t\t<div class=\"elementor-widget-container\">\n\t\t\t\t\t<div class=\"elementor-image-box-wrapper\"><figure class=\"elementor-image-box-img\"><img loading=\"lazy\" decoding=\"async\" width=\"1920\" height=\"2560\" src=\"https:\/\/www.taam.cnrs.fr\/wp-content\/uploads\/2021\/08\/Boite-de-transport-metal-scaled.jpg\" class=\"attachment-full size-full wp-image-3035\" alt=\"\" srcset=\"https:\/\/www.taam.cnrs.fr\/wp-content\/uploads\/2021\/08\/Boite-de-transport-metal-scaled.jpg 1920w, https:\/\/www.taam.cnrs.fr\/wp-content\/uploads\/2021\/08\/Boite-de-transport-metal-225x300.jpg 225w, https:\/\/www.taam.cnrs.fr\/wp-content\/uploads\/2021\/08\/Boite-de-transport-metal-768x1024.jpg 768w, https:\/\/www.taam.cnrs.fr\/wp-content\/uploads\/2021\/08\/Boite-de-transport-metal-1152x1536.jpg 1152w, https:\/\/www.taam.cnrs.fr\/wp-content\/uploads\/2021\/08\/Boite-de-transport-metal-1536x2048.jpg 1536w, https:\/\/www.taam.cnrs.fr\/wp-content\/uploads\/2021\/08\/Boite-de-transport-metal-1024x1365.jpg 1024w, https:\/\/www.taam.cnrs.fr\/wp-content\/uploads\/2021\/08\/Boite-de-transport-metal-810x1080.jpg 810w\" sizes=\"(max-width: 1920px) 100vw, 1920px\" \/><\/figure><div class=\"elementor-image-box-content\"><h6 class=\"elementor-image-box-title\">Bo\u00eete de transport m\u00e9tal <BR> \u00a9 TAAM<\/h6><\/div><\/div>\t\t\t\t<\/div>\n\t\t\t\t<\/div>\n\t\t\t\t\t<\/div>\n\t\t<\/div>\n\t\t\t\t\t<\/div>\n\t\t<\/section>\n\t\t\t\t<\/div>\n\t\t","protected":false},"excerpt":{"rendered":"<p>Le TAAM assure aupr\u00e8s de ses utilisateurs le transfert de mod\u00e8les murins sous formes \u00ab\u00a0respirantes\u00a0\u00bb ou congel\u00e9es (embryons, sperme) en France ou \u00e0 l\u2019international. Dans le cadre du consortium europ\u00e9en EMMA, le TAAM assure la distribution de mod\u00e8les mis \u00e0 la disposition de la communaut\u00e9 scientifique. Nous collaborons avec les transporteurs et diff\u00e9rents services institutionnels\u00a0:&hellip; <br \/> <a class=\"read-more\" href=\"https:\/\/www.taam.cnrs.fr\/index.php\/import-export\/\">Read more<\/a><\/p>\n","protected":false},"author":1,"featured_media":0,"parent":0,"menu_order":0,"comment_status":"closed","ping_status":"closed","template":"","meta":{"footnotes":""},"class_list":["post-2194","page","type-page","status-publish","hentry"],"yoast_head":"<!-- This site is optimized with the Yoast SEO plugin v26.4 - https:\/\/yoast.com\/wordpress\/plugins\/seo\/ -->\n<title>Import Export - TAAM - CNRS Orl\u00e9ans<\/title>\n<meta name=\"robots\" content=\"index, follow, max-snippet:-1, max-image-preview:large, max-video-preview:-1\" \/>\n<link rel=\"canonical\" href=\"https:\/\/www.taam.cnrs.fr\/index.php\/import-export\/\" \/>\n<meta property=\"og:locale\" content=\"fr_FR\" \/>\n<meta property=\"og:type\" content=\"article\" \/>\n<meta property=\"og:title\" content=\"Import Export - TAAM - CNRS Orl\u00e9ans\" \/>\n<meta property=\"og:description\" content=\"Le TAAM assure aupr\u00e8s de ses utilisateurs le transfert de mod\u00e8les murins sous formes \u00ab\u00a0respirantes\u00a0\u00bb ou congel\u00e9es (embryons, sperme) en France ou \u00e0 l\u2019international. Dans le cadre du consortium europ\u00e9en EMMA, le TAAM assure la distribution de mod\u00e8les mis \u00e0 la disposition de la communaut\u00e9 scientifique. Nous collaborons avec les transporteurs et diff\u00e9rents services institutionnels\u00a0:&hellip; Read more\" \/>\n<meta property=\"og:url\" content=\"https:\/\/www.taam.cnrs.fr\/index.php\/import-export\/\" \/>\n<meta property=\"og:site_name\" content=\"TAAM - CNRS Orl\u00e9ans\" \/>\n<meta property=\"article:modified_time\" content=\"2021-09-20T14:04:12+00:00\" \/>\n<meta property=\"og:image\" content=\"https:\/\/www.taam.cnrs.fr\/wp-content\/uploads\/2021\/08\/Boite-de-transport-international-scaled.jpg\" \/>\n<meta name=\"twitter:card\" content=\"summary_large_image\" \/>\n<meta name=\"twitter:label1\" content=\"Dur\u00e9e de lecture estim\u00e9e\" \/>\n\t<meta name=\"twitter:data1\" content=\"1 minute\" \/>\n<script type=\"application\/ld+json\" class=\"yoast-schema-graph\">{\"@context\":\"https:\/\/schema.org\",\"@graph\":[{\"@type\":\"WebPage\",\"@id\":\"https:\/\/www.taam.cnrs.fr\/index.php\/import-export\/\",\"url\":\"https:\/\/www.taam.cnrs.fr\/index.php\/import-export\/\",\"name\":\"Import Export - TAAM - CNRS Orl\u00e9ans\",\"isPartOf\":{\"@id\":\"https:\/\/www.taam.cnrs.fr\/#website\"},\"primaryImageOfPage\":{\"@id\":\"https:\/\/www.taam.cnrs.fr\/index.php\/import-export\/#primaryimage\"},\"image\":{\"@id\":\"https:\/\/www.taam.cnrs.fr\/index.php\/import-export\/#primaryimage\"},\"thumbnailUrl\":\"https:\/\/www.taam.cnrs.fr\/wp-content\/uploads\/2021\/08\/Boite-de-transport-international-scaled.jpg\",\"datePublished\":\"2021-04-01T08:02:09+00:00\",\"dateModified\":\"2021-09-20T14:04:12+00:00\",\"breadcrumb\":{\"@id\":\"https:\/\/www.taam.cnrs.fr\/index.php\/import-export\/#breadcrumb\"},\"inLanguage\":\"fr-FR\",\"potentialAction\":[{\"@type\":\"ReadAction\",\"target\":[\"https:\/\/www.taam.cnrs.fr\/index.php\/import-export\/\"]}]},{\"@type\":\"ImageObject\",\"inLanguage\":\"fr-FR\",\"@id\":\"https:\/\/www.taam.cnrs.fr\/index.php\/import-export\/#primaryimage\",\"url\":\"https:\/\/www.taam.cnrs.fr\/wp-content\/uploads\/2021\/08\/Boite-de-transport-international-scaled.jpg\",\"contentUrl\":\"https:\/\/www.taam.cnrs.fr\/wp-content\/uploads\/2021\/08\/Boite-de-transport-international-scaled.jpg\",\"width\":2560,\"height\":1920,\"caption\":\"Bo\u00eete de transport international\"},{\"@type\":\"BreadcrumbList\",\"@id\":\"https:\/\/www.taam.cnrs.fr\/index.php\/import-export\/#breadcrumb\",\"itemListElement\":[{\"@type\":\"ListItem\",\"position\":1,\"name\":\"Accueil\",\"item\":\"https:\/\/www.taam.cnrs.fr\/\"},{\"@type\":\"ListItem\",\"position\":2,\"name\":\"Import Export\"}]},{\"@type\":\"WebSite\",\"@id\":\"https:\/\/www.taam.cnrs.fr\/#website\",\"url\":\"https:\/\/www.taam.cnrs.fr\/\",\"name\":\"TAAM - CNRS Orl\u00e9ans\",\"description\":\"Typage et Archivage d&#039;Animaux Mod\u00e8les - UAR 44\",\"publisher\":{\"@id\":\"https:\/\/www.taam.cnrs.fr\/#organization\"},\"potentialAction\":[{\"@type\":\"SearchAction\",\"target\":{\"@type\":\"EntryPoint\",\"urlTemplate\":\"https:\/\/www.taam.cnrs.fr\/?s={search_term_string}\"},\"query-input\":{\"@type\":\"PropertyValueSpecification\",\"valueRequired\":true,\"valueName\":\"search_term_string\"}}],\"inLanguage\":\"fr-FR\"},{\"@type\":\"Organization\",\"@id\":\"https:\/\/www.taam.cnrs.fr\/#organization\",\"name\":\"TAAM - CNRS Orl\u00e9ans\",\"url\":\"https:\/\/www.taam.cnrs.fr\/\",\"logo\":{\"@type\":\"ImageObject\",\"inLanguage\":\"fr-FR\",\"@id\":\"https:\/\/www.taam.cnrs.fr\/#\/schema\/logo\/image\/\",\"url\":\"https:\/\/www.taam.cnrs.fr\/wp-content\/uploads\/2025\/01\/cropped-LOGO_CNRS_BLEU.png\",\"contentUrl\":\"https:\/\/www.taam.cnrs.fr\/wp-content\/uploads\/2025\/01\/cropped-LOGO_CNRS_BLEU.png\",\"width\":875,\"height\":863,\"caption\":\"TAAM - CNRS Orl\u00e9ans\"},\"image\":{\"@id\":\"https:\/\/www.taam.cnrs.fr\/#\/schema\/logo\/image\/\"}}]}<\/script>\n<!-- \/ Yoast SEO plugin. -->","yoast_head_json":{"title":"Import Export - TAAM - CNRS Orl\u00e9ans","robots":{"index":"index","follow":"follow","max-snippet":"max-snippet:-1","max-image-preview":"max-image-preview:large","max-video-preview":"max-video-preview:-1"},"canonical":"https:\/\/www.taam.cnrs.fr\/index.php\/import-export\/","og_locale":"fr_FR","og_type":"article","og_title":"Import Export - TAAM - CNRS Orl\u00e9ans","og_description":"Le TAAM assure aupr\u00e8s de ses utilisateurs le transfert de mod\u00e8les murins sous formes \u00ab\u00a0respirantes\u00a0\u00bb ou congel\u00e9es (embryons, sperme) en France ou \u00e0 l\u2019international. Dans le cadre du consortium europ\u00e9en EMMA, le TAAM assure la distribution de mod\u00e8les mis \u00e0 la disposition de la communaut\u00e9 scientifique. Nous collaborons avec les transporteurs et diff\u00e9rents services institutionnels\u00a0:&hellip; Read more","og_url":"https:\/\/www.taam.cnrs.fr\/index.php\/import-export\/","og_site_name":"TAAM - CNRS Orl\u00e9ans","article_modified_time":"2021-09-20T14:04:12+00:00","og_image":[{"url":"https:\/\/www.taam.cnrs.fr\/wp-content\/uploads\/2021\/08\/Boite-de-transport-international-scaled.jpg","type":"","width":"","height":""}],"twitter_card":"summary_large_image","twitter_misc":{"Dur\u00e9e de lecture estim\u00e9e":"1 minute"},"schema":{"@context":"https:\/\/schema.org","@graph":[{"@type":"WebPage","@id":"https:\/\/www.taam.cnrs.fr\/index.php\/import-export\/","url":"https:\/\/www.taam.cnrs.fr\/index.php\/import-export\/","name":"Import Export - TAAM - CNRS Orl\u00e9ans","isPartOf":{"@id":"https:\/\/www.taam.cnrs.fr\/#website"},"primaryImageOfPage":{"@id":"https:\/\/www.taam.cnrs.fr\/index.php\/import-export\/#primaryimage"},"image":{"@id":"https:\/\/www.taam.cnrs.fr\/index.php\/import-export\/#primaryimage"},"thumbnailUrl":"https:\/\/www.taam.cnrs.fr\/wp-content\/uploads\/2021\/08\/Boite-de-transport-international-scaled.jpg","datePublished":"2021-04-01T08:02:09+00:00","dateModified":"2021-09-20T14:04:12+00:00","breadcrumb":{"@id":"https:\/\/www.taam.cnrs.fr\/index.php\/import-export\/#breadcrumb"},"inLanguage":"fr-FR","potentialAction":[{"@type":"ReadAction","target":["https:\/\/www.taam.cnrs.fr\/index.php\/import-export\/"]}]},{"@type":"ImageObject","inLanguage":"fr-FR","@id":"https:\/\/www.taam.cnrs.fr\/index.php\/import-export\/#primaryimage","url":"https:\/\/www.taam.cnrs.fr\/wp-content\/uploads\/2021\/08\/Boite-de-transport-international-scaled.jpg","contentUrl":"https:\/\/www.taam.cnrs.fr\/wp-content\/uploads\/2021\/08\/Boite-de-transport-international-scaled.jpg","width":2560,"height":1920,"caption":"Bo\u00eete de transport international"},{"@type":"BreadcrumbList","@id":"https:\/\/www.taam.cnrs.fr\/index.php\/import-export\/#breadcrumb","itemListElement":[{"@type":"ListItem","position":1,"name":"Accueil","item":"https:\/\/www.taam.cnrs.fr\/"},{"@type":"ListItem","position":2,"name":"Import Export"}]},{"@type":"WebSite","@id":"https:\/\/www.taam.cnrs.fr\/#website","url":"https:\/\/www.taam.cnrs.fr\/","name":"TAAM - CNRS Orl\u00e9ans","description":"Typage et Archivage d&#039;Animaux Mod\u00e8les - UAR 44","publisher":{"@id":"https:\/\/www.taam.cnrs.fr\/#organization"},"potentialAction":[{"@type":"SearchAction","target":{"@type":"EntryPoint","urlTemplate":"https:\/\/www.taam.cnrs.fr\/?s={search_term_string}"},"query-input":{"@type":"PropertyValueSpecification","valueRequired":true,"valueName":"search_term_string"}}],"inLanguage":"fr-FR"},{"@type":"Organization","@id":"https:\/\/www.taam.cnrs.fr\/#organization","name":"TAAM - CNRS Orl\u00e9ans","url":"https:\/\/www.taam.cnrs.fr\/","logo":{"@type":"ImageObject","inLanguage":"fr-FR","@id":"https:\/\/www.taam.cnrs.fr\/#\/schema\/logo\/image\/","url":"https:\/\/www.taam.cnrs.fr\/wp-content\/uploads\/2025\/01\/cropped-LOGO_CNRS_BLEU.png","contentUrl":"https:\/\/www.taam.cnrs.fr\/wp-content\/uploads\/2025\/01\/cropped-LOGO_CNRS_BLEU.png","width":875,"height":863,"caption":"TAAM - CNRS Orl\u00e9ans"},"image":{"@id":"https:\/\/www.taam.cnrs.fr\/#\/schema\/logo\/image\/"}}]}},"_links":{"self":[{"href":"https:\/\/www.taam.cnrs.fr\/index.php\/wp-json\/wp\/v2\/pages\/2194","targetHints":{"allow":["GET"]}}],"collection":[{"href":"https:\/\/www.taam.cnrs.fr\/index.php\/wp-json\/wp\/v2\/pages"}],"about":[{"href":"https:\/\/www.taam.cnrs.fr\/index.php\/wp-json\/wp\/v2\/types\/page"}],"author":[{"embeddable":true,"href":"https:\/\/www.taam.cnrs.fr\/index.php\/wp-json\/wp\/v2\/users\/1"}],"replies":[{"embeddable":true,"href":"https:\/\/www.taam.cnrs.fr\/index.php\/wp-json\/wp\/v2\/comments?post=2194"}],"version-history":[{"count":92,"href":"https:\/\/www.taam.cnrs.fr\/index.php\/wp-json\/wp\/v2\/pages\/2194\/revisions"}],"predecessor-version":[{"id":3927,"href":"https:\/\/www.taam.cnrs.fr\/index.php\/wp-json\/wp\/v2\/pages\/2194\/revisions\/3927"}],"wp:attachment":[{"href":"https:\/\/www.taam.cnrs.fr\/index.php\/wp-json\/wp\/v2\/media?parent=2194"}],"curies":[{"name":"wp","href":"https:\/\/api.w.org\/{rel}","templated":true}]}}