{"id":2343,"date":"2021-04-02T09:17:21","date_gmt":"2021-04-02T07:17:21","guid":{"rendered":"https:\/\/www.taam.cnrs.fr\/?page_id=2343"},"modified":"2025-05-06T15:24:57","modified_gmt":"2025-05-06T13:24:57","slug":"formation","status":"publish","type":"page","link":"https:\/\/www.taam.cnrs.fr\/index.php\/formation\/","title":{"rendered":"Formation"},"content":{"rendered":"\t\t<div data-elementor-type=\"wp-page\" data-elementor-id=\"2343\" class=\"elementor elementor-2343\">\n\t\t\t\t\t\t<section class=\"elementor-section elementor-top-section elementor-element elementor-element-9f198a6 elementor-section-boxed elementor-section-height-default elementor-section-height-default\" data-id=\"9f198a6\" data-element_type=\"section\">\n\t\t\t\t\t\t<div class=\"elementor-container elementor-column-gap-default\">\n\t\t\t\t\t<div class=\"elementor-column elementor-col-33 elementor-top-column elementor-element elementor-element-52bb39c\" data-id=\"52bb39c\" data-element_type=\"column\">\n\t\t\t<div class=\"elementor-widget-wrap elementor-element-populated\">\n\t\t\t\t\t\t\t<\/div>\n\t\t<\/div>\n\t\t\t\t<div class=\"elementor-column elementor-col-66 elementor-top-column elementor-element elementor-element-6885512\" data-id=\"6885512\" data-element_type=\"column\">\n\t\t\t<div class=\"elementor-widget-wrap elementor-element-populated\">\n\t\t\t\t\t\t<div class=\"elementor-element elementor-element-2339f05 elementor-widget elementor-widget-text-editor\" data-id=\"2339f05\" data-element_type=\"widget\" data-widget_type=\"text-editor.default\">\n\t\t\t\t<div class=\"elementor-widget-container\">\n\t\t\t\t\t\t\t\t\t<p>Le TAAM et ses collaborateurs organisent et interviennent dans diff\u00e9rentes formations.<br \/>\u00a0\u00a0\u00a0\u00a0\u00a0\u00a0\u00a0\u00a0\u00a0\u00a0\u00a0\u00a0 N\u2019h\u00e9sitez pas \u00e0 nous contacter pour tout compl\u00e9ment d\u2019informations.<\/p>\t\t\t\t\t\t\t\t<\/div>\n\t\t\t\t<\/div>\n\t\t\t\t\t<\/div>\n\t\t<\/div>\n\t\t\t\t\t<\/div>\n\t\t<\/section>\n\t\t\t\t<section class=\"elementor-section elementor-top-section elementor-element elementor-element-845800e elementor-section-boxed elementor-section-height-default elementor-section-height-default\" data-id=\"845800e\" data-element_type=\"section\">\n\t\t\t\t\t\t<div class=\"elementor-container elementor-column-gap-default\">\n\t\t\t\t\t<div class=\"elementor-column elementor-col-100 elementor-top-column elementor-element elementor-element-e85de72\" data-id=\"e85de72\" data-element_type=\"column\">\n\t\t\t<div class=\"elementor-widget-wrap elementor-element-populated\">\n\t\t\t\t\t\t<div class=\"elementor-element elementor-element-5f93e74 elementor-widget elementor-widget-spacer\" data-id=\"5f93e74\" data-element_type=\"widget\" data-widget_type=\"spacer.default\">\n\t\t\t\t<div class=\"elementor-widget-container\">\n\t\t\t\t\t\t\t<div class=\"elementor-spacer\">\n\t\t\t<div class=\"elementor-spacer-inner\"><\/div>\n\t\t<\/div>\n\t\t\t\t\t\t<\/div>\n\t\t\t\t<\/div>\n\t\t\t\t\t<\/div>\n\t\t<\/div>\n\t\t\t\t\t<\/div>\n\t\t<\/section>\n\t\t\t\t<section class=\"elementor-section elementor-top-section elementor-element elementor-element-3189f99 elementor-section-boxed elementor-section-height-default elementor-section-height-default\" data-id=\"3189f99\" data-element_type=\"section\">\n\t\t\t\t\t\t<div class=\"elementor-container elementor-column-gap-default\">\n\t\t\t\t\t<div class=\"elementor-column elementor-col-100 elementor-top-column elementor-element elementor-element-d59565c\" data-id=\"d59565c\" data-element_type=\"column\">\n\t\t\t<div class=\"elementor-widget-wrap elementor-element-populated\">\n\t\t\t\t\t\t<div class=\"elementor-element elementor-element-e4617d5 elementor-widget elementor-widget-heading\" data-id=\"e4617d5\" data-element_type=\"widget\" data-widget_type=\"heading.default\">\n\t\t\t\t<div class=\"elementor-widget-container\">\n\t\t\t\t\t<h3 class=\"elementor-heading-title elementor-size-default\">Formations du 1er semestre 2025<\/h3>\t\t\t\t<\/div>\n\t\t\t\t<\/div>\n\t\t\t\t\t<\/div>\n\t\t<\/div>\n\t\t\t\t\t<\/div>\n\t\t<\/section>\n\t\t\t\t<section class=\"elementor-section elementor-top-section elementor-element elementor-element-192ea11 elementor-section-boxed elementor-section-height-default elementor-section-height-default\" data-id=\"192ea11\" data-element_type=\"section\">\n\t\t\t\t\t\t<div class=\"elementor-container elementor-column-gap-default\">\n\t\t\t\t\t<div class=\"elementor-column elementor-col-100 elementor-top-column elementor-element elementor-element-0a3825c\" data-id=\"0a3825c\" data-element_type=\"column\">\n\t\t\t<div class=\"elementor-widget-wrap elementor-element-populated\">\n\t\t\t\t\t\t<div class=\"elementor-element elementor-element-9e1dade elementor-widget elementor-widget-spacer\" data-id=\"9e1dade\" data-element_type=\"widget\" data-widget_type=\"spacer.default\">\n\t\t\t\t<div class=\"elementor-widget-container\">\n\t\t\t\t\t\t\t<div class=\"elementor-spacer\">\n\t\t\t<div class=\"elementor-spacer-inner\"><\/div>\n\t\t<\/div>\n\t\t\t\t\t\t<\/div>\n\t\t\t\t<\/div>\n\t\t\t\t\t<\/div>\n\t\t<\/div>\n\t\t\t\t\t<\/div>\n\t\t<\/section>\n\t\t\t\t<section class=\"elementor-section elementor-top-section elementor-element elementor-element-59f742b elementor-section-boxed elementor-section-height-default elementor-section-height-default\" data-id=\"59f742b\" data-element_type=\"section\">\n\t\t\t\t\t\t<div class=\"elementor-container elementor-column-gap-default\">\n\t\t\t\t\t<div class=\"elementor-column elementor-col-100 elementor-top-column elementor-element elementor-element-0e8de34\" data-id=\"0e8de34\" data-element_type=\"column\">\n\t\t\t<div class=\"elementor-widget-wrap elementor-element-populated\">\n\t\t\t\t\t\t<div class=\"elementor-element elementor-element-260caab elementor-invisible elementor-widget elementor-widget-text-editor\" data-id=\"260caab\" data-element_type=\"widget\" data-settings=\"{&quot;_animation&quot;:&quot;slideInUp&quot;}\" data-widget_type=\"text-editor.default\">\n\t\t\t\t<div class=\"elementor-widget-container\">\n\t\t\t\t\t\t\t\t\t<p>La qualit\u00e9, levier de performance pour les laboratoires de recherche.<\/p><p><span style=\"color: #ff0000; font-style: italic;\"><br \/>Du mercredi 2<\/span><span style=\"color: #ff0000; font-style: italic;\">5\/06\/2025 au vendredi 27\/06\/2025 <\/span><span style=\"color: #ff0000; font-style: italic;\">(3 jours)\u00a0 et du jeudi 2\/10\/2025 au vendredi 3\/10\/2025 (2 jours)<\/span><\/p><p>Orl\u00e9ans<\/p>\t\t\t\t\t\t\t\t<\/div>\n\t\t\t\t<\/div>\n\t\t\t\t\t<\/div>\n\t\t<\/div>\n\t\t\t\t\t<\/div>\n\t\t<\/section>\n\t\t\t\t<section class=\"elementor-section elementor-top-section elementor-element elementor-element-d7c1372 elementor-section-boxed elementor-section-height-default elementor-section-height-default\" data-id=\"d7c1372\" data-element_type=\"section\">\n\t\t\t\t\t\t<div class=\"elementor-container elementor-column-gap-default\">\n\t\t\t\t\t<div class=\"elementor-column elementor-col-100 elementor-top-column elementor-element elementor-element-f733eb2\" data-id=\"f733eb2\" data-element_type=\"column\">\n\t\t\t<div class=\"elementor-widget-wrap elementor-element-populated\">\n\t\t\t\t\t\t<div class=\"elementor-element elementor-element-8d2511c elementor-button-info elementor-align-center elementor-invisible elementor-widget elementor-widget-button\" data-id=\"8d2511c\" data-element_type=\"widget\" data-settings=\"{&quot;_animation&quot;:&quot;slideInUp&quot;}\" data-widget_type=\"button.default\">\n\t\t\t\t<div class=\"elementor-widget-container\">\n\t\t\t\t\t\t\t\t\t<div class=\"elementor-button-wrapper\">\n\t\t\t\t\t<a class=\"elementor-button elementor-button-link elementor-size-sm elementor-animation-wobble-vertical\" href=\"https:\/\/cnrsformation.cnrs.fr\/la-qualite-levier-de-performance-pour-les-laboratoires-de-recherche---initiation?axe=188\" target=\"_blank\">\n\t\t\t\t\t\t<span class=\"elementor-button-content-wrapper\">\n\t\t\t\t\t\t\t\t\t<span class=\"elementor-button-text\">En savoir +<\/span>\n\t\t\t\t\t<\/span>\n\t\t\t\t\t<\/a>\n\t\t\t\t<\/div>\n\t\t\t\t\t\t\t\t<\/div>\n\t\t\t\t<\/div>\n\t\t\t\t\t<\/div>\n\t\t<\/div>\n\t\t\t\t\t<\/div>\n\t\t<\/section>\n\t\t\t\t<section class=\"elementor-section elementor-top-section elementor-element elementor-element-fc8408c elementor-section-boxed elementor-section-height-default elementor-section-height-default\" data-id=\"fc8408c\" data-element_type=\"section\">\n\t\t\t\t\t\t<div class=\"elementor-container elementor-column-gap-default\">\n\t\t\t\t\t<div class=\"elementor-column elementor-col-100 elementor-top-column elementor-element elementor-element-a0cea58\" data-id=\"a0cea58\" data-element_type=\"column\">\n\t\t\t<div class=\"elementor-widget-wrap elementor-element-populated\">\n\t\t\t\t\t\t<div class=\"elementor-element elementor-element-c00a993 elementor-widget elementor-widget-spacer\" data-id=\"c00a993\" data-element_type=\"widget\" data-widget_type=\"spacer.default\">\n\t\t\t\t<div class=\"elementor-widget-container\">\n\t\t\t\t\t\t\t<div class=\"elementor-spacer\">\n\t\t\t<div class=\"elementor-spacer-inner\"><\/div>\n\t\t<\/div>\n\t\t\t\t\t\t<\/div>\n\t\t\t\t<\/div>\n\t\t\t\t\t<\/div>\n\t\t<\/div>\n\t\t\t\t\t<\/div>\n\t\t<\/section>\n\t\t\t\t<section class=\"elementor-section elementor-top-section elementor-element elementor-element-24afc60 elementor-section-boxed elementor-section-height-default elementor-section-height-default\" data-id=\"24afc60\" data-element_type=\"section\">\n\t\t\t\t\t\t<div class=\"elementor-container elementor-column-gap-default\">\n\t\t\t\t\t<div class=\"elementor-column elementor-col-100 elementor-top-column elementor-element elementor-element-c842d99\" data-id=\"c842d99\" data-element_type=\"column\">\n\t\t\t<div class=\"elementor-widget-wrap elementor-element-populated\">\n\t\t\t\t\t\t<div class=\"elementor-element elementor-element-e7f4383 elementor-widget elementor-widget-heading\" data-id=\"e7f4383\" data-element_type=\"widget\" data-widget_type=\"heading.default\">\n\t\t\t\t<div class=\"elementor-widget-container\">\n\t\t\t\t\t<h3 class=\"elementor-heading-title elementor-size-default\">Formations du 2\u00e8me semestre 2025<\/h3>\t\t\t\t<\/div>\n\t\t\t\t<\/div>\n\t\t\t\t\t<\/div>\n\t\t<\/div>\n\t\t\t\t\t<\/div>\n\t\t<\/section>\n\t\t\t\t<section class=\"elementor-section elementor-top-section elementor-element elementor-element-82b3d62 elementor-section-boxed elementor-section-height-default elementor-section-height-default\" data-id=\"82b3d62\" data-element_type=\"section\">\n\t\t\t\t\t\t<div class=\"elementor-container elementor-column-gap-default\">\n\t\t\t\t\t<div class=\"elementor-column elementor-col-100 elementor-top-column elementor-element elementor-element-bdf3e52\" data-id=\"bdf3e52\" data-element_type=\"column\">\n\t\t\t<div class=\"elementor-widget-wrap elementor-element-populated\">\n\t\t\t\t\t\t<div class=\"elementor-element elementor-element-3d282c2 elementor-widget elementor-widget-spacer\" data-id=\"3d282c2\" data-element_type=\"widget\" data-widget_type=\"spacer.default\">\n\t\t\t\t<div class=\"elementor-widget-container\">\n\t\t\t\t\t\t\t<div class=\"elementor-spacer\">\n\t\t\t<div class=\"elementor-spacer-inner\"><\/div>\n\t\t<\/div>\n\t\t\t\t\t\t<\/div>\n\t\t\t\t<\/div>\n\t\t\t\t\t<\/div>\n\t\t<\/div>\n\t\t\t\t\t<\/div>\n\t\t<\/section>\n\t\t\t\t<section class=\"elementor-section elementor-top-section elementor-element elementor-element-2c4f700 elementor-section-boxed elementor-section-height-default elementor-section-height-default\" data-id=\"2c4f700\" data-element_type=\"section\">\n\t\t\t\t\t\t<div class=\"elementor-container elementor-column-gap-default\">\n\t\t\t\t\t<div class=\"elementor-column elementor-col-50 elementor-top-column elementor-element elementor-element-80f00be\" data-id=\"80f00be\" data-element_type=\"column\">\n\t\t\t<div class=\"elementor-widget-wrap elementor-element-populated\">\n\t\t\t\t\t\t<div class=\"elementor-element elementor-element-fcf0b38 elementor-invisible elementor-widget elementor-widget-text-editor\" data-id=\"fcf0b38\" data-element_type=\"widget\" data-settings=\"{&quot;_animation&quot;:&quot;slideInUp&quot;}\" data-widget_type=\"text-editor.default\">\n\t\t\t\t<div class=\"elementor-widget-container\">\n\t\t\t\t\t\t\t\t\t<p>Transport d&rsquo;animaux de laboratoire : rongeurs \/ lagomorphes<\/p><p><span style=\"color: #ff0000; font-style: italic;\"><br \/>Du jeudi 9\/10\/2025 au vendredi 10\/10\/2025<\/span><span style=\"color: #ff0000; font-style: italic;\"> (1.5 jours)<\/span><\/p><p>Orl\u00e9ans<\/p>\t\t\t\t\t\t\t\t<\/div>\n\t\t\t\t<\/div>\n\t\t\t\t\t<\/div>\n\t\t<\/div>\n\t\t\t\t<div class=\"elementor-column elementor-col-50 elementor-top-column elementor-element elementor-element-3930075\" data-id=\"3930075\" data-element_type=\"column\">\n\t\t\t<div class=\"elementor-widget-wrap elementor-element-populated\">\n\t\t\t\t\t\t<div class=\"elementor-element elementor-element-fe182f3 elementor-invisible elementor-widget elementor-widget-text-editor\" data-id=\"fe182f3\" data-element_type=\"widget\" data-settings=\"{&quot;_animation&quot;:&quot;slideInUp&quot;}\" data-widget_type=\"text-editor.default\">\n\t\t\t\t<div class=\"elementor-widget-container\">\n\t\t\t\t\t\t\t\t\t<p>La cryoconservation : un outil pour la sauvegarde des lign\u00e9es murines<\/p><p><span style=\"color: #ff0000; font-style: italic;\"><br \/>Du lundi 3\/11\/2025 au mercredi 5\/11\/2025<\/span><br \/><span style=\"color: #ff0000; font-style: italic;\"> (2.5 jours)<\/span><\/p><p>Orl\u00e9ans<\/p>\t\t\t\t\t\t\t\t<\/div>\n\t\t\t\t<\/div>\n\t\t\t\t\t<\/div>\n\t\t<\/div>\n\t\t\t\t\t<\/div>\n\t\t<\/section>\n\t\t\t\t<section class=\"elementor-section elementor-top-section elementor-element elementor-element-b89c81e elementor-section-boxed elementor-section-height-default elementor-section-height-default\" data-id=\"b89c81e\" data-element_type=\"section\">\n\t\t\t\t\t\t<div class=\"elementor-container elementor-column-gap-default\">\n\t\t\t\t\t<div class=\"elementor-column elementor-col-50 elementor-top-column elementor-element elementor-element-d83cb3f\" data-id=\"d83cb3f\" data-element_type=\"column\">\n\t\t\t<div class=\"elementor-widget-wrap elementor-element-populated\">\n\t\t\t\t\t\t<div class=\"elementor-element elementor-element-464f55f elementor-button-info elementor-align-center elementor-invisible elementor-widget elementor-widget-button\" data-id=\"464f55f\" data-element_type=\"widget\" data-settings=\"{&quot;_animation&quot;:&quot;slideInUp&quot;}\" data-widget_type=\"button.default\">\n\t\t\t\t<div class=\"elementor-widget-container\">\n\t\t\t\t\t\t\t\t\t<div class=\"elementor-button-wrapper\">\n\t\t\t\t\t<a class=\"elementor-button elementor-button-link elementor-size-sm elementor-animation-wobble-vertical\" href=\"https:\/\/cnrsformation.cnrs.fr\/transport-animaux-de-laboratoire-rongeurs-lagomorphes-modeles-aquatiques?mc=Transport%20D%27animaux\" target=\"_blank\">\n\t\t\t\t\t\t<span class=\"elementor-button-content-wrapper\">\n\t\t\t\t\t\t\t\t\t<span class=\"elementor-button-text\">En savoir +<\/span>\n\t\t\t\t\t<\/span>\n\t\t\t\t\t<\/a>\n\t\t\t\t<\/div>\n\t\t\t\t\t\t\t\t<\/div>\n\t\t\t\t<\/div>\n\t\t\t\t\t<\/div>\n\t\t<\/div>\n\t\t\t\t<div class=\"elementor-column elementor-col-50 elementor-top-column elementor-element elementor-element-3e45c3d\" data-id=\"3e45c3d\" data-element_type=\"column\">\n\t\t\t<div class=\"elementor-widget-wrap elementor-element-populated\">\n\t\t\t\t\t\t<div class=\"elementor-element elementor-element-756742a elementor-button-info elementor-align-center elementor-invisible elementor-widget elementor-widget-button\" data-id=\"756742a\" data-element_type=\"widget\" data-settings=\"{&quot;_animation&quot;:&quot;slideInUp&quot;}\" data-widget_type=\"button.default\">\n\t\t\t\t<div class=\"elementor-widget-container\">\n\t\t\t\t\t\t\t\t\t<div class=\"elementor-button-wrapper\">\n\t\t\t\t\t<a class=\"elementor-button elementor-button-link elementor-size-sm elementor-animation-wobble-vertical\" href=\"https:\/\/cnrsformation.cnrs.fr\/cryoconservation-pour-sauvegarde-des-lignees-murines?mc=Cryoconservation\" target=\"_blank\">\n\t\t\t\t\t\t<span class=\"elementor-button-content-wrapper\">\n\t\t\t\t\t\t\t\t\t<span class=\"elementor-button-text\">En savoir +<\/span>\n\t\t\t\t\t<\/span>\n\t\t\t\t\t<\/a>\n\t\t\t\t<\/div>\n\t\t\t\t\t\t\t\t<\/div>\n\t\t\t\t<\/div>\n\t\t\t\t\t<\/div>\n\t\t<\/div>\n\t\t\t\t\t<\/div>\n\t\t<\/section>\n\t\t\t\t<\/div>\n\t\t","protected":false},"excerpt":{"rendered":"<p>Le TAAM et ses collaborateurs organisent et interviennent dans diff\u00e9rentes formations.\u00a0\u00a0\u00a0\u00a0\u00a0\u00a0\u00a0\u00a0\u00a0\u00a0\u00a0\u00a0 N\u2019h\u00e9sitez pas \u00e0 nous contacter pour tout compl\u00e9ment d\u2019informations. Formations du 1er semestre 2025 La qualit\u00e9, levier de performance pour les laboratoires de recherche. Du mercredi 25\/06\/2025 au vendredi 27\/06\/2025 (3 jours)\u00a0 et du jeudi 2\/10\/2025 au vendredi 3\/10\/2025 (2 jours) Orl\u00e9ans En savoir&hellip; <br \/> <a class=\"read-more\" href=\"https:\/\/www.taam.cnrs.fr\/index.php\/formation\/\">Read more<\/a><\/p>\n","protected":false},"author":1,"featured_media":0,"parent":0,"menu_order":0,"comment_status":"closed","ping_status":"closed","template":"","meta":{"footnotes":""},"class_list":["post-2343","page","type-page","status-publish","hentry"],"yoast_head":"<!-- This site is optimized with the Yoast SEO plugin v26.4 - https:\/\/yoast.com\/wordpress\/plugins\/seo\/ -->\n<title>Formation - TAAM - CNRS Orl\u00e9ans<\/title>\n<meta name=\"robots\" content=\"index, follow, max-snippet:-1, max-image-preview:large, max-video-preview:-1\" \/>\n<link rel=\"canonical\" href=\"https:\/\/www.taam.cnrs.fr\/index.php\/formation\/\" \/>\n<meta property=\"og:locale\" content=\"fr_FR\" \/>\n<meta property=\"og:type\" content=\"article\" \/>\n<meta property=\"og:title\" content=\"Formation - TAAM - CNRS Orl\u00e9ans\" \/>\n<meta property=\"og:description\" content=\"Le TAAM et ses collaborateurs organisent et interviennent dans diff\u00e9rentes formations.\u00a0\u00a0\u00a0\u00a0\u00a0\u00a0\u00a0\u00a0\u00a0\u00a0\u00a0\u00a0 N\u2019h\u00e9sitez pas \u00e0 nous contacter pour tout compl\u00e9ment d\u2019informations. Formations du 1er semestre 2025 La qualit\u00e9, levier de performance pour les laboratoires de recherche. Du mercredi 25\/06\/2025 au vendredi 27\/06\/2025 (3 jours)\u00a0 et du jeudi 2\/10\/2025 au vendredi 3\/10\/2025 (2 jours) Orl\u00e9ans En savoir&hellip; Read more\" \/>\n<meta property=\"og:url\" content=\"https:\/\/www.taam.cnrs.fr\/index.php\/formation\/\" \/>\n<meta property=\"og:site_name\" content=\"TAAM - CNRS Orl\u00e9ans\" \/>\n<meta property=\"article:modified_time\" content=\"2025-05-06T13:24:57+00:00\" \/>\n<meta name=\"twitter:card\" content=\"summary_large_image\" \/>\n<meta name=\"twitter:label1\" content=\"Dur\u00e9e de lecture estim\u00e9e\" \/>\n\t<meta name=\"twitter:data1\" content=\"1 minute\" \/>\n<script type=\"application\/ld+json\" class=\"yoast-schema-graph\">{\"@context\":\"https:\/\/schema.org\",\"@graph\":[{\"@type\":\"WebPage\",\"@id\":\"https:\/\/www.taam.cnrs.fr\/index.php\/formation\/\",\"url\":\"https:\/\/www.taam.cnrs.fr\/index.php\/formation\/\",\"name\":\"Formation - TAAM - CNRS Orl\u00e9ans\",\"isPartOf\":{\"@id\":\"https:\/\/www.taam.cnrs.fr\/#website\"},\"datePublished\":\"2021-04-02T07:17:21+00:00\",\"dateModified\":\"2025-05-06T13:24:57+00:00\",\"breadcrumb\":{\"@id\":\"https:\/\/www.taam.cnrs.fr\/index.php\/formation\/#breadcrumb\"},\"inLanguage\":\"fr-FR\",\"potentialAction\":[{\"@type\":\"ReadAction\",\"target\":[\"https:\/\/www.taam.cnrs.fr\/index.php\/formation\/\"]}]},{\"@type\":\"BreadcrumbList\",\"@id\":\"https:\/\/www.taam.cnrs.fr\/index.php\/formation\/#breadcrumb\",\"itemListElement\":[{\"@type\":\"ListItem\",\"position\":1,\"name\":\"Accueil\",\"item\":\"https:\/\/www.taam.cnrs.fr\/\"},{\"@type\":\"ListItem\",\"position\":2,\"name\":\"Formation\"}]},{\"@type\":\"WebSite\",\"@id\":\"https:\/\/www.taam.cnrs.fr\/#website\",\"url\":\"https:\/\/www.taam.cnrs.fr\/\",\"name\":\"TAAM - CNRS Orl\u00e9ans\",\"description\":\"Typage et Archivage d&#039;Animaux Mod\u00e8les - UAR 44\",\"publisher\":{\"@id\":\"https:\/\/www.taam.cnrs.fr\/#organization\"},\"potentialAction\":[{\"@type\":\"SearchAction\",\"target\":{\"@type\":\"EntryPoint\",\"urlTemplate\":\"https:\/\/www.taam.cnrs.fr\/?s={search_term_string}\"},\"query-input\":{\"@type\":\"PropertyValueSpecification\",\"valueRequired\":true,\"valueName\":\"search_term_string\"}}],\"inLanguage\":\"fr-FR\"},{\"@type\":\"Organization\",\"@id\":\"https:\/\/www.taam.cnrs.fr\/#organization\",\"name\":\"TAAM - CNRS Orl\u00e9ans\",\"url\":\"https:\/\/www.taam.cnrs.fr\/\",\"logo\":{\"@type\":\"ImageObject\",\"inLanguage\":\"fr-FR\",\"@id\":\"https:\/\/www.taam.cnrs.fr\/#\/schema\/logo\/image\/\",\"url\":\"https:\/\/www.taam.cnrs.fr\/wp-content\/uploads\/2025\/01\/cropped-LOGO_CNRS_BLEU.png\",\"contentUrl\":\"https:\/\/www.taam.cnrs.fr\/wp-content\/uploads\/2025\/01\/cropped-LOGO_CNRS_BLEU.png\",\"width\":875,\"height\":863,\"caption\":\"TAAM - CNRS Orl\u00e9ans\"},\"image\":{\"@id\":\"https:\/\/www.taam.cnrs.fr\/#\/schema\/logo\/image\/\"}}]}<\/script>\n<!-- \/ Yoast SEO plugin. -->","yoast_head_json":{"title":"Formation - TAAM - CNRS Orl\u00e9ans","robots":{"index":"index","follow":"follow","max-snippet":"max-snippet:-1","max-image-preview":"max-image-preview:large","max-video-preview":"max-video-preview:-1"},"canonical":"https:\/\/www.taam.cnrs.fr\/index.php\/formation\/","og_locale":"fr_FR","og_type":"article","og_title":"Formation - TAAM - CNRS Orl\u00e9ans","og_description":"Le TAAM et ses collaborateurs organisent et interviennent dans diff\u00e9rentes formations.\u00a0\u00a0\u00a0\u00a0\u00a0\u00a0\u00a0\u00a0\u00a0\u00a0\u00a0\u00a0 N\u2019h\u00e9sitez pas \u00e0 nous contacter pour tout compl\u00e9ment d\u2019informations. Formations du 1er semestre 2025 La qualit\u00e9, levier de performance pour les laboratoires de recherche. Du mercredi 25\/06\/2025 au vendredi 27\/06\/2025 (3 jours)\u00a0 et du jeudi 2\/10\/2025 au vendredi 3\/10\/2025 (2 jours) Orl\u00e9ans En savoir&hellip; Read more","og_url":"https:\/\/www.taam.cnrs.fr\/index.php\/formation\/","og_site_name":"TAAM - CNRS Orl\u00e9ans","article_modified_time":"2025-05-06T13:24:57+00:00","twitter_card":"summary_large_image","twitter_misc":{"Dur\u00e9e de lecture estim\u00e9e":"1 minute"},"schema":{"@context":"https:\/\/schema.org","@graph":[{"@type":"WebPage","@id":"https:\/\/www.taam.cnrs.fr\/index.php\/formation\/","url":"https:\/\/www.taam.cnrs.fr\/index.php\/formation\/","name":"Formation - TAAM - CNRS Orl\u00e9ans","isPartOf":{"@id":"https:\/\/www.taam.cnrs.fr\/#website"},"datePublished":"2021-04-02T07:17:21+00:00","dateModified":"2025-05-06T13:24:57+00:00","breadcrumb":{"@id":"https:\/\/www.taam.cnrs.fr\/index.php\/formation\/#breadcrumb"},"inLanguage":"fr-FR","potentialAction":[{"@type":"ReadAction","target":["https:\/\/www.taam.cnrs.fr\/index.php\/formation\/"]}]},{"@type":"BreadcrumbList","@id":"https:\/\/www.taam.cnrs.fr\/index.php\/formation\/#breadcrumb","itemListElement":[{"@type":"ListItem","position":1,"name":"Accueil","item":"https:\/\/www.taam.cnrs.fr\/"},{"@type":"ListItem","position":2,"name":"Formation"}]},{"@type":"WebSite","@id":"https:\/\/www.taam.cnrs.fr\/#website","url":"https:\/\/www.taam.cnrs.fr\/","name":"TAAM - CNRS Orl\u00e9ans","description":"Typage et Archivage d&#039;Animaux Mod\u00e8les - UAR 44","publisher":{"@id":"https:\/\/www.taam.cnrs.fr\/#organization"},"potentialAction":[{"@type":"SearchAction","target":{"@type":"EntryPoint","urlTemplate":"https:\/\/www.taam.cnrs.fr\/?s={search_term_string}"},"query-input":{"@type":"PropertyValueSpecification","valueRequired":true,"valueName":"search_term_string"}}],"inLanguage":"fr-FR"},{"@type":"Organization","@id":"https:\/\/www.taam.cnrs.fr\/#organization","name":"TAAM - CNRS Orl\u00e9ans","url":"https:\/\/www.taam.cnrs.fr\/","logo":{"@type":"ImageObject","inLanguage":"fr-FR","@id":"https:\/\/www.taam.cnrs.fr\/#\/schema\/logo\/image\/","url":"https:\/\/www.taam.cnrs.fr\/wp-content\/uploads\/2025\/01\/cropped-LOGO_CNRS_BLEU.png","contentUrl":"https:\/\/www.taam.cnrs.fr\/wp-content\/uploads\/2025\/01\/cropped-LOGO_CNRS_BLEU.png","width":875,"height":863,"caption":"TAAM - CNRS Orl\u00e9ans"},"image":{"@id":"https:\/\/www.taam.cnrs.fr\/#\/schema\/logo\/image\/"}}]}},"_links":{"self":[{"href":"https:\/\/www.taam.cnrs.fr\/index.php\/wp-json\/wp\/v2\/pages\/2343","targetHints":{"allow":["GET"]}}],"collection":[{"href":"https:\/\/www.taam.cnrs.fr\/index.php\/wp-json\/wp\/v2\/pages"}],"about":[{"href":"https:\/\/www.taam.cnrs.fr\/index.php\/wp-json\/wp\/v2\/types\/page"}],"author":[{"embeddable":true,"href":"https:\/\/www.taam.cnrs.fr\/index.php\/wp-json\/wp\/v2\/users\/1"}],"replies":[{"embeddable":true,"href":"https:\/\/www.taam.cnrs.fr\/index.php\/wp-json\/wp\/v2\/comments?post=2343"}],"version-history":[{"count":296,"href":"https:\/\/www.taam.cnrs.fr\/index.php\/wp-json\/wp\/v2\/pages\/2343\/revisions"}],"predecessor-version":[{"id":5599,"href":"https:\/\/www.taam.cnrs.fr\/index.php\/wp-json\/wp\/v2\/pages\/2343\/revisions\/5599"}],"wp:attachment":[{"href":"https:\/\/www.taam.cnrs.fr\/index.php\/wp-json\/wp\/v2\/media?parent=2343"}],"curies":[{"name":"wp","href":"https:\/\/api.w.org\/{rel}","templated":true}]}}