{"id":36,"date":"2020-07-02T10:58:20","date_gmt":"2020-07-02T08:58:20","guid":{"rendered":"https:\/\/www.taam.cnrs.fr\/?page_id=36"},"modified":"2024-02-14T16:52:58","modified_gmt":"2024-02-14T15:52:58","slug":"qui-sommes-nous","status":"publish","type":"page","link":"https:\/\/www.taam.cnrs.fr\/index.php\/qui-sommes-nous\/","title":{"rendered":"Qui sommes nous ?"},"content":{"rendered":"\t\t<div data-elementor-type=\"wp-page\" data-elementor-id=\"36\" class=\"elementor elementor-36\">\n\t\t\t\t\t\t<section class=\"elementor-section elementor-top-section elementor-element elementor-element-7ca9902 elementor-section-boxed elementor-section-height-default elementor-section-height-default\" data-id=\"7ca9902\" data-element_type=\"section\">\n\t\t\t\t\t\t<div class=\"elementor-container elementor-column-gap-default\">\n\t\t\t\t\t<div class=\"elementor-column elementor-col-100 elementor-top-column elementor-element elementor-element-070711c\" data-id=\"070711c\" data-element_type=\"column\">\n\t\t\t<div class=\"elementor-widget-wrap elementor-element-populated\">\n\t\t\t\t\t\t<div class=\"elementor-element elementor-element-ddfc933 elementor-widget elementor-widget-text-editor\" data-id=\"ddfc933\" data-element_type=\"widget\" data-widget_type=\"text-editor.default\">\n\t\t\t\t<div class=\"elementor-widget-container\">\n\t\t\t\t\t\t\t\t\t<p>Le TAAM est une unit\u00e9 d&rsquo;appui et de recherche qui offre un large panel de prestations autour des mod\u00e8les rat et souris pour la recherche fondamentale, biom\u00e9dicale et pharmaceutique.<\/p><p>Depuis plus de 70 ans, 50 ing\u00e9nieurs et techniciens mettent quotidiennement leurs comp\u00e9tences et leur expertise au service de la communaut\u00e9 scientifique pour :<\/p><ul><li>Offrir un ensemble de prestations de haut niveau technique autour de 6 p\u00f4les d\u2019expertise : exploration par imagerie multimodale in vivo, gestion de colonies \u00e0 fa\u00e7on,\u00a0 gestion de colonies ax\u00e9niques et gnotox\u00e9niques, cryopr\u00e9servation et reproduction assist\u00e9e, analyse microbiologique et g\u00e9n\u00e9tique, et distribution de mod\u00e8les sur le territoire ou \u00e0 l\u2019internationale.<\/li><li>\u00a0R\u00e9pondre aux attentes des chercheurs par l\u2019innovation,<\/li><li>\u00a0Contribuer au transfert de connaissances par la formation d\u2019\u00e9tudiants ainsi que par la participation \u00e0 des programmes de formations scientifiques et techniques destin\u00e9s \u00e0 des ing\u00e9nieurs et techniciens des laboratoires de recherche.<\/li><\/ul>\t\t\t\t\t\t\t\t<\/div>\n\t\t\t\t<\/div>\n\t\t\t\t\t<\/div>\n\t\t<\/div>\n\t\t\t\t\t<\/div>\n\t\t<\/section>\n\t\t\t\t<section class=\"elementor-section elementor-top-section elementor-element elementor-element-44e039b elementor-section-boxed elementor-section-height-default elementor-section-height-default\" data-id=\"44e039b\" data-element_type=\"section\">\n\t\t\t\t\t\t<div class=\"elementor-container elementor-column-gap-default\">\n\t\t\t\t\t<div class=\"elementor-column elementor-col-100 elementor-top-column elementor-element elementor-element-2fb4e6f\" data-id=\"2fb4e6f\" data-element_type=\"column\">\n\t\t\t<div class=\"elementor-widget-wrap elementor-element-populated\">\n\t\t\t\t\t\t<div class=\"elementor-element elementor-element-0af3411 elementor-widget elementor-widget-image\" data-id=\"0af3411\" data-element_type=\"widget\" data-widget_type=\"image.default\">\n\t\t\t\t<div class=\"elementor-widget-container\">\n\t\t\t\t\t\t\t\t\t\t\t\t\t\t\t<img fetchpriority=\"high\" decoding=\"async\" width=\"2560\" height=\"773\" src=\"https:\/\/www.taam.cnrs.fr\/wp-content\/uploads\/2021\/08\/Photo-banniere-Expt-scaled.jpg\" class=\"attachment-full size-full wp-image-3373\" alt=\"\" srcset=\"https:\/\/www.taam.cnrs.fr\/wp-content\/uploads\/2021\/08\/Photo-banniere-Expt-scaled.jpg 2560w, https:\/\/www.taam.cnrs.fr\/wp-content\/uploads\/2021\/08\/Photo-banniere-Expt-300x91.jpg 300w, https:\/\/www.taam.cnrs.fr\/wp-content\/uploads\/2021\/08\/Photo-banniere-Expt-1024x309.jpg 1024w, https:\/\/www.taam.cnrs.fr\/wp-content\/uploads\/2021\/08\/Photo-banniere-Expt-768x232.jpg 768w, https:\/\/www.taam.cnrs.fr\/wp-content\/uploads\/2021\/08\/Photo-banniere-Expt-1536x464.jpg 1536w, https:\/\/www.taam.cnrs.fr\/wp-content\/uploads\/2021\/08\/Photo-banniere-Expt-2048x618.jpg 2048w, https:\/\/www.taam.cnrs.fr\/wp-content\/uploads\/2021\/08\/Photo-banniere-Expt-1920x579.jpg 1920w\" sizes=\"(max-width: 2560px) 100vw, 2560px\" \/>\t\t\t\t\t\t\t\t\t\t\t\t\t\t\t<\/div>\n\t\t\t\t<\/div>\n\t\t\t\t\t<\/div>\n\t\t<\/div>\n\t\t\t\t\t<\/div>\n\t\t<\/section>\n\t\t\t\t<section class=\"elementor-section elementor-top-section elementor-element elementor-element-260ba92 elementor-section-boxed elementor-section-height-default elementor-section-height-default\" data-id=\"260ba92\" data-element_type=\"section\">\n\t\t\t\t\t\t<div class=\"elementor-container elementor-column-gap-default\">\n\t\t\t\t\t<div class=\"elementor-column elementor-col-33 elementor-top-column elementor-element elementor-element-b9f4e3b\" data-id=\"b9f4e3b\" data-element_type=\"column\">\n\t\t\t<div class=\"elementor-widget-wrap\">\n\t\t\t\t\t\t\t<\/div>\n\t\t<\/div>\n\t\t\t\t<div class=\"elementor-column elementor-col-33 elementor-top-column elementor-element elementor-element-287cdae\" data-id=\"287cdae\" data-element_type=\"column\">\n\t\t\t<div class=\"elementor-widget-wrap elementor-element-populated\">\n\t\t\t\t\t\t<div class=\"elementor-element elementor-element-9589713 elementor-widget elementor-widget-heading\" data-id=\"9589713\" data-element_type=\"widget\" data-widget_type=\"heading.default\">\n\t\t\t\t<div class=\"elementor-widget-container\">\n\t\t\t\t\t<h6 class=\"elementor-heading-title elementor-size-default\">La souris au service de l'Homme\n\u00a9 TAAM<\/h6>\t\t\t\t<\/div>\n\t\t\t\t<\/div>\n\t\t\t\t\t<\/div>\n\t\t<\/div>\n\t\t\t\t<div class=\"elementor-column elementor-col-33 elementor-top-column elementor-element elementor-element-50d5765\" data-id=\"50d5765\" data-element_type=\"column\">\n\t\t\t<div class=\"elementor-widget-wrap\">\n\t\t\t\t\t\t\t<\/div>\n\t\t<\/div>\n\t\t\t\t\t<\/div>\n\t\t<\/section>\n\t\t\t\t<section class=\"elementor-section elementor-top-section elementor-element elementor-element-4090dcf elementor-section-boxed elementor-section-height-default elementor-section-height-default\" data-id=\"4090dcf\" data-element_type=\"section\">\n\t\t\t\t\t\t<div class=\"elementor-container elementor-column-gap-default\">\n\t\t\t\t\t<div class=\"elementor-column elementor-col-100 elementor-top-column elementor-element elementor-element-cfb4d8d\" data-id=\"cfb4d8d\" data-element_type=\"column\">\n\t\t\t<div class=\"elementor-widget-wrap elementor-element-populated\">\n\t\t\t\t\t\t<div class=\"elementor-element elementor-element-d5b604e elementor-widget elementor-widget-spacer\" data-id=\"d5b604e\" data-element_type=\"widget\" data-widget_type=\"spacer.default\">\n\t\t\t\t<div class=\"elementor-widget-container\">\n\t\t\t\t\t\t\t<div class=\"elementor-spacer\">\n\t\t\t<div class=\"elementor-spacer-inner\"><\/div>\n\t\t<\/div>\n\t\t\t\t\t\t<\/div>\n\t\t\t\t<\/div>\n\t\t\t\t<div class=\"elementor-element elementor-element-720dfa4 elementor-widget elementor-widget-text-editor\" data-id=\"720dfa4\" data-element_type=\"widget\" data-widget_type=\"text-editor.default\">\n\t\t\t\t<div class=\"elementor-widget-container\">\n\t\t\t\t\t\t\t\t\t<p>R\u00e9partie sur une surface de 8500 m\u00b2, l\u2019unit\u00e9 TAAM est dot\u00e9e d\u2019une infrastructure et d\u2019\u00e9quipements performants de haute technologie fonctionnant 24h\/24H et 7j\/7j.<\/p><p>Le TAAM maintient un haut niveau d\u2019exigence sanitaire, r\u00e9glementaire et \u00e9thique au sein de ces installations.<\/p><p>Dans le cadre des investissements d\u2019avenir et depuis 2011, le TAAM est l\u2019un des trois partenaires nationaux de l\u2019infrastructure de recherche PHENOMIN, de l\u2019infrastructure nationale CELPHEDIA et de l\u2019infrastructure paneurop\u00e9enne INFRAFRONTIER.<\/p><p>Le TAAM est certifi\u00e9 ISO 9001 depuis janvier 2008 et NFX50-900 depuis 2014. L\u2019ensemble du personnel du TAAM est engag\u00e9 au quotidien pour apporter \u00e0 ses clients un service de qualit\u00e9 dans le respect des r\u00e8gles d\u2019\u00e9thique et de bien-\u00eatre animal auxquelles nous sommes tous attach\u00e9s.<\/p>\t\t\t\t\t\t\t\t<\/div>\n\t\t\t\t<\/div>\n\t\t\t\t\t<\/div>\n\t\t<\/div>\n\t\t\t\t\t<\/div>\n\t\t<\/section>\n\t\t\t\t<section class=\"elementor-section elementor-top-section elementor-element elementor-element-9484ce2 elementor-section-boxed elementor-section-height-default elementor-section-height-default\" data-id=\"9484ce2\" data-element_type=\"section\">\n\t\t\t\t\t\t<div class=\"elementor-container elementor-column-gap-default\">\n\t\t\t\t\t<div class=\"elementor-column elementor-col-100 elementor-top-column elementor-element elementor-element-c1a309b\" data-id=\"c1a309b\" data-element_type=\"column\">\n\t\t\t<div class=\"elementor-widget-wrap elementor-element-populated\">\n\t\t\t\t\t\t<div class=\"elementor-element elementor-element-ac0e206 elementor-widget elementor-widget-spacer\" data-id=\"ac0e206\" data-element_type=\"widget\" data-widget_type=\"spacer.default\">\n\t\t\t\t<div class=\"elementor-widget-container\">\n\t\t\t\t\t\t\t<div class=\"elementor-spacer\">\n\t\t\t<div class=\"elementor-spacer-inner\"><\/div>\n\t\t<\/div>\n\t\t\t\t\t\t<\/div>\n\t\t\t\t<\/div>\n\t\t\t\t<div class=\"elementor-element elementor-element-1e2a334 elementor-widget elementor-widget-heading\" data-id=\"1e2a334\" data-element_type=\"widget\" data-widget_type=\"heading.default\">\n\t\t\t\t<div class=\"elementor-widget-container\">\n\t\t\t\t\t<h2 class=\"elementor-heading-title elementor-size-large\">N'h\u00e9sitez pas \u00e0 contacter le TAAM pour construire les r\u00e9ponses adapt\u00e9es \u00e0 vos demandes.<\/h2>\t\t\t\t<\/div>\n\t\t\t\t<\/div>\n\t\t\t\t\t<\/div>\n\t\t<\/div>\n\t\t\t\t\t<\/div>\n\t\t<\/section>\n\t\t\t\t<\/div>\n\t\t","protected":false},"excerpt":{"rendered":"<p>Le TAAM est une unit\u00e9 d&rsquo;appui et de recherche qui offre un large panel de prestations autour des mod\u00e8les rat et souris pour la recherche fondamentale, biom\u00e9dicale et pharmaceutique. Depuis plus de 70 ans, 50 ing\u00e9nieurs et techniciens mettent quotidiennement leurs comp\u00e9tences et leur expertise au service de la communaut\u00e9 scientifique pour : Offrir un&hellip; <br \/> <a class=\"read-more\" href=\"https:\/\/www.taam.cnrs.fr\/index.php\/qui-sommes-nous\/\">Read more<\/a><\/p>\n","protected":false},"author":1,"featured_media":0,"parent":0,"menu_order":0,"comment_status":"closed","ping_status":"closed","template":"","meta":{"footnotes":""},"class_list":["post-36","page","type-page","status-publish","hentry"],"yoast_head":"<!-- This site is optimized with the Yoast SEO plugin v26.4 - https:\/\/yoast.com\/wordpress\/plugins\/seo\/ -->\n<title>Qui sommes nous ? - TAAM - CNRS Orl\u00e9ans<\/title>\n<meta name=\"robots\" content=\"index, follow, max-snippet:-1, max-image-preview:large, max-video-preview:-1\" \/>\n<link rel=\"canonical\" href=\"https:\/\/www.taam.cnrs.fr\/index.php\/qui-sommes-nous\/\" \/>\n<meta property=\"og:locale\" content=\"fr_FR\" \/>\n<meta property=\"og:type\" content=\"article\" \/>\n<meta property=\"og:title\" content=\"Qui sommes nous ? - TAAM - CNRS Orl\u00e9ans\" \/>\n<meta property=\"og:description\" content=\"Le TAAM est une unit\u00e9 d&rsquo;appui et de recherche qui offre un large panel de prestations autour des mod\u00e8les rat et souris pour la recherche fondamentale, biom\u00e9dicale et pharmaceutique. Depuis plus de 70 ans, 50 ing\u00e9nieurs et techniciens mettent quotidiennement leurs comp\u00e9tences et leur expertise au service de la communaut\u00e9 scientifique pour : Offrir un&hellip; Read more\" \/>\n<meta property=\"og:url\" content=\"https:\/\/www.taam.cnrs.fr\/index.php\/qui-sommes-nous\/\" \/>\n<meta property=\"og:site_name\" content=\"TAAM - CNRS Orl\u00e9ans\" \/>\n<meta property=\"article:modified_time\" content=\"2024-02-14T15:52:58+00:00\" \/>\n<meta property=\"og:image\" content=\"https:\/\/www.taam.cnrs.fr\/wp-content\/uploads\/2021\/08\/Photo-banniere-Expt-scaled.jpg\" \/>\n<meta name=\"twitter:card\" content=\"summary_large_image\" \/>\n<meta name=\"twitter:label1\" content=\"Dur\u00e9e de lecture estim\u00e9e\" \/>\n\t<meta name=\"twitter:data1\" content=\"2 minutes\" \/>\n<script type=\"application\/ld+json\" class=\"yoast-schema-graph\">{\"@context\":\"https:\/\/schema.org\",\"@graph\":[{\"@type\":\"WebPage\",\"@id\":\"https:\/\/www.taam.cnrs.fr\/index.php\/qui-sommes-nous\/\",\"url\":\"https:\/\/www.taam.cnrs.fr\/index.php\/qui-sommes-nous\/\",\"name\":\"Qui sommes nous ? - TAAM - CNRS Orl\u00e9ans\",\"isPartOf\":{\"@id\":\"https:\/\/www.taam.cnrs.fr\/#website\"},\"primaryImageOfPage\":{\"@id\":\"https:\/\/www.taam.cnrs.fr\/index.php\/qui-sommes-nous\/#primaryimage\"},\"image\":{\"@id\":\"https:\/\/www.taam.cnrs.fr\/index.php\/qui-sommes-nous\/#primaryimage\"},\"thumbnailUrl\":\"https:\/\/www.taam.cnrs.fr\/wp-content\/uploads\/2021\/08\/Photo-banniere-Expt-scaled.jpg\",\"datePublished\":\"2020-07-02T08:58:20+00:00\",\"dateModified\":\"2024-02-14T15:52:58+00:00\",\"breadcrumb\":{\"@id\":\"https:\/\/www.taam.cnrs.fr\/index.php\/qui-sommes-nous\/#breadcrumb\"},\"inLanguage\":\"fr-FR\",\"potentialAction\":[{\"@type\":\"ReadAction\",\"target\":[\"https:\/\/www.taam.cnrs.fr\/index.php\/qui-sommes-nous\/\"]}]},{\"@type\":\"ImageObject\",\"inLanguage\":\"fr-FR\",\"@id\":\"https:\/\/www.taam.cnrs.fr\/index.php\/qui-sommes-nous\/#primaryimage\",\"url\":\"https:\/\/www.taam.cnrs.fr\/wp-content\/uploads\/2021\/08\/Photo-banniere-Expt-scaled.jpg\",\"contentUrl\":\"https:\/\/www.taam.cnrs.fr\/wp-content\/uploads\/2021\/08\/Photo-banniere-Expt-scaled.jpg\",\"width\":2560,\"height\":773},{\"@type\":\"BreadcrumbList\",\"@id\":\"https:\/\/www.taam.cnrs.fr\/index.php\/qui-sommes-nous\/#breadcrumb\",\"itemListElement\":[{\"@type\":\"ListItem\",\"position\":1,\"name\":\"Accueil\",\"item\":\"https:\/\/www.taam.cnrs.fr\/\"},{\"@type\":\"ListItem\",\"position\":2,\"name\":\"Qui sommes nous ?\"}]},{\"@type\":\"WebSite\",\"@id\":\"https:\/\/www.taam.cnrs.fr\/#website\",\"url\":\"https:\/\/www.taam.cnrs.fr\/\",\"name\":\"TAAM - CNRS Orl\u00e9ans\",\"description\":\"Typage et Archivage d&#039;Animaux Mod\u00e8les - UAR 44\",\"publisher\":{\"@id\":\"https:\/\/www.taam.cnrs.fr\/#organization\"},\"potentialAction\":[{\"@type\":\"SearchAction\",\"target\":{\"@type\":\"EntryPoint\",\"urlTemplate\":\"https:\/\/www.taam.cnrs.fr\/?s={search_term_string}\"},\"query-input\":{\"@type\":\"PropertyValueSpecification\",\"valueRequired\":true,\"valueName\":\"search_term_string\"}}],\"inLanguage\":\"fr-FR\"},{\"@type\":\"Organization\",\"@id\":\"https:\/\/www.taam.cnrs.fr\/#organization\",\"name\":\"TAAM - CNRS Orl\u00e9ans\",\"url\":\"https:\/\/www.taam.cnrs.fr\/\",\"logo\":{\"@type\":\"ImageObject\",\"inLanguage\":\"fr-FR\",\"@id\":\"https:\/\/www.taam.cnrs.fr\/#\/schema\/logo\/image\/\",\"url\":\"https:\/\/www.taam.cnrs.fr\/wp-content\/uploads\/2025\/01\/cropped-LOGO_CNRS_BLEU.png\",\"contentUrl\":\"https:\/\/www.taam.cnrs.fr\/wp-content\/uploads\/2025\/01\/cropped-LOGO_CNRS_BLEU.png\",\"width\":875,\"height\":863,\"caption\":\"TAAM - CNRS Orl\u00e9ans\"},\"image\":{\"@id\":\"https:\/\/www.taam.cnrs.fr\/#\/schema\/logo\/image\/\"}}]}<\/script>\n<!-- \/ Yoast SEO plugin. -->","yoast_head_json":{"title":"Qui sommes nous ? - TAAM - CNRS Orl\u00e9ans","robots":{"index":"index","follow":"follow","max-snippet":"max-snippet:-1","max-image-preview":"max-image-preview:large","max-video-preview":"max-video-preview:-1"},"canonical":"https:\/\/www.taam.cnrs.fr\/index.php\/qui-sommes-nous\/","og_locale":"fr_FR","og_type":"article","og_title":"Qui sommes nous ? - TAAM - CNRS Orl\u00e9ans","og_description":"Le TAAM est une unit\u00e9 d&rsquo;appui et de recherche qui offre un large panel de prestations autour des mod\u00e8les rat et souris pour la recherche fondamentale, biom\u00e9dicale et pharmaceutique. Depuis plus de 70 ans, 50 ing\u00e9nieurs et techniciens mettent quotidiennement leurs comp\u00e9tences et leur expertise au service de la communaut\u00e9 scientifique pour : Offrir un&hellip; Read more","og_url":"https:\/\/www.taam.cnrs.fr\/index.php\/qui-sommes-nous\/","og_site_name":"TAAM - CNRS Orl\u00e9ans","article_modified_time":"2024-02-14T15:52:58+00:00","og_image":[{"url":"https:\/\/www.taam.cnrs.fr\/wp-content\/uploads\/2021\/08\/Photo-banniere-Expt-scaled.jpg","type":"","width":"","height":""}],"twitter_card":"summary_large_image","twitter_misc":{"Dur\u00e9e de lecture estim\u00e9e":"2 minutes"},"schema":{"@context":"https:\/\/schema.org","@graph":[{"@type":"WebPage","@id":"https:\/\/www.taam.cnrs.fr\/index.php\/qui-sommes-nous\/","url":"https:\/\/www.taam.cnrs.fr\/index.php\/qui-sommes-nous\/","name":"Qui sommes nous ? - TAAM - CNRS Orl\u00e9ans","isPartOf":{"@id":"https:\/\/www.taam.cnrs.fr\/#website"},"primaryImageOfPage":{"@id":"https:\/\/www.taam.cnrs.fr\/index.php\/qui-sommes-nous\/#primaryimage"},"image":{"@id":"https:\/\/www.taam.cnrs.fr\/index.php\/qui-sommes-nous\/#primaryimage"},"thumbnailUrl":"https:\/\/www.taam.cnrs.fr\/wp-content\/uploads\/2021\/08\/Photo-banniere-Expt-scaled.jpg","datePublished":"2020-07-02T08:58:20+00:00","dateModified":"2024-02-14T15:52:58+00:00","breadcrumb":{"@id":"https:\/\/www.taam.cnrs.fr\/index.php\/qui-sommes-nous\/#breadcrumb"},"inLanguage":"fr-FR","potentialAction":[{"@type":"ReadAction","target":["https:\/\/www.taam.cnrs.fr\/index.php\/qui-sommes-nous\/"]}]},{"@type":"ImageObject","inLanguage":"fr-FR","@id":"https:\/\/www.taam.cnrs.fr\/index.php\/qui-sommes-nous\/#primaryimage","url":"https:\/\/www.taam.cnrs.fr\/wp-content\/uploads\/2021\/08\/Photo-banniere-Expt-scaled.jpg","contentUrl":"https:\/\/www.taam.cnrs.fr\/wp-content\/uploads\/2021\/08\/Photo-banniere-Expt-scaled.jpg","width":2560,"height":773},{"@type":"BreadcrumbList","@id":"https:\/\/www.taam.cnrs.fr\/index.php\/qui-sommes-nous\/#breadcrumb","itemListElement":[{"@type":"ListItem","position":1,"name":"Accueil","item":"https:\/\/www.taam.cnrs.fr\/"},{"@type":"ListItem","position":2,"name":"Qui sommes nous ?"}]},{"@type":"WebSite","@id":"https:\/\/www.taam.cnrs.fr\/#website","url":"https:\/\/www.taam.cnrs.fr\/","name":"TAAM - CNRS Orl\u00e9ans","description":"Typage et Archivage d&#039;Animaux Mod\u00e8les - UAR 44","publisher":{"@id":"https:\/\/www.taam.cnrs.fr\/#organization"},"potentialAction":[{"@type":"SearchAction","target":{"@type":"EntryPoint","urlTemplate":"https:\/\/www.taam.cnrs.fr\/?s={search_term_string}"},"query-input":{"@type":"PropertyValueSpecification","valueRequired":true,"valueName":"search_term_string"}}],"inLanguage":"fr-FR"},{"@type":"Organization","@id":"https:\/\/www.taam.cnrs.fr\/#organization","name":"TAAM - CNRS Orl\u00e9ans","url":"https:\/\/www.taam.cnrs.fr\/","logo":{"@type":"ImageObject","inLanguage":"fr-FR","@id":"https:\/\/www.taam.cnrs.fr\/#\/schema\/logo\/image\/","url":"https:\/\/www.taam.cnrs.fr\/wp-content\/uploads\/2025\/01\/cropped-LOGO_CNRS_BLEU.png","contentUrl":"https:\/\/www.taam.cnrs.fr\/wp-content\/uploads\/2025\/01\/cropped-LOGO_CNRS_BLEU.png","width":875,"height":863,"caption":"TAAM - CNRS Orl\u00e9ans"},"image":{"@id":"https:\/\/www.taam.cnrs.fr\/#\/schema\/logo\/image\/"}}]}},"_links":{"self":[{"href":"https:\/\/www.taam.cnrs.fr\/index.php\/wp-json\/wp\/v2\/pages\/36","targetHints":{"allow":["GET"]}}],"collection":[{"href":"https:\/\/www.taam.cnrs.fr\/index.php\/wp-json\/wp\/v2\/pages"}],"about":[{"href":"https:\/\/www.taam.cnrs.fr\/index.php\/wp-json\/wp\/v2\/types\/page"}],"author":[{"embeddable":true,"href":"https:\/\/www.taam.cnrs.fr\/index.php\/wp-json\/wp\/v2\/users\/1"}],"replies":[{"embeddable":true,"href":"https:\/\/www.taam.cnrs.fr\/index.php\/wp-json\/wp\/v2\/comments?post=36"}],"version-history":[{"count":104,"href":"https:\/\/www.taam.cnrs.fr\/index.php\/wp-json\/wp\/v2\/pages\/36\/revisions"}],"predecessor-version":[{"id":5366,"href":"https:\/\/www.taam.cnrs.fr\/index.php\/wp-json\/wp\/v2\/pages\/36\/revisions\/5366"}],"wp:attachment":[{"href":"https:\/\/www.taam.cnrs.fr\/index.php\/wp-json\/wp\/v2\/media?parent=36"}],"curies":[{"name":"wp","href":"https:\/\/api.w.org\/{rel}","templated":true}]}}