{"id":3748,"date":"2021-09-16T15:07:50","date_gmt":"2021-09-16T13:07:50","guid":{"rendered":"https:\/\/www.taam.cnrs.fr\/?page_id=3748"},"modified":"2025-02-06T15:21:24","modified_gmt":"2025-02-06T14:21:24","slug":"cryoconservation","status":"publish","type":"page","link":"https:\/\/www.taam.cnrs.fr\/index.php\/cryoconservation\/","title":{"rendered":"Cryopr\u00e9servation"},"content":{"rendered":"\t\t<div data-elementor-type=\"wp-page\" data-elementor-id=\"3748\" class=\"elementor elementor-3748\">\n\t\t\t\t\t\t<section class=\"elementor-section elementor-top-section elementor-element elementor-element-a8d6b24 elementor-section-boxed elementor-section-height-default elementor-section-height-default\" data-id=\"a8d6b24\" data-element_type=\"section\">\n\t\t\t\t\t\t<div class=\"elementor-container elementor-column-gap-default\">\n\t\t\t\t\t<div class=\"elementor-column elementor-col-100 elementor-top-column elementor-element elementor-element-2438481\" data-id=\"2438481\" data-element_type=\"column\">\n\t\t\t<div class=\"elementor-widget-wrap elementor-element-populated\">\n\t\t\t\t\t\t<div class=\"elementor-element elementor-element-a1e54d1 elementor-widget elementor-widget-text-editor\" data-id=\"a1e54d1\" data-element_type=\"widget\" data-widget_type=\"text-editor.default\">\n\t\t\t\t<div class=\"elementor-widget-container\">\n\t\t\t\t\t\t\t\t\t<p>Avec plus de 4000 lign\u00e9es cryopr\u00e9serv\u00e9es, le TAAM est fort d\u2019une grande expertise dans <strong>la<\/strong> <strong>cryopr\u00e9servation de lign\u00e9es de souris et de rats sous la forme d\u2019embryons et\/ou de sperme<\/strong>. \u00a0Nous proposons aux chercheurs la possibilit\u00e9 de conserver leurs lign\u00e9es en proposant des prestations \u00e0 la \u00ab\u00a0carte\u00a0\u00bb.<\/p><p>Les chercheurs ont \u00e9galement la possibilit\u00e9 de congeler leurs lign\u00e9es gratuitement dans le cadre du programme Europ\u00e9en EMMA (European Mouse Mutant Archive) (<a href=\"http:\/\/www.emmanet.org\" target=\"_blank\" rel=\"noopener\">www.emmanet.org<\/a>). En contrepartie de la gratuit\u00e9 de la prestation de cong\u00e9lation, le d\u00e9positaire s\u2019engage \u00e0 autoriser la distribution de sa lign\u00e9e \u00e0 la communaut\u00e9 scientifique.<\/p><p><strong><u>Prestations propos\u00e9es\u00a0:<\/u><\/strong><\/p><ul><li>Cong\u00e9lation d\u2019embryons\u00a0: avec test de viabilit\u00e9 in vivo<\/li><li>Cong\u00e9lation de sperme\u00a0: avec test de viabilit\u00e9 in vitro ou in vivo<\/li><li>Archivage s\u00e9curis\u00e9\u00a0: chaque lign\u00e9e est d\u00e9doubl\u00e9e sur 2 sites distincts<\/li><li>Distribution\u00a0: possibilit\u00e9 de location de dry shipper pour l\u2019envoi de paillettes<\/li><\/ul>\t\t\t\t\t\t\t\t<\/div>\n\t\t\t\t<\/div>\n\t\t\t\t\t<\/div>\n\t\t<\/div>\n\t\t\t\t\t<\/div>\n\t\t<\/section>\n\t\t\t\t<section class=\"elementor-section elementor-top-section elementor-element elementor-element-4cabd82 elementor-section-boxed elementor-section-height-default elementor-section-height-default\" data-id=\"4cabd82\" data-element_type=\"section\">\n\t\t\t\t\t\t<div class=\"elementor-container elementor-column-gap-default\">\n\t\t\t\t\t<div class=\"elementor-column elementor-col-100 elementor-top-column elementor-element elementor-element-1eda256\" data-id=\"1eda256\" data-element_type=\"column\">\n\t\t\t<div class=\"elementor-widget-wrap elementor-element-populated\">\n\t\t\t\t\t\t<div class=\"elementor-element elementor-element-eaf7c6b elementor-widget elementor-widget-spacer\" data-id=\"eaf7c6b\" data-element_type=\"widget\" data-widget_type=\"spacer.default\">\n\t\t\t\t<div class=\"elementor-widget-container\">\n\t\t\t\t\t\t\t<div class=\"elementor-spacer\">\n\t\t\t<div class=\"elementor-spacer-inner\"><\/div>\n\t\t<\/div>\n\t\t\t\t\t\t<\/div>\n\t\t\t\t<\/div>\n\t\t\t\t\t<\/div>\n\t\t<\/div>\n\t\t\t\t\t<\/div>\n\t\t<\/section>\n\t\t\t\t<section class=\"elementor-section elementor-top-section elementor-element elementor-element-72eb2ce elementor-section-boxed elementor-section-height-default elementor-section-height-default\" data-id=\"72eb2ce\" data-element_type=\"section\">\n\t\t\t\t\t\t<div class=\"elementor-container elementor-column-gap-default\">\n\t\t\t\t\t<div class=\"elementor-column elementor-col-50 elementor-top-column elementor-element elementor-element-62b4cf9\" data-id=\"62b4cf9\" data-element_type=\"column\">\n\t\t\t<div class=\"elementor-widget-wrap elementor-element-populated\">\n\t\t\t\t\t\t<div class=\"elementor-element elementor-element-ef49095 elementor-widget elementor-widget-image\" data-id=\"ef49095\" data-element_type=\"widget\" data-widget_type=\"image.default\">\n\t\t\t\t<div class=\"elementor-widget-container\">\n\t\t\t\t\t\t\t\t\t\t\t\t\t\t\t<img decoding=\"async\" src=\"https:\/\/www.taam.cnrs.fr\/wp-content\/uploads\/elementor\/thumbs\/P1025260-p38hmodtcbvr4aul84xjp1fafuakqqg02dd3gv23so.jpg\" title=\"P1025260\" alt=\"P1025260\" loading=\"lazy\" \/>\t\t\t\t\t\t\t\t\t\t\t\t\t\t\t<\/div>\n\t\t\t\t<\/div>\n\t\t\t\t\t<\/div>\n\t\t<\/div>\n\t\t\t\t<div class=\"elementor-column elementor-col-50 elementor-top-column elementor-element elementor-element-44fcb3e\" data-id=\"44fcb3e\" data-element_type=\"column\">\n\t\t\t<div class=\"elementor-widget-wrap elementor-element-populated\">\n\t\t\t\t\t\t<div class=\"elementor-element elementor-element-0e3234c elementor-widget elementor-widget-image\" data-id=\"0e3234c\" data-element_type=\"widget\" data-widget_type=\"image.default\">\n\t\t\t\t<div class=\"elementor-widget-container\">\n\t\t\t\t\t\t\t\t\t\t\t\t\t\t\t<img decoding=\"async\" src=\"https:\/\/www.taam.cnrs.fr\/wp-content\/uploads\/elementor\/thumbs\/P1025256-p38hgq2m23qdl7hvzkalwji6zzmvzqt78wme1rvv7c.jpg\" title=\"P1025256\" alt=\"P1025256\" loading=\"lazy\" \/>\t\t\t\t\t\t\t\t\t\t\t\t\t\t\t<\/div>\n\t\t\t\t<\/div>\n\t\t\t\t\t<\/div>\n\t\t<\/div>\n\t\t\t\t\t<\/div>\n\t\t<\/section>\n\t\t\t\t<section class=\"elementor-section elementor-top-section elementor-element elementor-element-8e79766 elementor-section-boxed elementor-section-height-default elementor-section-height-default\" data-id=\"8e79766\" data-element_type=\"section\">\n\t\t\t\t\t\t<div class=\"elementor-container elementor-column-gap-default\">\n\t\t\t\t\t<div class=\"elementor-column elementor-col-50 elementor-top-column elementor-element elementor-element-34cae62\" data-id=\"34cae62\" data-element_type=\"column\">\n\t\t\t<div class=\"elementor-widget-wrap elementor-element-populated\">\n\t\t\t\t\t\t<div class=\"elementor-element elementor-element-d663e76 elementor-widget elementor-widget-heading\" data-id=\"d663e76\" data-element_type=\"widget\" data-widget_type=\"heading.default\">\n\t\t\t\t<div class=\"elementor-widget-container\">\n\t\t\t\t\t<h6 class=\"elementor-heading-title elementor-size-default\">Tri des embryons <BR>\u00a9 TAAM \/ Gilles Kagan<\/h6>\t\t\t\t<\/div>\n\t\t\t\t<\/div>\n\t\t\t\t\t<\/div>\n\t\t<\/div>\n\t\t\t\t<div class=\"elementor-column elementor-col-50 elementor-top-column elementor-element elementor-element-810dc22\" data-id=\"810dc22\" data-element_type=\"column\">\n\t\t\t<div class=\"elementor-widget-wrap elementor-element-populated\">\n\t\t\t\t\t\t<div class=\"elementor-element elementor-element-9ef5244 elementor-widget elementor-widget-heading\" data-id=\"9ef5244\" data-element_type=\"widget\" data-widget_type=\"heading.default\">\n\t\t\t\t<div class=\"elementor-widget-container\">\n\t\t\t\t\t<h6 class=\"elementor-heading-title elementor-size-default\">Paillettes <BR>\u00a9 TAAM \/ Gilles Kagan<\/h6>\t\t\t\t<\/div>\n\t\t\t\t<\/div>\n\t\t\t\t\t<\/div>\n\t\t<\/div>\n\t\t\t\t\t<\/div>\n\t\t<\/section>\n\t\t\t\t<section class=\"elementor-section elementor-top-section elementor-element elementor-element-26cbf4f elementor-section-boxed elementor-section-height-default elementor-section-height-default\" data-id=\"26cbf4f\" data-element_type=\"section\">\n\t\t\t\t\t\t<div class=\"elementor-container elementor-column-gap-default\">\n\t\t\t\t\t<div class=\"elementor-column elementor-col-50 elementor-top-column elementor-element elementor-element-08efb91\" data-id=\"08efb91\" data-element_type=\"column\">\n\t\t\t<div class=\"elementor-widget-wrap elementor-element-populated\">\n\t\t\t\t\t\t<div class=\"elementor-element elementor-element-cad4b2f elementor-widget elementor-widget-spacer\" data-id=\"cad4b2f\" data-element_type=\"widget\" data-widget_type=\"spacer.default\">\n\t\t\t\t<div class=\"elementor-widget-container\">\n\t\t\t\t\t\t\t<div class=\"elementor-spacer\">\n\t\t\t<div class=\"elementor-spacer-inner\"><\/div>\n\t\t<\/div>\n\t\t\t\t\t\t<\/div>\n\t\t\t\t<\/div>\n\t\t\t\t\t<\/div>\n\t\t<\/div>\n\t\t\t\t<div class=\"elementor-column elementor-col-50 elementor-top-column elementor-element elementor-element-61fcc1c\" data-id=\"61fcc1c\" data-element_type=\"column\">\n\t\t\t<div class=\"elementor-widget-wrap elementor-element-populated\">\n\t\t\t\t\t\t<div class=\"elementor-element elementor-element-ecce26f elementor-widget elementor-widget-spacer\" data-id=\"ecce26f\" data-element_type=\"widget\" data-widget_type=\"spacer.default\">\n\t\t\t\t<div class=\"elementor-widget-container\">\n\t\t\t\t\t\t\t<div class=\"elementor-spacer\">\n\t\t\t<div class=\"elementor-spacer-inner\"><\/div>\n\t\t<\/div>\n\t\t\t\t\t\t<\/div>\n\t\t\t\t<\/div>\n\t\t\t\t\t<\/div>\n\t\t<\/div>\n\t\t\t\t\t<\/div>\n\t\t<\/section>\n\t\t\t\t<section class=\"elementor-section elementor-top-section elementor-element elementor-element-302c906 elementor-section-boxed elementor-section-height-default elementor-section-height-default\" data-id=\"302c906\" data-element_type=\"section\">\n\t\t\t\t\t\t<div class=\"elementor-container elementor-column-gap-default\">\n\t\t\t\t\t<div class=\"elementor-column elementor-col-50 elementor-top-column elementor-element elementor-element-b8c08ba\" data-id=\"b8c08ba\" data-element_type=\"column\">\n\t\t\t<div class=\"elementor-widget-wrap elementor-element-populated\">\n\t\t\t\t\t\t<div class=\"elementor-element elementor-element-1d9569f elementor-widget elementor-widget-image\" data-id=\"1d9569f\" data-element_type=\"widget\" data-widget_type=\"image.default\">\n\t\t\t\t<div class=\"elementor-widget-container\">\n\t\t\t\t\t\t\t\t\t\t\t\t\t\t\t<img decoding=\"async\" src=\"https:\/\/www.taam.cnrs.fr\/wp-content\/uploads\/elementor\/thumbs\/cropped-Photo398-p38e04ks4p62m0hbjpexdzek99rbo463g7hbxcmjzs.jpg\" title=\"cropped-Photo398.jpg\" alt=\"cropped-Photo398.jpg\" loading=\"lazy\" \/>\t\t\t\t\t\t\t\t\t\t\t\t\t\t\t<\/div>\n\t\t\t\t<\/div>\n\t\t\t\t\t<\/div>\n\t\t<\/div>\n\t\t\t\t<div class=\"elementor-column elementor-col-50 elementor-top-column elementor-element elementor-element-5fbece2\" data-id=\"5fbece2\" data-element_type=\"column\">\n\t\t\t<div class=\"elementor-widget-wrap elementor-element-populated\">\n\t\t\t\t\t\t<div class=\"elementor-element elementor-element-727501a elementor-widget elementor-widget-image\" data-id=\"727501a\" data-element_type=\"widget\" data-widget_type=\"image.default\">\n\t\t\t\t<div class=\"elementor-widget-container\">\n\t\t\t\t\t\t\t\t\t\t\t\t\t\t\t<img decoding=\"async\" src=\"https:\/\/www.taam.cnrs.fr\/wp-content\/uploads\/elementor\/thumbs\/P1025270-1-p38e26u14lzq37hgi3igcynz6plbk7cw2f0ou7kgc8.jpg\" title=\"P1025270\" alt=\"P1025270\" loading=\"lazy\" \/>\t\t\t\t\t\t\t\t\t\t\t\t\t\t\t<\/div>\n\t\t\t\t<\/div>\n\t\t\t\t\t<\/div>\n\t\t<\/div>\n\t\t\t\t\t<\/div>\n\t\t<\/section>\n\t\t\t\t<section class=\"elementor-section elementor-top-section elementor-element elementor-element-d420603 elementor-section-boxed elementor-section-height-default elementor-section-height-default\" data-id=\"d420603\" data-element_type=\"section\">\n\t\t\t\t\t\t<div class=\"elementor-container elementor-column-gap-default\">\n\t\t\t\t\t<div class=\"elementor-column elementor-col-50 elementor-top-column elementor-element elementor-element-862572a\" data-id=\"862572a\" data-element_type=\"column\">\n\t\t\t<div class=\"elementor-widget-wrap elementor-element-populated\">\n\t\t\t\t\t\t<div class=\"elementor-element elementor-element-8002d93 elementor-widget elementor-widget-heading\" data-id=\"8002d93\" data-element_type=\"widget\" data-widget_type=\"heading.default\">\n\t\t\t\t<div class=\"elementor-widget-container\">\n\t\t\t\t\t<h6 class=\"elementor-heading-title elementor-size-default\">Cryocontainer de transport  <BR>\u00a9 TAAM \/ Gilles Kagan\n<\/h6>\t\t\t\t<\/div>\n\t\t\t\t<\/div>\n\t\t\t\t\t<\/div>\n\t\t<\/div>\n\t\t\t\t<div class=\"elementor-column elementor-col-50 elementor-top-column elementor-element elementor-element-a5e59b4\" data-id=\"a5e59b4\" data-element_type=\"column\">\n\t\t\t<div class=\"elementor-widget-wrap elementor-element-populated\">\n\t\t\t\t\t\t<div class=\"elementor-element elementor-element-586f690 elementor-widget elementor-widget-heading\" data-id=\"586f690\" data-element_type=\"widget\" data-widget_type=\"heading.default\">\n\t\t\t\t<div class=\"elementor-widget-container\">\n\t\t\t\t\t<h6 class=\"elementor-heading-title elementor-size-default\">Container azote pour archivage des paillettes <BR> \u00a9 TAAM \/ Gilles Kagan\n<\/h6>\t\t\t\t<\/div>\n\t\t\t\t<\/div>\n\t\t\t\t\t<\/div>\n\t\t<\/div>\n\t\t\t\t\t<\/div>\n\t\t<\/section>\n\t\t\t\t<\/div>\n\t\t","protected":false},"excerpt":{"rendered":"<p>Avec plus de 4000 lign\u00e9es cryopr\u00e9serv\u00e9es, le TAAM est fort d\u2019une grande expertise dans la cryopr\u00e9servation de lign\u00e9es de souris et de rats sous la forme d\u2019embryons et\/ou de sperme. \u00a0Nous proposons aux chercheurs la possibilit\u00e9 de conserver leurs lign\u00e9es en proposant des prestations \u00e0 la \u00ab\u00a0carte\u00a0\u00bb. Les chercheurs ont \u00e9galement la possibilit\u00e9 de congeler&hellip; <br \/> <a class=\"read-more\" href=\"https:\/\/www.taam.cnrs.fr\/index.php\/cryoconservation\/\">Read more<\/a><\/p>\n","protected":false},"author":2,"featured_media":0,"parent":0,"menu_order":0,"comment_status":"closed","ping_status":"closed","template":"","meta":{"footnotes":""},"class_list":["post-3748","page","type-page","status-publish","hentry"],"yoast_head":"<!-- This site is optimized with the Yoast SEO plugin v26.4 - https:\/\/yoast.com\/wordpress\/plugins\/seo\/ -->\n<title>Cryopr\u00e9servation - TAAM - CNRS Orl\u00e9ans<\/title>\n<meta name=\"robots\" content=\"index, follow, max-snippet:-1, max-image-preview:large, max-video-preview:-1\" \/>\n<link rel=\"canonical\" href=\"https:\/\/www.taam.cnrs.fr\/index.php\/cryoconservation\/\" \/>\n<meta property=\"og:locale\" content=\"fr_FR\" \/>\n<meta property=\"og:type\" content=\"article\" \/>\n<meta property=\"og:title\" content=\"Cryopr\u00e9servation - TAAM - CNRS Orl\u00e9ans\" \/>\n<meta property=\"og:description\" content=\"Avec plus de 4000 lign\u00e9es cryopr\u00e9serv\u00e9es, le TAAM est fort d\u2019une grande expertise dans la cryopr\u00e9servation de lign\u00e9es de souris et de rats sous la forme d\u2019embryons et\/ou de sperme. \u00a0Nous proposons aux chercheurs la possibilit\u00e9 de conserver leurs lign\u00e9es en proposant des prestations \u00e0 la \u00ab\u00a0carte\u00a0\u00bb. Les chercheurs ont \u00e9galement la possibilit\u00e9 de congeler&hellip; Read more\" \/>\n<meta property=\"og:url\" content=\"https:\/\/www.taam.cnrs.fr\/index.php\/cryoconservation\/\" \/>\n<meta property=\"og:site_name\" content=\"TAAM - CNRS Orl\u00e9ans\" \/>\n<meta property=\"article:modified_time\" content=\"2025-02-06T14:21:24+00:00\" \/>\n<meta property=\"og:image\" content=\"https:\/\/www.taam.cnrs.fr\/wp-content\/uploads\/elementor\/thumbs\/P1025260-p38hmodtcbvr4aul84xjp1fafuakqqg02dd3gv23so.jpg\" \/>\n<meta name=\"twitter:card\" content=\"summary_large_image\" \/>\n<meta name=\"twitter:label1\" content=\"Dur\u00e9e de lecture estim\u00e9e\" \/>\n\t<meta name=\"twitter:data1\" content=\"2 minutes\" \/>\n<script type=\"application\/ld+json\" class=\"yoast-schema-graph\">{\"@context\":\"https:\/\/schema.org\",\"@graph\":[{\"@type\":\"WebPage\",\"@id\":\"https:\/\/www.taam.cnrs.fr\/index.php\/cryoconservation\/\",\"url\":\"https:\/\/www.taam.cnrs.fr\/index.php\/cryoconservation\/\",\"name\":\"Cryopr\u00e9servation - TAAM - CNRS Orl\u00e9ans\",\"isPartOf\":{\"@id\":\"https:\/\/www.taam.cnrs.fr\/#website\"},\"primaryImageOfPage\":{\"@id\":\"https:\/\/www.taam.cnrs.fr\/index.php\/cryoconservation\/#primaryimage\"},\"image\":{\"@id\":\"https:\/\/www.taam.cnrs.fr\/index.php\/cryoconservation\/#primaryimage\"},\"thumbnailUrl\":\"https:\/\/www.taam.cnrs.fr\/wp-content\/uploads\/elementor\/thumbs\/P1025260-p38hmodtcbvr4aul84xjp1fafuakqqg02dd3gv23so.jpg\",\"datePublished\":\"2021-09-16T13:07:50+00:00\",\"dateModified\":\"2025-02-06T14:21:24+00:00\",\"breadcrumb\":{\"@id\":\"https:\/\/www.taam.cnrs.fr\/index.php\/cryoconservation\/#breadcrumb\"},\"inLanguage\":\"fr-FR\",\"potentialAction\":[{\"@type\":\"ReadAction\",\"target\":[\"https:\/\/www.taam.cnrs.fr\/index.php\/cryoconservation\/\"]}]},{\"@type\":\"ImageObject\",\"inLanguage\":\"fr-FR\",\"@id\":\"https:\/\/www.taam.cnrs.fr\/index.php\/cryoconservation\/#primaryimage\",\"url\":\"https:\/\/www.taam.cnrs.fr\/wp-content\/uploads\/elementor\/thumbs\/P1025260-p38hmodtcbvr4aul84xjp1fafuakqqg02dd3gv23so.jpg\",\"contentUrl\":\"https:\/\/www.taam.cnrs.fr\/wp-content\/uploads\/elementor\/thumbs\/P1025260-p38hmodtcbvr4aul84xjp1fafuakqqg02dd3gv23so.jpg\"},{\"@type\":\"BreadcrumbList\",\"@id\":\"https:\/\/www.taam.cnrs.fr\/index.php\/cryoconservation\/#breadcrumb\",\"itemListElement\":[{\"@type\":\"ListItem\",\"position\":1,\"name\":\"Accueil\",\"item\":\"https:\/\/www.taam.cnrs.fr\/\"},{\"@type\":\"ListItem\",\"position\":2,\"name\":\"Cryopr\u00e9servation\"}]},{\"@type\":\"WebSite\",\"@id\":\"https:\/\/www.taam.cnrs.fr\/#website\",\"url\":\"https:\/\/www.taam.cnrs.fr\/\",\"name\":\"TAAM - CNRS Orl\u00e9ans\",\"description\":\"Typage et Archivage d&#039;Animaux Mod\u00e8les - UAR 44\",\"publisher\":{\"@id\":\"https:\/\/www.taam.cnrs.fr\/#organization\"},\"potentialAction\":[{\"@type\":\"SearchAction\",\"target\":{\"@type\":\"EntryPoint\",\"urlTemplate\":\"https:\/\/www.taam.cnrs.fr\/?s={search_term_string}\"},\"query-input\":{\"@type\":\"PropertyValueSpecification\",\"valueRequired\":true,\"valueName\":\"search_term_string\"}}],\"inLanguage\":\"fr-FR\"},{\"@type\":\"Organization\",\"@id\":\"https:\/\/www.taam.cnrs.fr\/#organization\",\"name\":\"TAAM - CNRS Orl\u00e9ans\",\"url\":\"https:\/\/www.taam.cnrs.fr\/\",\"logo\":{\"@type\":\"ImageObject\",\"inLanguage\":\"fr-FR\",\"@id\":\"https:\/\/www.taam.cnrs.fr\/#\/schema\/logo\/image\/\",\"url\":\"https:\/\/www.taam.cnrs.fr\/wp-content\/uploads\/2025\/01\/cropped-LOGO_CNRS_BLEU.png\",\"contentUrl\":\"https:\/\/www.taam.cnrs.fr\/wp-content\/uploads\/2025\/01\/cropped-LOGO_CNRS_BLEU.png\",\"width\":875,\"height\":863,\"caption\":\"TAAM - CNRS Orl\u00e9ans\"},\"image\":{\"@id\":\"https:\/\/www.taam.cnrs.fr\/#\/schema\/logo\/image\/\"}}]}<\/script>\n<!-- \/ Yoast SEO plugin. -->","yoast_head_json":{"title":"Cryopr\u00e9servation - TAAM - CNRS Orl\u00e9ans","robots":{"index":"index","follow":"follow","max-snippet":"max-snippet:-1","max-image-preview":"max-image-preview:large","max-video-preview":"max-video-preview:-1"},"canonical":"https:\/\/www.taam.cnrs.fr\/index.php\/cryoconservation\/","og_locale":"fr_FR","og_type":"article","og_title":"Cryopr\u00e9servation - TAAM - CNRS Orl\u00e9ans","og_description":"Avec plus de 4000 lign\u00e9es cryopr\u00e9serv\u00e9es, le TAAM est fort d\u2019une grande expertise dans la cryopr\u00e9servation de lign\u00e9es de souris et de rats sous la forme d\u2019embryons et\/ou de sperme. \u00a0Nous proposons aux chercheurs la possibilit\u00e9 de conserver leurs lign\u00e9es en proposant des prestations \u00e0 la \u00ab\u00a0carte\u00a0\u00bb. Les chercheurs ont \u00e9galement la possibilit\u00e9 de congeler&hellip; Read more","og_url":"https:\/\/www.taam.cnrs.fr\/index.php\/cryoconservation\/","og_site_name":"TAAM - CNRS Orl\u00e9ans","article_modified_time":"2025-02-06T14:21:24+00:00","og_image":[{"url":"https:\/\/www.taam.cnrs.fr\/wp-content\/uploads\/elementor\/thumbs\/P1025260-p38hmodtcbvr4aul84xjp1fafuakqqg02dd3gv23so.jpg","type":"","width":"","height":""}],"twitter_card":"summary_large_image","twitter_misc":{"Dur\u00e9e de lecture estim\u00e9e":"2 minutes"},"schema":{"@context":"https:\/\/schema.org","@graph":[{"@type":"WebPage","@id":"https:\/\/www.taam.cnrs.fr\/index.php\/cryoconservation\/","url":"https:\/\/www.taam.cnrs.fr\/index.php\/cryoconservation\/","name":"Cryopr\u00e9servation - TAAM - CNRS Orl\u00e9ans","isPartOf":{"@id":"https:\/\/www.taam.cnrs.fr\/#website"},"primaryImageOfPage":{"@id":"https:\/\/www.taam.cnrs.fr\/index.php\/cryoconservation\/#primaryimage"},"image":{"@id":"https:\/\/www.taam.cnrs.fr\/index.php\/cryoconservation\/#primaryimage"},"thumbnailUrl":"https:\/\/www.taam.cnrs.fr\/wp-content\/uploads\/elementor\/thumbs\/P1025260-p38hmodtcbvr4aul84xjp1fafuakqqg02dd3gv23so.jpg","datePublished":"2021-09-16T13:07:50+00:00","dateModified":"2025-02-06T14:21:24+00:00","breadcrumb":{"@id":"https:\/\/www.taam.cnrs.fr\/index.php\/cryoconservation\/#breadcrumb"},"inLanguage":"fr-FR","potentialAction":[{"@type":"ReadAction","target":["https:\/\/www.taam.cnrs.fr\/index.php\/cryoconservation\/"]}]},{"@type":"ImageObject","inLanguage":"fr-FR","@id":"https:\/\/www.taam.cnrs.fr\/index.php\/cryoconservation\/#primaryimage","url":"https:\/\/www.taam.cnrs.fr\/wp-content\/uploads\/elementor\/thumbs\/P1025260-p38hmodtcbvr4aul84xjp1fafuakqqg02dd3gv23so.jpg","contentUrl":"https:\/\/www.taam.cnrs.fr\/wp-content\/uploads\/elementor\/thumbs\/P1025260-p38hmodtcbvr4aul84xjp1fafuakqqg02dd3gv23so.jpg"},{"@type":"BreadcrumbList","@id":"https:\/\/www.taam.cnrs.fr\/index.php\/cryoconservation\/#breadcrumb","itemListElement":[{"@type":"ListItem","position":1,"name":"Accueil","item":"https:\/\/www.taam.cnrs.fr\/"},{"@type":"ListItem","position":2,"name":"Cryopr\u00e9servation"}]},{"@type":"WebSite","@id":"https:\/\/www.taam.cnrs.fr\/#website","url":"https:\/\/www.taam.cnrs.fr\/","name":"TAAM - CNRS Orl\u00e9ans","description":"Typage et Archivage d&#039;Animaux Mod\u00e8les - UAR 44","publisher":{"@id":"https:\/\/www.taam.cnrs.fr\/#organization"},"potentialAction":[{"@type":"SearchAction","target":{"@type":"EntryPoint","urlTemplate":"https:\/\/www.taam.cnrs.fr\/?s={search_term_string}"},"query-input":{"@type":"PropertyValueSpecification","valueRequired":true,"valueName":"search_term_string"}}],"inLanguage":"fr-FR"},{"@type":"Organization","@id":"https:\/\/www.taam.cnrs.fr\/#organization","name":"TAAM - CNRS Orl\u00e9ans","url":"https:\/\/www.taam.cnrs.fr\/","logo":{"@type":"ImageObject","inLanguage":"fr-FR","@id":"https:\/\/www.taam.cnrs.fr\/#\/schema\/logo\/image\/","url":"https:\/\/www.taam.cnrs.fr\/wp-content\/uploads\/2025\/01\/cropped-LOGO_CNRS_BLEU.png","contentUrl":"https:\/\/www.taam.cnrs.fr\/wp-content\/uploads\/2025\/01\/cropped-LOGO_CNRS_BLEU.png","width":875,"height":863,"caption":"TAAM - CNRS Orl\u00e9ans"},"image":{"@id":"https:\/\/www.taam.cnrs.fr\/#\/schema\/logo\/image\/"}}]}},"_links":{"self":[{"href":"https:\/\/www.taam.cnrs.fr\/index.php\/wp-json\/wp\/v2\/pages\/3748","targetHints":{"allow":["GET"]}}],"collection":[{"href":"https:\/\/www.taam.cnrs.fr\/index.php\/wp-json\/wp\/v2\/pages"}],"about":[{"href":"https:\/\/www.taam.cnrs.fr\/index.php\/wp-json\/wp\/v2\/types\/page"}],"author":[{"embeddable":true,"href":"https:\/\/www.taam.cnrs.fr\/index.php\/wp-json\/wp\/v2\/users\/2"}],"replies":[{"embeddable":true,"href":"https:\/\/www.taam.cnrs.fr\/index.php\/wp-json\/wp\/v2\/comments?post=3748"}],"version-history":[{"count":51,"href":"https:\/\/www.taam.cnrs.fr\/index.php\/wp-json\/wp\/v2\/pages\/3748\/revisions"}],"predecessor-version":[{"id":5561,"href":"https:\/\/www.taam.cnrs.fr\/index.php\/wp-json\/wp\/v2\/pages\/3748\/revisions\/5561"}],"wp:attachment":[{"href":"https:\/\/www.taam.cnrs.fr\/index.php\/wp-json\/wp\/v2\/media?parent=3748"}],"curies":[{"name":"wp","href":"https:\/\/api.w.org\/{rel}","templated":true}]}}