{"id":38,"date":"2020-07-02T10:58:32","date_gmt":"2020-07-02T08:58:32","guid":{"rendered":"https:\/\/www.taam.cnrs.fr\/?page_id=38"},"modified":"2021-08-30T15:18:02","modified_gmt":"2021-08-30T13:18:02","slug":"international","status":"publish","type":"page","link":"https:\/\/www.taam.cnrs.fr\/index.php\/international\/","title":{"rendered":"International"},"content":{"rendered":"\t\t<div data-elementor-type=\"wp-page\" data-elementor-id=\"38\" class=\"elementor elementor-38\">\n\t\t\t\t\t\t<section class=\"elementor-section elementor-top-section elementor-element elementor-element-e6f2192 elementor-section-boxed elementor-section-height-default elementor-section-height-default\" data-id=\"e6f2192\" data-element_type=\"section\">\n\t\t\t\t\t\t<div class=\"elementor-container elementor-column-gap-default\">\n\t\t\t\t\t<div class=\"elementor-column elementor-col-100 elementor-top-column elementor-element elementor-element-6798306\" data-id=\"6798306\" data-element_type=\"column\">\n\t\t\t<div class=\"elementor-widget-wrap elementor-element-populated\">\n\t\t\t\t\t\t<div class=\"elementor-element elementor-element-11dfcdd elementor-widget elementor-widget-text-editor\" data-id=\"11dfcdd\" data-element_type=\"widget\" data-widget_type=\"text-editor.default\">\n\t\t\t\t<div class=\"elementor-widget-container\">\n\t\t\t\t\t\t\t\t\t<p>Au niveau national, le TAAM a contribu\u00e9 \u00e0 la fondation de l\u2019Infrastructure Nationale en Biologie et Sant\u00e9 <a href=\"http:\/\/www.phenomin.fr\/fr-fr\/\" target=\"_blank\" rel=\"noopener\">PHENOMIN<\/a>, laur\u00e9ate des Investissement d\u2019avenir en 2011, d\u00e9di\u00e9e \u00e0 la Ph\u00e9nog\u00e9nomique de la souris. L&rsquo;Infrastructure rassemble 3 centres compl\u00e9mentaires : le TAAM, l\u2019Institut Clinique de la Souris (<a href=\"http:\/\/www.ics-mci.fr\/en\/\" target=\"_blank\" rel=\"noopener\">ICS<\/a>) de Strasbourg et le Centre d\u2019ImmunoPHEnomique (<a href=\"https:\/\/ciphe.marseille.inserm.fr\/\" target=\"_blank\" rel=\"noopener\">CIPHE<\/a>) de Marseille, au service de la communaut\u00e9 scientifique pour l&rsquo;utilisation des mod\u00e8les murins en Recherche. Les missions et r\u00e9alisations de PHENOMIN consistent en\u00a0:<\/p>\t\t\t\t\t\t\t\t<\/div>\n\t\t\t\t<\/div>\n\t\t\t\t\t<\/div>\n\t\t<\/div>\n\t\t\t\t\t<\/div>\n\t\t<\/section>\n\t\t\t\t<section class=\"elementor-section elementor-top-section elementor-element elementor-element-9da59e7 elementor-section-boxed elementor-section-height-default elementor-section-height-default\" data-id=\"9da59e7\" data-element_type=\"section\">\n\t\t\t\t\t\t<div class=\"elementor-container elementor-column-gap-default\">\n\t\t\t\t\t<div class=\"elementor-column elementor-col-100 elementor-top-column elementor-element elementor-element-bab1661\" data-id=\"bab1661\" data-element_type=\"column\">\n\t\t\t<div class=\"elementor-widget-wrap elementor-element-populated\">\n\t\t\t\t\t\t<div class=\"elementor-element elementor-element-e156da8 elementor-widget elementor-widget-text-editor\" data-id=\"e156da8\" data-element_type=\"widget\" data-widget_type=\"text-editor.default\">\n\t\t\t\t<div class=\"elementor-widget-container\">\n\t\t\t\t\t\t\t\t\t<ul>\n<li>La r\u00e9alisation de services pour les communaut\u00e9s scientifiques acad\u00e9mique et industrielle<\/li>\n<li>La construction d&rsquo;une ressource unique de mod\u00e8les animaux pour la recherche fondamentale ainsi que pour les innovations biotechnologiques et biopharmaceutiques<\/li>\n<\/ul>\t\t\t\t\t\t\t\t<\/div>\n\t\t\t\t<\/div>\n\t\t\t\t\t<\/div>\n\t\t<\/div>\n\t\t\t\t\t<\/div>\n\t\t<\/section>\n\t\t\t\t<section class=\"elementor-section elementor-top-section elementor-element elementor-element-5e7bb02 elementor-section-boxed elementor-section-height-default elementor-section-height-default\" data-id=\"5e7bb02\" data-element_type=\"section\">\n\t\t\t\t\t\t<div class=\"elementor-container elementor-column-gap-default\">\n\t\t\t\t\t<div class=\"elementor-column elementor-col-100 elementor-top-column elementor-element elementor-element-bdb1e01\" data-id=\"bdb1e01\" data-element_type=\"column\">\n\t\t\t<div class=\"elementor-widget-wrap elementor-element-populated\">\n\t\t\t\t\t\t<div class=\"elementor-element elementor-element-473d7a6 elementor-widget elementor-widget-image\" data-id=\"473d7a6\" data-element_type=\"widget\" data-widget_type=\"image.default\">\n\t\t\t\t<div class=\"elementor-widget-container\">\n\t\t\t\t\t\t\t\t\t\t\t\t\t\t\t<img fetchpriority=\"high\" decoding=\"async\" width=\"1420\" height=\"815\" src=\"https:\/\/www.taam.cnrs.fr\/wp-content\/uploads\/2020\/12\/photo-223-phenomin_map_4.png\" class=\"attachment-full size-full wp-image-514\" alt=\"\" srcset=\"https:\/\/www.taam.cnrs.fr\/wp-content\/uploads\/2020\/12\/photo-223-phenomin_map_4.png 1420w, https:\/\/www.taam.cnrs.fr\/wp-content\/uploads\/2020\/12\/photo-223-phenomin_map_4-600x344.png 600w, https:\/\/www.taam.cnrs.fr\/wp-content\/uploads\/2020\/12\/photo-223-phenomin_map_4-300x172.png 300w, https:\/\/www.taam.cnrs.fr\/wp-content\/uploads\/2020\/12\/photo-223-phenomin_map_4-1024x588.png 1024w, https:\/\/www.taam.cnrs.fr\/wp-content\/uploads\/2020\/12\/photo-223-phenomin_map_4-768x441.png 768w\" sizes=\"(max-width: 1420px) 100vw, 1420px\" \/>\t\t\t\t\t\t\t\t\t\t\t\t\t\t\t<\/div>\n\t\t\t\t<\/div>\n\t\t\t\t\t<\/div>\n\t\t<\/div>\n\t\t\t\t\t<\/div>\n\t\t<\/section>\n\t\t\t\t<section class=\"elementor-section elementor-top-section elementor-element elementor-element-9bc689e elementor-section-boxed elementor-section-height-default elementor-section-height-default\" data-id=\"9bc689e\" data-element_type=\"section\">\n\t\t\t\t\t\t<div class=\"elementor-container elementor-column-gap-default\">\n\t\t\t\t\t<div class=\"elementor-column elementor-col-100 elementor-top-column elementor-element elementor-element-d4ce231\" data-id=\"d4ce231\" data-element_type=\"column\">\n\t\t\t<div class=\"elementor-widget-wrap elementor-element-populated\">\n\t\t\t\t\t\t<div class=\"elementor-element elementor-element-d6403b3 elementor-widget elementor-widget-spacer\" data-id=\"d6403b3\" data-element_type=\"widget\" data-widget_type=\"spacer.default\">\n\t\t\t\t<div class=\"elementor-widget-container\">\n\t\t\t\t\t\t\t<div class=\"elementor-spacer\">\n\t\t\t<div class=\"elementor-spacer-inner\"><\/div>\n\t\t<\/div>\n\t\t\t\t\t\t<\/div>\n\t\t\t\t<\/div>\n\t\t\t\t<div class=\"elementor-element elementor-element-2e67273 elementor-widget elementor-widget-text-editor\" data-id=\"2e67273\" data-element_type=\"widget\" data-widget_type=\"text-editor.default\">\n\t\t\t\t<div class=\"elementor-widget-container\">\n\t\t\t\t\t\t\t\t\t<p>PHENOMIN-TAAM fait partie de l\u2019infrastructure nationale de recherche op\u00e9rationnelle distribu\u00e9e <a href=\"http:\/\/www.celphedia.eu\/\" target=\"_blank\" rel=\"noopener\">CELPHEDIA<\/a> (Cr\u00e9ation, ELevage, PHEnotypage, DIstribution et Archivage d\u2019organismes mod\u00e8les) qui regroupe 15 centres r\u00e9partis sur le territoire national.<\/p><p>Le principal objectif de Celphedia est de d\u00e9velopper des approches technologiques afin de comprendre le g\u00e9nome, de cr\u00e9er des mod\u00e8les de maladies humaines ou animales, de conduire l&rsquo;harmonisation des proc\u00e9dures et des protocoles exp\u00e9rimentaux et de faciliter l&rsquo;acc\u00e8s aux mod\u00e8les d&rsquo;int\u00e9r\u00eat en France et dans le reste du monde (rongeurs, non mammif\u00e8res et primates non humains).<\/p>\t\t\t\t\t\t\t\t<\/div>\n\t\t\t\t<\/div>\n\t\t\t\t\t<\/div>\n\t\t<\/div>\n\t\t\t\t\t<\/div>\n\t\t<\/section>\n\t\t\t\t<section class=\"elementor-section elementor-top-section elementor-element elementor-element-abb6307 elementor-section-boxed elementor-section-height-default elementor-section-height-default\" data-id=\"abb6307\" data-element_type=\"section\">\n\t\t\t\t\t\t<div class=\"elementor-container elementor-column-gap-default\">\n\t\t\t\t\t<div class=\"elementor-column elementor-col-100 elementor-top-column elementor-element elementor-element-d672f1b\" data-id=\"d672f1b\" data-element_type=\"column\">\n\t\t\t<div class=\"elementor-widget-wrap elementor-element-populated\">\n\t\t\t\t\t\t<div class=\"elementor-element elementor-element-9392aa3 elementor-widget elementor-widget-spacer\" data-id=\"9392aa3\" data-element_type=\"widget\" data-widget_type=\"spacer.default\">\n\t\t\t\t<div class=\"elementor-widget-container\">\n\t\t\t\t\t\t\t<div class=\"elementor-spacer\">\n\t\t\t<div class=\"elementor-spacer-inner\"><\/div>\n\t\t<\/div>\n\t\t\t\t\t\t<\/div>\n\t\t\t\t<\/div>\n\t\t\t\t<div class=\"elementor-element elementor-element-d44d318 elementor-widget elementor-widget-image\" data-id=\"d44d318\" data-element_type=\"widget\" data-widget_type=\"image.default\">\n\t\t\t\t<div class=\"elementor-widget-container\">\n\t\t\t\t\t\t\t\t\t\t\t\t\t\t\t<img decoding=\"async\" width=\"572\" height=\"444\" src=\"https:\/\/www.taam.cnrs.fr\/wp-content\/uploads\/2020\/07\/Photo222.png\" class=\"attachment-full size-full wp-image-82\" alt=\"\" srcset=\"https:\/\/www.taam.cnrs.fr\/wp-content\/uploads\/2020\/07\/Photo222.png 572w, https:\/\/www.taam.cnrs.fr\/wp-content\/uploads\/2020\/07\/Photo222-300x233.png 300w\" sizes=\"(max-width: 572px) 100vw, 572px\" \/>\t\t\t\t\t\t\t\t\t\t\t\t\t\t\t<\/div>\n\t\t\t\t<\/div>\n\t\t\t\t\t<\/div>\n\t\t<\/div>\n\t\t\t\t\t<\/div>\n\t\t<\/section>\n\t\t\t\t<section class=\"elementor-section elementor-top-section elementor-element elementor-element-0312dee elementor-section-boxed elementor-section-height-default elementor-section-height-default\" data-id=\"0312dee\" data-element_type=\"section\">\n\t\t\t\t\t\t<div class=\"elementor-container elementor-column-gap-default\">\n\t\t\t\t\t<div class=\"elementor-column elementor-col-100 elementor-top-column elementor-element elementor-element-7ecb663\" data-id=\"7ecb663\" data-element_type=\"column\">\n\t\t\t<div class=\"elementor-widget-wrap elementor-element-populated\">\n\t\t\t\t\t\t<div class=\"elementor-element elementor-element-0921e70 elementor-widget elementor-widget-text-editor\" data-id=\"0921e70\" data-element_type=\"widget\" data-widget_type=\"text-editor.default\">\n\t\t\t\t<div class=\"elementor-widget-container\">\n\t\t\t\t\t\t\t\t\t<p>Au niveau international, le TAAM contribue depuis plus de dix ans au programme EMMA \u201fEuropean Mouse Mutant Archive\u2033, aujourd\u2019hui int\u00e9gr\u00e9 dans l\u2019Infrastructure Paneurop\u00e9enne, <a href=\"https:\/\/www.infrafrontier.eu\/\" target=\"_blank\" rel=\"noopener\">INFRAFRONTIER<\/a>, actant pour la pr\u00e9servation et la distribution de mod\u00e8les souris reconnus d\u2019int\u00e9r\u00eat scientifique par la communaut\u00e9 internationale.<\/p>\t\t\t\t\t\t\t\t<\/div>\n\t\t\t\t<\/div>\n\t\t\t\t\t<\/div>\n\t\t<\/div>\n\t\t\t\t\t<\/div>\n\t\t<\/section>\n\t\t\t\t<section class=\"elementor-section elementor-top-section elementor-element elementor-element-2c04ce0 elementor-section-boxed elementor-section-height-default elementor-section-height-default\" data-id=\"2c04ce0\" data-element_type=\"section\">\n\t\t\t\t\t\t<div class=\"elementor-container elementor-column-gap-default\">\n\t\t\t\t\t<div class=\"elementor-column elementor-col-33 elementor-top-column elementor-element elementor-element-01ebf7b\" data-id=\"01ebf7b\" data-element_type=\"column\">\n\t\t\t<div class=\"elementor-widget-wrap\">\n\t\t\t\t\t\t\t<\/div>\n\t\t<\/div>\n\t\t\t\t<div class=\"elementor-column elementor-col-33 elementor-top-column elementor-element elementor-element-d3e7a27\" data-id=\"d3e7a27\" data-element_type=\"column\">\n\t\t\t<div class=\"elementor-widget-wrap elementor-element-populated\">\n\t\t\t\t\t\t<div class=\"elementor-element elementor-element-60489fe elementor-widget elementor-widget-image\" data-id=\"60489fe\" data-element_type=\"widget\" data-widget_type=\"image.default\">\n\t\t\t\t<div class=\"elementor-widget-container\">\n\t\t\t\t\t\t\t\t\t\t\t\t\t\t\t<img decoding=\"async\" width=\"600\" height=\"200\" src=\"https:\/\/www.taam.cnrs.fr\/wp-content\/uploads\/2021\/08\/logo-infrafrontier.png\" class=\"attachment-large size-large wp-image-3242\" alt=\"\" srcset=\"https:\/\/www.taam.cnrs.fr\/wp-content\/uploads\/2021\/08\/logo-infrafrontier.png 600w, https:\/\/www.taam.cnrs.fr\/wp-content\/uploads\/2021\/08\/logo-infrafrontier-300x100.png 300w\" sizes=\"(max-width: 600px) 100vw, 600px\" \/>\t\t\t\t\t\t\t\t\t\t\t\t\t\t\t<\/div>\n\t\t\t\t<\/div>\n\t\t\t\t\t<\/div>\n\t\t<\/div>\n\t\t\t\t<div class=\"elementor-column elementor-col-33 elementor-top-column elementor-element elementor-element-6ecd278\" data-id=\"6ecd278\" data-element_type=\"column\">\n\t\t\t<div class=\"elementor-widget-wrap\">\n\t\t\t\t\t\t\t<\/div>\n\t\t<\/div>\n\t\t\t\t\t<\/div>\n\t\t<\/section>\n\t\t\t\t<\/div>\n\t\t","protected":false},"excerpt":{"rendered":"<p>Au niveau national, le TAAM a contribu\u00e9 \u00e0 la fondation de l\u2019Infrastructure Nationale en Biologie et Sant\u00e9 PHENOMIN, laur\u00e9ate des Investissement d\u2019avenir en 2011, d\u00e9di\u00e9e \u00e0 la Ph\u00e9nog\u00e9nomique de la souris. L&rsquo;Infrastructure rassemble 3 centres compl\u00e9mentaires : le TAAM, l\u2019Institut Clinique de la Souris (ICS) de Strasbourg et le Centre d\u2019ImmunoPHEnomique (CIPHE) de Marseille, au&hellip; <br \/> <a class=\"read-more\" href=\"https:\/\/www.taam.cnrs.fr\/index.php\/international\/\">Read more<\/a><\/p>\n","protected":false},"author":1,"featured_media":0,"parent":0,"menu_order":0,"comment_status":"closed","ping_status":"closed","template":"","meta":{"footnotes":""},"class_list":["post-38","page","type-page","status-publish","hentry"],"yoast_head":"<!-- This site is optimized with the Yoast SEO plugin v26.4 - https:\/\/yoast.com\/wordpress\/plugins\/seo\/ -->\n<title>International - TAAM - CNRS Orl\u00e9ans<\/title>\n<meta name=\"robots\" content=\"index, follow, max-snippet:-1, max-image-preview:large, max-video-preview:-1\" \/>\n<link rel=\"canonical\" href=\"https:\/\/www.taam.cnrs.fr\/index.php\/international\/\" \/>\n<meta property=\"og:locale\" content=\"fr_FR\" \/>\n<meta property=\"og:type\" content=\"article\" \/>\n<meta property=\"og:title\" content=\"International - TAAM - CNRS Orl\u00e9ans\" \/>\n<meta property=\"og:description\" content=\"Au niveau national, le TAAM a contribu\u00e9 \u00e0 la fondation de l\u2019Infrastructure Nationale en Biologie et Sant\u00e9 PHENOMIN, laur\u00e9ate des Investissement d\u2019avenir en 2011, d\u00e9di\u00e9e \u00e0 la Ph\u00e9nog\u00e9nomique de la souris. L&rsquo;Infrastructure rassemble 3 centres compl\u00e9mentaires : le TAAM, l\u2019Institut Clinique de la Souris (ICS) de Strasbourg et le Centre d\u2019ImmunoPHEnomique (CIPHE) de Marseille, au&hellip; Read more\" \/>\n<meta property=\"og:url\" content=\"https:\/\/www.taam.cnrs.fr\/index.php\/international\/\" \/>\n<meta property=\"og:site_name\" content=\"TAAM - CNRS Orl\u00e9ans\" \/>\n<meta property=\"article:modified_time\" content=\"2021-08-30T13:18:02+00:00\" \/>\n<meta property=\"og:image\" content=\"https:\/\/www.taam.cnrs.fr\/wp-content\/uploads\/2020\/12\/photo-223-phenomin_map_4.png\" \/>\n<meta name=\"twitter:card\" content=\"summary_large_image\" \/>\n<meta name=\"twitter:label1\" content=\"Dur\u00e9e de lecture estim\u00e9e\" \/>\n\t<meta name=\"twitter:data1\" content=\"1 minute\" \/>\n<script type=\"application\/ld+json\" class=\"yoast-schema-graph\">{\"@context\":\"https:\/\/schema.org\",\"@graph\":[{\"@type\":\"WebPage\",\"@id\":\"https:\/\/www.taam.cnrs.fr\/index.php\/international\/\",\"url\":\"https:\/\/www.taam.cnrs.fr\/index.php\/international\/\",\"name\":\"International - TAAM - CNRS Orl\u00e9ans\",\"isPartOf\":{\"@id\":\"https:\/\/www.taam.cnrs.fr\/#website\"},\"primaryImageOfPage\":{\"@id\":\"https:\/\/www.taam.cnrs.fr\/index.php\/international\/#primaryimage\"},\"image\":{\"@id\":\"https:\/\/www.taam.cnrs.fr\/index.php\/international\/#primaryimage\"},\"thumbnailUrl\":\"https:\/\/www.taam.cnrs.fr\/wp-content\/uploads\/2020\/12\/photo-223-phenomin_map_4.png\",\"datePublished\":\"2020-07-02T08:58:32+00:00\",\"dateModified\":\"2021-08-30T13:18:02+00:00\",\"breadcrumb\":{\"@id\":\"https:\/\/www.taam.cnrs.fr\/index.php\/international\/#breadcrumb\"},\"inLanguage\":\"fr-FR\",\"potentialAction\":[{\"@type\":\"ReadAction\",\"target\":[\"https:\/\/www.taam.cnrs.fr\/index.php\/international\/\"]}]},{\"@type\":\"ImageObject\",\"inLanguage\":\"fr-FR\",\"@id\":\"https:\/\/www.taam.cnrs.fr\/index.php\/international\/#primaryimage\",\"url\":\"https:\/\/www.taam.cnrs.fr\/wp-content\/uploads\/2020\/12\/photo-223-phenomin_map_4.png\",\"contentUrl\":\"https:\/\/www.taam.cnrs.fr\/wp-content\/uploads\/2020\/12\/photo-223-phenomin_map_4.png\",\"width\":1420,\"height\":815},{\"@type\":\"BreadcrumbList\",\"@id\":\"https:\/\/www.taam.cnrs.fr\/index.php\/international\/#breadcrumb\",\"itemListElement\":[{\"@type\":\"ListItem\",\"position\":1,\"name\":\"Accueil\",\"item\":\"https:\/\/www.taam.cnrs.fr\/\"},{\"@type\":\"ListItem\",\"position\":2,\"name\":\"International\"}]},{\"@type\":\"WebSite\",\"@id\":\"https:\/\/www.taam.cnrs.fr\/#website\",\"url\":\"https:\/\/www.taam.cnrs.fr\/\",\"name\":\"TAAM - CNRS Orl\u00e9ans\",\"description\":\"Typage et Archivage d&#039;Animaux Mod\u00e8les - UAR 44\",\"publisher\":{\"@id\":\"https:\/\/www.taam.cnrs.fr\/#organization\"},\"potentialAction\":[{\"@type\":\"SearchAction\",\"target\":{\"@type\":\"EntryPoint\",\"urlTemplate\":\"https:\/\/www.taam.cnrs.fr\/?s={search_term_string}\"},\"query-input\":{\"@type\":\"PropertyValueSpecification\",\"valueRequired\":true,\"valueName\":\"search_term_string\"}}],\"inLanguage\":\"fr-FR\"},{\"@type\":\"Organization\",\"@id\":\"https:\/\/www.taam.cnrs.fr\/#organization\",\"name\":\"TAAM - CNRS Orl\u00e9ans\",\"url\":\"https:\/\/www.taam.cnrs.fr\/\",\"logo\":{\"@type\":\"ImageObject\",\"inLanguage\":\"fr-FR\",\"@id\":\"https:\/\/www.taam.cnrs.fr\/#\/schema\/logo\/image\/\",\"url\":\"https:\/\/www.taam.cnrs.fr\/wp-content\/uploads\/2025\/01\/cropped-LOGO_CNRS_BLEU.png\",\"contentUrl\":\"https:\/\/www.taam.cnrs.fr\/wp-content\/uploads\/2025\/01\/cropped-LOGO_CNRS_BLEU.png\",\"width\":875,\"height\":863,\"caption\":\"TAAM - CNRS Orl\u00e9ans\"},\"image\":{\"@id\":\"https:\/\/www.taam.cnrs.fr\/#\/schema\/logo\/image\/\"}}]}<\/script>\n<!-- \/ Yoast SEO plugin. -->","yoast_head_json":{"title":"International - TAAM - CNRS Orl\u00e9ans","robots":{"index":"index","follow":"follow","max-snippet":"max-snippet:-1","max-image-preview":"max-image-preview:large","max-video-preview":"max-video-preview:-1"},"canonical":"https:\/\/www.taam.cnrs.fr\/index.php\/international\/","og_locale":"fr_FR","og_type":"article","og_title":"International - TAAM - CNRS Orl\u00e9ans","og_description":"Au niveau national, le TAAM a contribu\u00e9 \u00e0 la fondation de l\u2019Infrastructure Nationale en Biologie et Sant\u00e9 PHENOMIN, laur\u00e9ate des Investissement d\u2019avenir en 2011, d\u00e9di\u00e9e \u00e0 la Ph\u00e9nog\u00e9nomique de la souris. L&rsquo;Infrastructure rassemble 3 centres compl\u00e9mentaires : le TAAM, l\u2019Institut Clinique de la Souris (ICS) de Strasbourg et le Centre d\u2019ImmunoPHEnomique (CIPHE) de Marseille, au&hellip; Read more","og_url":"https:\/\/www.taam.cnrs.fr\/index.php\/international\/","og_site_name":"TAAM - CNRS Orl\u00e9ans","article_modified_time":"2021-08-30T13:18:02+00:00","og_image":[{"url":"https:\/\/www.taam.cnrs.fr\/wp-content\/uploads\/2020\/12\/photo-223-phenomin_map_4.png","type":"","width":"","height":""}],"twitter_card":"summary_large_image","twitter_misc":{"Dur\u00e9e de lecture estim\u00e9e":"1 minute"},"schema":{"@context":"https:\/\/schema.org","@graph":[{"@type":"WebPage","@id":"https:\/\/www.taam.cnrs.fr\/index.php\/international\/","url":"https:\/\/www.taam.cnrs.fr\/index.php\/international\/","name":"International - TAAM - CNRS Orl\u00e9ans","isPartOf":{"@id":"https:\/\/www.taam.cnrs.fr\/#website"},"primaryImageOfPage":{"@id":"https:\/\/www.taam.cnrs.fr\/index.php\/international\/#primaryimage"},"image":{"@id":"https:\/\/www.taam.cnrs.fr\/index.php\/international\/#primaryimage"},"thumbnailUrl":"https:\/\/www.taam.cnrs.fr\/wp-content\/uploads\/2020\/12\/photo-223-phenomin_map_4.png","datePublished":"2020-07-02T08:58:32+00:00","dateModified":"2021-08-30T13:18:02+00:00","breadcrumb":{"@id":"https:\/\/www.taam.cnrs.fr\/index.php\/international\/#breadcrumb"},"inLanguage":"fr-FR","potentialAction":[{"@type":"ReadAction","target":["https:\/\/www.taam.cnrs.fr\/index.php\/international\/"]}]},{"@type":"ImageObject","inLanguage":"fr-FR","@id":"https:\/\/www.taam.cnrs.fr\/index.php\/international\/#primaryimage","url":"https:\/\/www.taam.cnrs.fr\/wp-content\/uploads\/2020\/12\/photo-223-phenomin_map_4.png","contentUrl":"https:\/\/www.taam.cnrs.fr\/wp-content\/uploads\/2020\/12\/photo-223-phenomin_map_4.png","width":1420,"height":815},{"@type":"BreadcrumbList","@id":"https:\/\/www.taam.cnrs.fr\/index.php\/international\/#breadcrumb","itemListElement":[{"@type":"ListItem","position":1,"name":"Accueil","item":"https:\/\/www.taam.cnrs.fr\/"},{"@type":"ListItem","position":2,"name":"International"}]},{"@type":"WebSite","@id":"https:\/\/www.taam.cnrs.fr\/#website","url":"https:\/\/www.taam.cnrs.fr\/","name":"TAAM - CNRS Orl\u00e9ans","description":"Typage et Archivage d&#039;Animaux Mod\u00e8les - UAR 44","publisher":{"@id":"https:\/\/www.taam.cnrs.fr\/#organization"},"potentialAction":[{"@type":"SearchAction","target":{"@type":"EntryPoint","urlTemplate":"https:\/\/www.taam.cnrs.fr\/?s={search_term_string}"},"query-input":{"@type":"PropertyValueSpecification","valueRequired":true,"valueName":"search_term_string"}}],"inLanguage":"fr-FR"},{"@type":"Organization","@id":"https:\/\/www.taam.cnrs.fr\/#organization","name":"TAAM - CNRS Orl\u00e9ans","url":"https:\/\/www.taam.cnrs.fr\/","logo":{"@type":"ImageObject","inLanguage":"fr-FR","@id":"https:\/\/www.taam.cnrs.fr\/#\/schema\/logo\/image\/","url":"https:\/\/www.taam.cnrs.fr\/wp-content\/uploads\/2025\/01\/cropped-LOGO_CNRS_BLEU.png","contentUrl":"https:\/\/www.taam.cnrs.fr\/wp-content\/uploads\/2025\/01\/cropped-LOGO_CNRS_BLEU.png","width":875,"height":863,"caption":"TAAM - CNRS Orl\u00e9ans"},"image":{"@id":"https:\/\/www.taam.cnrs.fr\/#\/schema\/logo\/image\/"}}]}},"_links":{"self":[{"href":"https:\/\/www.taam.cnrs.fr\/index.php\/wp-json\/wp\/v2\/pages\/38","targetHints":{"allow":["GET"]}}],"collection":[{"href":"https:\/\/www.taam.cnrs.fr\/index.php\/wp-json\/wp\/v2\/pages"}],"about":[{"href":"https:\/\/www.taam.cnrs.fr\/index.php\/wp-json\/wp\/v2\/types\/page"}],"author":[{"embeddable":true,"href":"https:\/\/www.taam.cnrs.fr\/index.php\/wp-json\/wp\/v2\/users\/1"}],"replies":[{"embeddable":true,"href":"https:\/\/www.taam.cnrs.fr\/index.php\/wp-json\/wp\/v2\/comments?post=38"}],"version-history":[{"count":60,"href":"https:\/\/www.taam.cnrs.fr\/index.php\/wp-json\/wp\/v2\/pages\/38\/revisions"}],"predecessor-version":[{"id":3345,"href":"https:\/\/www.taam.cnrs.fr\/index.php\/wp-json\/wp\/v2\/pages\/38\/revisions\/3345"}],"wp:attachment":[{"href":"https:\/\/www.taam.cnrs.fr\/index.php\/wp-json\/wp\/v2\/media?parent=38"}],"curies":[{"name":"wp","href":"https:\/\/api.w.org\/{rel}","templated":true}]}}