{"id":3952,"date":"2021-09-23T11:27:38","date_gmt":"2021-09-23T09:27:38","guid":{"rendered":"https:\/\/www.taam.cnrs.fr\/?page_id=3952"},"modified":"2021-10-11T10:54:09","modified_gmt":"2021-10-11T08:54:09","slug":"diagnostic-microbiologique","status":"publish","type":"page","link":"https:\/\/www.taam.cnrs.fr\/index.php\/diagnostic-microbiologique\/","title":{"rendered":"Diagnostic microbiologique"},"content":{"rendered":"\t\t<div data-elementor-type=\"wp-page\" data-elementor-id=\"3952\" class=\"elementor elementor-3952\">\n\t\t\t\t\t\t<section class=\"elementor-section elementor-top-section elementor-element elementor-element-0182c71 elementor-section-boxed elementor-section-height-default elementor-section-height-default\" data-id=\"0182c71\" data-element_type=\"section\">\n\t\t\t\t\t\t<div class=\"elementor-container elementor-column-gap-default\">\n\t\t\t\t\t<div class=\"elementor-column elementor-col-100 elementor-top-column elementor-element elementor-element-a26a98f\" data-id=\"a26a98f\" data-element_type=\"column\">\n\t\t\t<div class=\"elementor-widget-wrap elementor-element-populated\">\n\t\t\t\t\t\t<div class=\"elementor-element elementor-element-d43eb3b elementor-widget elementor-widget-text-editor\" data-id=\"d43eb3b\" data-element_type=\"widget\" data-widget_type=\"text-editor.default\">\n\t\t\t\t<div class=\"elementor-widget-container\">\n\t\t\t\t\t\t\t\t\t<p>Gr\u00e2ce \u00e0 une exp\u00e9rience solidement \u00e9tablie, le TAAM propose des diagnostics sanitaires fiables et pr\u00e9cis (suivi de l\u2019int\u00e9gralit\u00e9 des recommandations <a href=\"http:\/\/www.felasa.eu\" target=\"_blank\" rel=\"noopener\">FELASA<\/a>) au plus pr\u00e8s des attentes de la communaut\u00e9 scientifique\u00a0: analyses parasitologiques et bact\u00e9riologiques, examens s\u00e9rologiques.<\/p><p>Afin de r\u00e9pondre \u00e0 des exigences croissantes en terme de formalisation, le service est certifi\u00e9 <strong>ISO 9001<\/strong> depuis 2008 et <strong>NFX 50-900<\/strong> depuis 2014.<\/p>\t\t\t\t\t\t\t\t<\/div>\n\t\t\t\t<\/div>\n\t\t\t\t\t<\/div>\n\t\t<\/div>\n\t\t\t\t\t<\/div>\n\t\t<\/section>\n\t\t\t\t<section class=\"elementor-section elementor-top-section elementor-element elementor-element-aa4d9ff elementor-section-boxed elementor-section-height-default elementor-section-height-default\" data-id=\"aa4d9ff\" data-element_type=\"section\">\n\t\t\t\t\t\t<div class=\"elementor-container elementor-column-gap-default\">\n\t\t\t\t\t<div class=\"elementor-column elementor-col-100 elementor-top-column elementor-element elementor-element-8b31e08\" data-id=\"8b31e08\" data-element_type=\"column\">\n\t\t\t<div class=\"elementor-widget-wrap elementor-element-populated\">\n\t\t\t\t\t\t<div class=\"elementor-element elementor-element-da5d141 elementor-widget elementor-widget-spacer\" data-id=\"da5d141\" data-element_type=\"widget\" data-widget_type=\"spacer.default\">\n\t\t\t\t<div class=\"elementor-widget-container\">\n\t\t\t\t\t\t\t<div class=\"elementor-spacer\">\n\t\t\t<div class=\"elementor-spacer-inner\"><\/div>\n\t\t<\/div>\n\t\t\t\t\t\t<\/div>\n\t\t\t\t<\/div>\n\t\t\t\t\t<\/div>\n\t\t<\/div>\n\t\t\t\t\t<\/div>\n\t\t<\/section>\n\t\t\t\t<section class=\"elementor-section elementor-top-section elementor-element elementor-element-0c22cc2 elementor-section-boxed elementor-section-height-default elementor-section-height-default\" data-id=\"0c22cc2\" data-element_type=\"section\">\n\t\t\t\t\t\t<div class=\"elementor-container elementor-column-gap-default\">\n\t\t\t\t\t<div class=\"elementor-column elementor-col-33 elementor-top-column elementor-element elementor-element-422f249\" data-id=\"422f249\" data-element_type=\"column\">\n\t\t\t<div class=\"elementor-widget-wrap\">\n\t\t\t\t\t\t\t<\/div>\n\t\t<\/div>\n\t\t\t\t<div class=\"elementor-column elementor-col-33 elementor-top-column elementor-element elementor-element-1b6fef2\" data-id=\"1b6fef2\" data-element_type=\"column\">\n\t\t\t<div class=\"elementor-widget-wrap elementor-element-populated\">\n\t\t\t\t\t\t<div class=\"elementor-element elementor-element-877e7bd elementor-widget elementor-widget-image\" data-id=\"877e7bd\" data-element_type=\"widget\" data-widget_type=\"image.default\">\n\t\t\t\t<div class=\"elementor-widget-container\">\n\t\t\t\t\t\t\t\t\t\t\t\t\t\t\t<img decoding=\"async\" src=\"https:\/\/www.taam.cnrs.fr\/wp-content\/uploads\/elementor\/thumbs\/P1025414-p3bwebmryq1kyr2fljwykr9izyf74q4r1l4nka0794.jpg\" title=\"P1025414\" alt=\"P1025414\" loading=\"lazy\" \/>\t\t\t\t\t\t\t\t\t\t\t\t\t\t\t<\/div>\n\t\t\t\t<\/div>\n\t\t\t\t\t<\/div>\n\t\t<\/div>\n\t\t\t\t<div class=\"elementor-column elementor-col-33 elementor-top-column elementor-element elementor-element-0af4779\" data-id=\"0af4779\" data-element_type=\"column\">\n\t\t\t<div class=\"elementor-widget-wrap\">\n\t\t\t\t\t\t\t<\/div>\n\t\t<\/div>\n\t\t\t\t\t<\/div>\n\t\t<\/section>\n\t\t\t\t<section class=\"elementor-section elementor-top-section elementor-element elementor-element-ea02a21 elementor-section-boxed elementor-section-height-default elementor-section-height-default\" data-id=\"ea02a21\" data-element_type=\"section\">\n\t\t\t\t\t\t<div class=\"elementor-container elementor-column-gap-default\">\n\t\t\t\t\t<div class=\"elementor-column elementor-col-33 elementor-top-column elementor-element elementor-element-75cd28c\" data-id=\"75cd28c\" data-element_type=\"column\">\n\t\t\t<div class=\"elementor-widget-wrap\">\n\t\t\t\t\t\t\t<\/div>\n\t\t<\/div>\n\t\t\t\t<div class=\"elementor-column elementor-col-33 elementor-top-column elementor-element elementor-element-93bd180\" data-id=\"93bd180\" data-element_type=\"column\">\n\t\t\t<div class=\"elementor-widget-wrap elementor-element-populated\">\n\t\t\t\t\t\t<div class=\"elementor-element elementor-element-d865470 elementor-widget elementor-widget-heading\" data-id=\"d865470\" data-element_type=\"widget\" data-widget_type=\"heading.default\">\n\t\t\t\t<div class=\"elementor-widget-container\">\n\t\t\t\t\t<h6 class=\"elementor-heading-title elementor-size-default\">Microscope \n<br>\u00a9 TAAM \/ Gilles Kagan\n<\/h6>\t\t\t\t<\/div>\n\t\t\t\t<\/div>\n\t\t\t\t\t<\/div>\n\t\t<\/div>\n\t\t\t\t<div class=\"elementor-column elementor-col-33 elementor-top-column elementor-element elementor-element-71b1b48\" data-id=\"71b1b48\" data-element_type=\"column\">\n\t\t\t<div class=\"elementor-widget-wrap\">\n\t\t\t\t\t\t\t<\/div>\n\t\t<\/div>\n\t\t\t\t\t<\/div>\n\t\t<\/section>\n\t\t\t\t<section class=\"elementor-section elementor-top-section elementor-element elementor-element-10ce589 elementor-section-boxed elementor-section-height-default elementor-section-height-default\" data-id=\"10ce589\" data-element_type=\"section\">\n\t\t\t\t\t\t<div class=\"elementor-container elementor-column-gap-default\">\n\t\t\t\t\t<div class=\"elementor-column elementor-col-100 elementor-top-column elementor-element elementor-element-48aaf6f\" data-id=\"48aaf6f\" data-element_type=\"column\">\n\t\t\t<div class=\"elementor-widget-wrap elementor-element-populated\">\n\t\t\t\t\t\t<div class=\"elementor-element elementor-element-66158fc elementor-widget elementor-widget-text-editor\" data-id=\"66158fc\" data-element_type=\"widget\" data-widget_type=\"text-editor.default\">\n\t\t\t\t<div class=\"elementor-widget-container\">\n\t\t\t\t\t\t\t\t\t<p>Le service de diagnostic microbiologique est \u00e9quip\u00e9 d\u2019une animalerie d\u00e9di\u00e9e pour l\u2019accueil des animaux en portoirs ventil\u00e9s. Tout est mis en \u0153uvre pour assurer leur bien-\u00eatre mais \u00e9galement \u00e9viter toute contamination pendant la dur\u00e9e d\u2019attente des analyses (&lt;72h).<\/p><p>L\u2019autopsie des animaux et l\u2019ensemble des pr\u00e9l\u00e8vements sont r\u00e9alis\u00e9s sous hotte \u00e0 dissection adapt\u00e9e. Les examens macroscopiques et microscopiques sont effectu\u00e9s sous loupe binoculaire et microscopes \u00e0 contraste de phase.\u00a0<\/p><p>Les analyses microbiologiques sont effectu\u00e9es sur milieux liquides et solides dans diff\u00e9rentes conditions d\u2019a\u00e9robiose et de temp\u00e9ratures. L\u2019identification des colonies est effectu\u00e9e par spectrom\u00e9trie de masse.<\/p><p>Les analyses s\u00e9rologiques utilisent la technologie MFIA (Multiplexed Fluorometric ImmunoAssay\u2122).<\/p><p>Certains agents microbiens sont recherch\u00e9s par analyses PCR.<\/p><p>Le TAAM peut prendre en charge des animaux vivants, des dispositifs filtrant de portoirs ventil\u00e9s ou propose une m\u00e9thode non-invasive : le TAAM-KIT.<\/p>\t\t\t\t\t\t\t\t<\/div>\n\t\t\t\t<\/div>\n\t\t\t\t\t<\/div>\n\t\t<\/div>\n\t\t\t\t\t<\/div>\n\t\t<\/section>\n\t\t\t\t<section class=\"elementor-section elementor-top-section elementor-element elementor-element-9ec945d elementor-section-boxed elementor-section-height-default elementor-section-height-default\" data-id=\"9ec945d\" data-element_type=\"section\">\n\t\t\t\t\t\t<div class=\"elementor-container elementor-column-gap-default\">\n\t\t\t\t\t<div class=\"elementor-column elementor-col-100 elementor-top-column elementor-element elementor-element-53c7c9e\" data-id=\"53c7c9e\" data-element_type=\"column\">\n\t\t\t<div class=\"elementor-widget-wrap elementor-element-populated\">\n\t\t\t\t\t\t<div class=\"elementor-element elementor-element-a03830c elementor-widget elementor-widget-spacer\" data-id=\"a03830c\" data-element_type=\"widget\" data-widget_type=\"spacer.default\">\n\t\t\t\t<div class=\"elementor-widget-container\">\n\t\t\t\t\t\t\t<div class=\"elementor-spacer\">\n\t\t\t<div class=\"elementor-spacer-inner\"><\/div>\n\t\t<\/div>\n\t\t\t\t\t\t<\/div>\n\t\t\t\t<\/div>\n\t\t\t\t\t<\/div>\n\t\t<\/div>\n\t\t\t\t\t<\/div>\n\t\t<\/section>\n\t\t\t\t<section class=\"elementor-section elementor-top-section elementor-element elementor-element-5a1ec34 elementor-section-boxed elementor-section-height-default elementor-section-height-default\" data-id=\"5a1ec34\" data-element_type=\"section\">\n\t\t\t\t\t\t<div class=\"elementor-container elementor-column-gap-default\">\n\t\t\t\t\t<div class=\"elementor-column elementor-col-50 elementor-top-column elementor-element elementor-element-257c7c4\" data-id=\"257c7c4\" data-element_type=\"column\">\n\t\t\t<div class=\"elementor-widget-wrap elementor-element-populated\">\n\t\t\t\t\t\t<div class=\"elementor-element elementor-element-2813df1 elementor-widget elementor-widget-image\" data-id=\"2813df1\" data-element_type=\"widget\" data-widget_type=\"image.default\">\n\t\t\t\t<div class=\"elementor-widget-container\">\n\t\t\t\t\t\t\t\t\t\t\t\t\t\t\t<img decoding=\"async\" src=\"https:\/\/www.taam.cnrs.fr\/wp-content\/uploads\/elementor\/thumbs\/P1025301-p3q3vzcx32ydqi77rgieimuh55u97g2ycqjnsxw14o.jpg\" title=\"P1025301\" alt=\"P1025301\" loading=\"lazy\" \/>\t\t\t\t\t\t\t\t\t\t\t\t\t\t\t<\/div>\n\t\t\t\t<\/div>\n\t\t\t\t\t<\/div>\n\t\t<\/div>\n\t\t\t\t<div class=\"elementor-column elementor-col-50 elementor-top-column elementor-element elementor-element-6037875\" data-id=\"6037875\" data-element_type=\"column\">\n\t\t\t<div class=\"elementor-widget-wrap elementor-element-populated\">\n\t\t\t\t\t\t<div class=\"elementor-element elementor-element-af8b2bd elementor-widget elementor-widget-image\" data-id=\"af8b2bd\" data-element_type=\"widget\" data-widget_type=\"image.default\">\n\t\t\t\t<div class=\"elementor-widget-container\">\n\t\t\t\t\t\t\t\t\t\t\t\t\t\t\t<img decoding=\"async\" src=\"https:\/\/www.taam.cnrs.fr\/wp-content\/uploads\/elementor\/thumbs\/Photo371_G\u00e9loses-apr\u00e8s-ensemencement-orvcraw9jm5gm54ir905b3k2t8ohegvqx4ur6u9j20.jpg\" title=\"Photo371_G\u00e9loses-apr\u00e8s-ensemencement\" alt=\"Photo371_G\u00e9loses-apr\u00e8s-ensemencement\" loading=\"lazy\" \/>\t\t\t\t\t\t\t\t\t\t\t\t\t\t\t<\/div>\n\t\t\t\t<\/div>\n\t\t\t\t\t<\/div>\n\t\t<\/div>\n\t\t\t\t\t<\/div>\n\t\t<\/section>\n\t\t\t\t<section class=\"elementor-section elementor-top-section elementor-element elementor-element-dc30450 elementor-section-boxed elementor-section-height-default elementor-section-height-default\" data-id=\"dc30450\" data-element_type=\"section\">\n\t\t\t\t\t\t<div class=\"elementor-container elementor-column-gap-default\">\n\t\t\t\t\t<div class=\"elementor-column elementor-col-50 elementor-top-column elementor-element elementor-element-99633fd\" data-id=\"99633fd\" data-element_type=\"column\">\n\t\t\t<div class=\"elementor-widget-wrap elementor-element-populated\">\n\t\t\t\t\t\t<div class=\"elementor-element elementor-element-1309e0e elementor-widget elementor-widget-heading\" data-id=\"1309e0e\" data-element_type=\"widget\" data-widget_type=\"heading.default\">\n\t\t\t\t<div class=\"elementor-widget-container\">\n\t\t\t\t\t<h6 class=\"elementor-heading-title elementor-size-default\">TAAM - Kit <br> \u00a9 TAAM \/ Gilles Kagan<\/h6>\t\t\t\t<\/div>\n\t\t\t\t<\/div>\n\t\t\t\t\t<\/div>\n\t\t<\/div>\n\t\t\t\t<div class=\"elementor-column elementor-col-50 elementor-top-column elementor-element elementor-element-38a5c08\" data-id=\"38a5c08\" data-element_type=\"column\">\n\t\t\t<div class=\"elementor-widget-wrap elementor-element-populated\">\n\t\t\t\t\t\t<div class=\"elementor-element elementor-element-8236db7 elementor-widget elementor-widget-heading\" data-id=\"8236db7\" data-element_type=\"widget\" data-widget_type=\"heading.default\">\n\t\t\t\t<div class=\"elementor-widget-container\">\n\t\t\t\t\t<h6 class=\"elementor-heading-title elementor-size-default\">Bact\u00e9riologie apr\u00e8s ensemencement <br>\u00a9 TAAM \/ Gilles Kagan<\/h6>\t\t\t\t<\/div>\n\t\t\t\t<\/div>\n\t\t\t\t\t<\/div>\n\t\t<\/div>\n\t\t\t\t\t<\/div>\n\t\t<\/section>\n\t\t\t\t<section class=\"elementor-section elementor-top-section elementor-element elementor-element-90684ef elementor-section-boxed elementor-section-height-default elementor-section-height-default\" data-id=\"90684ef\" data-element_type=\"section\">\n\t\t\t\t\t\t<div class=\"elementor-container elementor-column-gap-default\">\n\t\t\t\t\t<div class=\"elementor-column elementor-col-100 elementor-top-column elementor-element elementor-element-b182762\" data-id=\"b182762\" data-element_type=\"column\">\n\t\t\t<div class=\"elementor-widget-wrap elementor-element-populated\">\n\t\t\t\t\t\t<div class=\"elementor-element elementor-element-a6ae8c5 elementor-widget elementor-widget-spacer\" data-id=\"a6ae8c5\" data-element_type=\"widget\" data-widget_type=\"spacer.default\">\n\t\t\t\t<div class=\"elementor-widget-container\">\n\t\t\t\t\t\t\t<div class=\"elementor-spacer\">\n\t\t\t<div class=\"elementor-spacer-inner\"><\/div>\n\t\t<\/div>\n\t\t\t\t\t\t<\/div>\n\t\t\t\t<\/div>\n\t\t\t\t\t<\/div>\n\t\t<\/div>\n\t\t\t\t\t<\/div>\n\t\t<\/section>\n\t\t\t\t<section class=\"elementor-section elementor-top-section elementor-element elementor-element-126cdc6 elementor-section-boxed elementor-section-height-default elementor-section-height-default\" data-id=\"126cdc6\" data-element_type=\"section\">\n\t\t\t\t\t\t<div class=\"elementor-container elementor-column-gap-default\">\n\t\t\t\t\t<div class=\"elementor-column elementor-col-100 elementor-top-column elementor-element elementor-element-18f5e36\" data-id=\"18f5e36\" data-element_type=\"column\">\n\t\t\t<div class=\"elementor-widget-wrap elementor-element-populated\">\n\t\t\t\t\t\t<div class=\"elementor-element elementor-element-676d46c elementor-widget elementor-widget-text-editor\" data-id=\"676d46c\" data-element_type=\"widget\" data-widget_type=\"text-editor.default\">\n\t\t\t\t<div class=\"elementor-widget-container\">\n\t\t\t\t\t\t\t\t\t<p><em>N\u2019h\u00e9sitez pas \u00e0 nous contacter pour discuter des moyens et techniques les plus adapt\u00e9s \u00e0 vos besoins. Nous pouvons vous aider \u00e0 mettre en place votre programme de suivi sanitaire.<\/em><\/p>\t\t\t\t\t\t\t\t<\/div>\n\t\t\t\t<\/div>\n\t\t\t\t\t<\/div>\n\t\t<\/div>\n\t\t\t\t\t<\/div>\n\t\t<\/section>\n\t\t\t\t<\/div>\n\t\t","protected":false},"excerpt":{"rendered":"<p>Gr\u00e2ce \u00e0 une exp\u00e9rience solidement \u00e9tablie, le TAAM propose des diagnostics sanitaires fiables et pr\u00e9cis (suivi de l\u2019int\u00e9gralit\u00e9 des recommandations FELASA) au plus pr\u00e8s des attentes de la communaut\u00e9 scientifique\u00a0: analyses parasitologiques et bact\u00e9riologiques, examens s\u00e9rologiques. Afin de r\u00e9pondre \u00e0 des exigences croissantes en terme de formalisation, le service est certifi\u00e9 ISO 9001 depuis 2008&hellip; <br \/> <a class=\"read-more\" href=\"https:\/\/www.taam.cnrs.fr\/index.php\/diagnostic-microbiologique\/\">Read more<\/a><\/p>\n","protected":false},"author":2,"featured_media":0,"parent":0,"menu_order":0,"comment_status":"closed","ping_status":"closed","template":"","meta":{"footnotes":""},"class_list":["post-3952","page","type-page","status-publish","hentry"],"yoast_head":"<!-- This site is optimized with the Yoast SEO plugin v26.4 - https:\/\/yoast.com\/wordpress\/plugins\/seo\/ -->\n<title>Diagnostic microbiologique - TAAM - CNRS Orl\u00e9ans<\/title>\n<meta name=\"robots\" content=\"index, follow, max-snippet:-1, max-image-preview:large, max-video-preview:-1\" \/>\n<link rel=\"canonical\" href=\"https:\/\/www.taam.cnrs.fr\/index.php\/diagnostic-microbiologique\/\" \/>\n<meta property=\"og:locale\" content=\"fr_FR\" \/>\n<meta property=\"og:type\" content=\"article\" \/>\n<meta property=\"og:title\" content=\"Diagnostic microbiologique - TAAM - CNRS Orl\u00e9ans\" \/>\n<meta property=\"og:description\" content=\"Gr\u00e2ce \u00e0 une exp\u00e9rience solidement \u00e9tablie, le TAAM propose des diagnostics sanitaires fiables et pr\u00e9cis (suivi de l\u2019int\u00e9gralit\u00e9 des recommandations FELASA) au plus pr\u00e8s des attentes de la communaut\u00e9 scientifique\u00a0: analyses parasitologiques et bact\u00e9riologiques, examens s\u00e9rologiques. Afin de r\u00e9pondre \u00e0 des exigences croissantes en terme de formalisation, le service est certifi\u00e9 ISO 9001 depuis 2008&hellip; Read more\" \/>\n<meta property=\"og:url\" content=\"https:\/\/www.taam.cnrs.fr\/index.php\/diagnostic-microbiologique\/\" \/>\n<meta property=\"og:site_name\" content=\"TAAM - CNRS Orl\u00e9ans\" \/>\n<meta property=\"article:modified_time\" content=\"2021-10-11T08:54:09+00:00\" \/>\n<meta property=\"og:image\" content=\"https:\/\/www.taam.cnrs.fr\/wp-content\/uploads\/elementor\/thumbs\/P1025414-p3bwebmryq1kyr2fljwykr9izyf74q4r1l4nka0794.jpg\" \/>\n<meta name=\"twitter:card\" content=\"summary_large_image\" \/>\n<meta name=\"twitter:label1\" content=\"Dur\u00e9e de lecture estim\u00e9e\" \/>\n\t<meta name=\"twitter:data1\" content=\"1 minute\" \/>\n<script type=\"application\/ld+json\" class=\"yoast-schema-graph\">{\"@context\":\"https:\/\/schema.org\",\"@graph\":[{\"@type\":\"WebPage\",\"@id\":\"https:\/\/www.taam.cnrs.fr\/index.php\/diagnostic-microbiologique\/\",\"url\":\"https:\/\/www.taam.cnrs.fr\/index.php\/diagnostic-microbiologique\/\",\"name\":\"Diagnostic microbiologique - TAAM - CNRS Orl\u00e9ans\",\"isPartOf\":{\"@id\":\"https:\/\/www.taam.cnrs.fr\/#website\"},\"primaryImageOfPage\":{\"@id\":\"https:\/\/www.taam.cnrs.fr\/index.php\/diagnostic-microbiologique\/#primaryimage\"},\"image\":{\"@id\":\"https:\/\/www.taam.cnrs.fr\/index.php\/diagnostic-microbiologique\/#primaryimage\"},\"thumbnailUrl\":\"https:\/\/www.taam.cnrs.fr\/wp-content\/uploads\/elementor\/thumbs\/P1025414-p3bwebmryq1kyr2fljwykr9izyf74q4r1l4nka0794.jpg\",\"datePublished\":\"2021-09-23T09:27:38+00:00\",\"dateModified\":\"2021-10-11T08:54:09+00:00\",\"breadcrumb\":{\"@id\":\"https:\/\/www.taam.cnrs.fr\/index.php\/diagnostic-microbiologique\/#breadcrumb\"},\"inLanguage\":\"fr-FR\",\"potentialAction\":[{\"@type\":\"ReadAction\",\"target\":[\"https:\/\/www.taam.cnrs.fr\/index.php\/diagnostic-microbiologique\/\"]}]},{\"@type\":\"ImageObject\",\"inLanguage\":\"fr-FR\",\"@id\":\"https:\/\/www.taam.cnrs.fr\/index.php\/diagnostic-microbiologique\/#primaryimage\",\"url\":\"https:\/\/www.taam.cnrs.fr\/wp-content\/uploads\/elementor\/thumbs\/P1025414-p3bwebmryq1kyr2fljwykr9izyf74q4r1l4nka0794.jpg\",\"contentUrl\":\"https:\/\/www.taam.cnrs.fr\/wp-content\/uploads\/elementor\/thumbs\/P1025414-p3bwebmryq1kyr2fljwykr9izyf74q4r1l4nka0794.jpg\"},{\"@type\":\"BreadcrumbList\",\"@id\":\"https:\/\/www.taam.cnrs.fr\/index.php\/diagnostic-microbiologique\/#breadcrumb\",\"itemListElement\":[{\"@type\":\"ListItem\",\"position\":1,\"name\":\"Accueil\",\"item\":\"https:\/\/www.taam.cnrs.fr\/\"},{\"@type\":\"ListItem\",\"position\":2,\"name\":\"Diagnostic microbiologique\"}]},{\"@type\":\"WebSite\",\"@id\":\"https:\/\/www.taam.cnrs.fr\/#website\",\"url\":\"https:\/\/www.taam.cnrs.fr\/\",\"name\":\"TAAM - CNRS Orl\u00e9ans\",\"description\":\"Typage et Archivage d&#039;Animaux Mod\u00e8les - UAR 44\",\"publisher\":{\"@id\":\"https:\/\/www.taam.cnrs.fr\/#organization\"},\"potentialAction\":[{\"@type\":\"SearchAction\",\"target\":{\"@type\":\"EntryPoint\",\"urlTemplate\":\"https:\/\/www.taam.cnrs.fr\/?s={search_term_string}\"},\"query-input\":{\"@type\":\"PropertyValueSpecification\",\"valueRequired\":true,\"valueName\":\"search_term_string\"}}],\"inLanguage\":\"fr-FR\"},{\"@type\":\"Organization\",\"@id\":\"https:\/\/www.taam.cnrs.fr\/#organization\",\"name\":\"TAAM - CNRS Orl\u00e9ans\",\"url\":\"https:\/\/www.taam.cnrs.fr\/\",\"logo\":{\"@type\":\"ImageObject\",\"inLanguage\":\"fr-FR\",\"@id\":\"https:\/\/www.taam.cnrs.fr\/#\/schema\/logo\/image\/\",\"url\":\"https:\/\/www.taam.cnrs.fr\/wp-content\/uploads\/2025\/01\/cropped-LOGO_CNRS_BLEU.png\",\"contentUrl\":\"https:\/\/www.taam.cnrs.fr\/wp-content\/uploads\/2025\/01\/cropped-LOGO_CNRS_BLEU.png\",\"width\":875,\"height\":863,\"caption\":\"TAAM - CNRS Orl\u00e9ans\"},\"image\":{\"@id\":\"https:\/\/www.taam.cnrs.fr\/#\/schema\/logo\/image\/\"}}]}<\/script>\n<!-- \/ Yoast SEO plugin. -->","yoast_head_json":{"title":"Diagnostic microbiologique - TAAM - CNRS Orl\u00e9ans","robots":{"index":"index","follow":"follow","max-snippet":"max-snippet:-1","max-image-preview":"max-image-preview:large","max-video-preview":"max-video-preview:-1"},"canonical":"https:\/\/www.taam.cnrs.fr\/index.php\/diagnostic-microbiologique\/","og_locale":"fr_FR","og_type":"article","og_title":"Diagnostic microbiologique - TAAM - CNRS Orl\u00e9ans","og_description":"Gr\u00e2ce \u00e0 une exp\u00e9rience solidement \u00e9tablie, le TAAM propose des diagnostics sanitaires fiables et pr\u00e9cis (suivi de l\u2019int\u00e9gralit\u00e9 des recommandations FELASA) au plus pr\u00e8s des attentes de la communaut\u00e9 scientifique\u00a0: analyses parasitologiques et bact\u00e9riologiques, examens s\u00e9rologiques. Afin de r\u00e9pondre \u00e0 des exigences croissantes en terme de formalisation, le service est certifi\u00e9 ISO 9001 depuis 2008&hellip; Read more","og_url":"https:\/\/www.taam.cnrs.fr\/index.php\/diagnostic-microbiologique\/","og_site_name":"TAAM - CNRS Orl\u00e9ans","article_modified_time":"2021-10-11T08:54:09+00:00","og_image":[{"url":"https:\/\/www.taam.cnrs.fr\/wp-content\/uploads\/elementor\/thumbs\/P1025414-p3bwebmryq1kyr2fljwykr9izyf74q4r1l4nka0794.jpg","type":"","width":"","height":""}],"twitter_card":"summary_large_image","twitter_misc":{"Dur\u00e9e de lecture estim\u00e9e":"1 minute"},"schema":{"@context":"https:\/\/schema.org","@graph":[{"@type":"WebPage","@id":"https:\/\/www.taam.cnrs.fr\/index.php\/diagnostic-microbiologique\/","url":"https:\/\/www.taam.cnrs.fr\/index.php\/diagnostic-microbiologique\/","name":"Diagnostic microbiologique - TAAM - CNRS Orl\u00e9ans","isPartOf":{"@id":"https:\/\/www.taam.cnrs.fr\/#website"},"primaryImageOfPage":{"@id":"https:\/\/www.taam.cnrs.fr\/index.php\/diagnostic-microbiologique\/#primaryimage"},"image":{"@id":"https:\/\/www.taam.cnrs.fr\/index.php\/diagnostic-microbiologique\/#primaryimage"},"thumbnailUrl":"https:\/\/www.taam.cnrs.fr\/wp-content\/uploads\/elementor\/thumbs\/P1025414-p3bwebmryq1kyr2fljwykr9izyf74q4r1l4nka0794.jpg","datePublished":"2021-09-23T09:27:38+00:00","dateModified":"2021-10-11T08:54:09+00:00","breadcrumb":{"@id":"https:\/\/www.taam.cnrs.fr\/index.php\/diagnostic-microbiologique\/#breadcrumb"},"inLanguage":"fr-FR","potentialAction":[{"@type":"ReadAction","target":["https:\/\/www.taam.cnrs.fr\/index.php\/diagnostic-microbiologique\/"]}]},{"@type":"ImageObject","inLanguage":"fr-FR","@id":"https:\/\/www.taam.cnrs.fr\/index.php\/diagnostic-microbiologique\/#primaryimage","url":"https:\/\/www.taam.cnrs.fr\/wp-content\/uploads\/elementor\/thumbs\/P1025414-p3bwebmryq1kyr2fljwykr9izyf74q4r1l4nka0794.jpg","contentUrl":"https:\/\/www.taam.cnrs.fr\/wp-content\/uploads\/elementor\/thumbs\/P1025414-p3bwebmryq1kyr2fljwykr9izyf74q4r1l4nka0794.jpg"},{"@type":"BreadcrumbList","@id":"https:\/\/www.taam.cnrs.fr\/index.php\/diagnostic-microbiologique\/#breadcrumb","itemListElement":[{"@type":"ListItem","position":1,"name":"Accueil","item":"https:\/\/www.taam.cnrs.fr\/"},{"@type":"ListItem","position":2,"name":"Diagnostic microbiologique"}]},{"@type":"WebSite","@id":"https:\/\/www.taam.cnrs.fr\/#website","url":"https:\/\/www.taam.cnrs.fr\/","name":"TAAM - CNRS Orl\u00e9ans","description":"Typage et Archivage d&#039;Animaux Mod\u00e8les - UAR 44","publisher":{"@id":"https:\/\/www.taam.cnrs.fr\/#organization"},"potentialAction":[{"@type":"SearchAction","target":{"@type":"EntryPoint","urlTemplate":"https:\/\/www.taam.cnrs.fr\/?s={search_term_string}"},"query-input":{"@type":"PropertyValueSpecification","valueRequired":true,"valueName":"search_term_string"}}],"inLanguage":"fr-FR"},{"@type":"Organization","@id":"https:\/\/www.taam.cnrs.fr\/#organization","name":"TAAM - CNRS Orl\u00e9ans","url":"https:\/\/www.taam.cnrs.fr\/","logo":{"@type":"ImageObject","inLanguage":"fr-FR","@id":"https:\/\/www.taam.cnrs.fr\/#\/schema\/logo\/image\/","url":"https:\/\/www.taam.cnrs.fr\/wp-content\/uploads\/2025\/01\/cropped-LOGO_CNRS_BLEU.png","contentUrl":"https:\/\/www.taam.cnrs.fr\/wp-content\/uploads\/2025\/01\/cropped-LOGO_CNRS_BLEU.png","width":875,"height":863,"caption":"TAAM - CNRS Orl\u00e9ans"},"image":{"@id":"https:\/\/www.taam.cnrs.fr\/#\/schema\/logo\/image\/"}}]}},"_links":{"self":[{"href":"https:\/\/www.taam.cnrs.fr\/index.php\/wp-json\/wp\/v2\/pages\/3952","targetHints":{"allow":["GET"]}}],"collection":[{"href":"https:\/\/www.taam.cnrs.fr\/index.php\/wp-json\/wp\/v2\/pages"}],"about":[{"href":"https:\/\/www.taam.cnrs.fr\/index.php\/wp-json\/wp\/v2\/types\/page"}],"author":[{"embeddable":true,"href":"https:\/\/www.taam.cnrs.fr\/index.php\/wp-json\/wp\/v2\/users\/2"}],"replies":[{"embeddable":true,"href":"https:\/\/www.taam.cnrs.fr\/index.php\/wp-json\/wp\/v2\/comments?post=3952"}],"version-history":[{"count":32,"href":"https:\/\/www.taam.cnrs.fr\/index.php\/wp-json\/wp\/v2\/pages\/3952\/revisions"}],"predecessor-version":[{"id":3985,"href":"https:\/\/www.taam.cnrs.fr\/index.php\/wp-json\/wp\/v2\/pages\/3952\/revisions\/3985"}],"wp:attachment":[{"href":"https:\/\/www.taam.cnrs.fr\/index.php\/wp-json\/wp\/v2\/media?parent=3952"}],"curies":[{"name":"wp","href":"https:\/\/api.w.org\/{rel}","templated":true}]}}