{"id":45,"date":"2020-07-02T10:59:29","date_gmt":"2020-07-02T08:59:29","guid":{"rendered":"https:\/\/www.taam.cnrs.fr\/?page_id=45"},"modified":"2021-10-11T10:46:44","modified_gmt":"2021-10-11T08:46:44","slug":"recherche-developpement","status":"publish","type":"page","link":"https:\/\/www.taam.cnrs.fr\/index.php\/recherche-developpement\/","title":{"rendered":"Recherche &#038; D\u00e9veloppement"},"content":{"rendered":"\t\t<div data-elementor-type=\"wp-page\" data-elementor-id=\"45\" class=\"elementor elementor-45\">\n\t\t\t\t\t\t<section class=\"elementor-section elementor-top-section elementor-element elementor-element-0a5a9f5 elementor-section-boxed elementor-section-height-default elementor-section-height-default\" data-id=\"0a5a9f5\" data-element_type=\"section\">\n\t\t\t\t\t\t<div class=\"elementor-container elementor-column-gap-default\">\n\t\t\t\t\t<div class=\"elementor-column elementor-col-100 elementor-top-column elementor-element elementor-element-08dfe77\" data-id=\"08dfe77\" data-element_type=\"column\">\n\t\t\t<div class=\"elementor-widget-wrap elementor-element-populated\">\n\t\t\t\t\t\t<div class=\"elementor-element elementor-element-6874a72 elementor-widget elementor-widget-text-editor\" data-id=\"6874a72\" data-element_type=\"widget\" data-widget_type=\"text-editor.default\">\n\t\t\t\t<div class=\"elementor-widget-container\">\n\t\t\t\t\t\t\t\t\t<p>Le TAAM assure en permanence la mise \u00e0 jour et l\u2019optimisation de ses processus de production et d\u2019analyses gr\u00e2ce \u00e0 divers canaux\u00a0et au sein de ses diff\u00e9rents laboratoires :<\/p>\t\t\t\t\t\t\t\t<\/div>\n\t\t\t\t<\/div>\n\t\t\t\t\t<\/div>\n\t\t<\/div>\n\t\t\t\t\t<\/div>\n\t\t<\/section>\n\t\t\t\t<section class=\"elementor-section elementor-top-section elementor-element elementor-element-9542a41 elementor-section-boxed elementor-section-height-default elementor-section-height-default\" data-id=\"9542a41\" data-element_type=\"section\">\n\t\t\t\t\t\t<div class=\"elementor-container elementor-column-gap-default\">\n\t\t\t\t\t<div class=\"elementor-column elementor-col-100 elementor-top-column elementor-element elementor-element-c478b69\" data-id=\"c478b69\" data-element_type=\"column\">\n\t\t\t<div class=\"elementor-widget-wrap elementor-element-populated\">\n\t\t\t\t\t\t<div class=\"elementor-element elementor-element-378acd2 elementor-widget elementor-widget-text-editor\" data-id=\"378acd2\" data-element_type=\"widget\" data-widget_type=\"text-editor.default\">\n\t\t\t\t<div class=\"elementor-widget-container\">\n\t\t\t\t\t\t\t\t\t<ul><li>Veille technologique et scientifique\u00a0: suivi des publications du domaine, participation \u00e0 des congr\u00e8s, des s\u00e9minaires, des groupes de travail,\u00a0 \u2026<\/li><li>Participation active aux travaux dans les r\u00e9seaux\u00a0: INFRAFRONTIER twg, Celphedia r\u00e9seaux, R\u00e9seau Canc\u00e9ropole Grand Ouest, etc\u2026<\/li><li>Audits, enqu\u00eate de satisfaction aupr\u00e8s de nos clients,<\/li><li>Benchmarking.<\/li><\/ul>\t\t\t\t\t\t\t\t<\/div>\n\t\t\t\t<\/div>\n\t\t\t\t\t<\/div>\n\t\t<\/div>\n\t\t\t\t\t<\/div>\n\t\t<\/section>\n\t\t\t\t<section class=\"elementor-section elementor-top-section elementor-element elementor-element-9a256ba elementor-section-boxed elementor-section-height-default elementor-section-height-default\" data-id=\"9a256ba\" data-element_type=\"section\">\n\t\t\t\t\t\t<div class=\"elementor-container elementor-column-gap-default\">\n\t\t\t\t\t<div class=\"elementor-column elementor-col-100 elementor-top-column elementor-element elementor-element-76ea2b6\" data-id=\"76ea2b6\" data-element_type=\"column\">\n\t\t\t<div class=\"elementor-widget-wrap elementor-element-populated\">\n\t\t\t\t\t\t<div class=\"elementor-element elementor-element-0c23cf4 elementor-widget elementor-widget-text-editor\" data-id=\"0c23cf4\" data-element_type=\"widget\" data-widget_type=\"text-editor.default\">\n\t\t\t\t<div class=\"elementor-widget-container\">\n\t\t\t\t\t\t\t\t\t<p>A ce jour, nous menons un projet d\u2019envergure de cr\u00e9ation d\u2019une ressource de mod\u00e8les de souris et rats g\u00e9n\u00e9tiquement modifi\u00e9s au statut sanitaire ax\u00e9nique (sans flore d\u00e9tectable). Cette ressource, qui sera unique dans le secteur acad\u00e9mique en France, a pour but d\u2019\u00eatre accessible \u00e0 l\u2019ensemble de la communaut\u00e9 scientifique.<\/p>\t\t\t\t\t\t\t\t<\/div>\n\t\t\t\t<\/div>\n\t\t\t\t\t<\/div>\n\t\t<\/div>\n\t\t\t\t\t<\/div>\n\t\t<\/section>\n\t\t\t\t<section class=\"elementor-section elementor-top-section elementor-element elementor-element-c73d8ce elementor-section-boxed elementor-section-height-default elementor-section-height-default\" data-id=\"c73d8ce\" data-element_type=\"section\">\n\t\t\t\t\t\t<div class=\"elementor-container elementor-column-gap-default\">\n\t\t\t\t\t<div class=\"elementor-column elementor-col-100 elementor-top-column elementor-element elementor-element-1644a76\" data-id=\"1644a76\" data-element_type=\"column\">\n\t\t\t<div class=\"elementor-widget-wrap elementor-element-populated\">\n\t\t\t\t\t\t<div class=\"elementor-element elementor-element-c6c1985 elementor-widget elementor-widget-text-editor\" data-id=\"c6c1985\" data-element_type=\"widget\" data-widget_type=\"text-editor.default\">\n\t\t\t\t<div class=\"elementor-widget-container\">\n\t\t\t\t\t\t\t\t\t<p>Le TAAM peut \u00eatre associ\u00e9 dans des programmes ou contrats de Recherche en tant que prestataire de service ou en tant que collaborateur comme par exemple dans la mise au point de sondes ou de proc\u00e9dures d\u2019imagerie dans le cadre de la recherche sur le Cancer.<\/p>\t\t\t\t\t\t\t\t<\/div>\n\t\t\t\t<\/div>\n\t\t\t\t\t<\/div>\n\t\t<\/div>\n\t\t\t\t\t<\/div>\n\t\t<\/section>\n\t\t\t\t<section class=\"elementor-section elementor-top-section elementor-element elementor-element-0a6b20d elementor-section-boxed elementor-section-height-default elementor-section-height-default\" data-id=\"0a6b20d\" data-element_type=\"section\">\n\t\t\t\t\t\t<div class=\"elementor-container elementor-column-gap-default\">\n\t\t\t\t\t<div class=\"elementor-column elementor-col-100 elementor-top-column elementor-element elementor-element-11f7277\" data-id=\"11f7277\" data-element_type=\"column\">\n\t\t\t<div class=\"elementor-widget-wrap elementor-element-populated\">\n\t\t\t\t\t\t<div class=\"elementor-element elementor-element-74f0ab1 elementor-widget elementor-widget-text-editor\" data-id=\"74f0ab1\" data-element_type=\"widget\" data-widget_type=\"text-editor.default\">\n\t\t\t\t<div class=\"elementor-widget-container\">\n\t\t\t\t\t\t\t\t\t<p>Voici quelques exemples de l\u2019implication du TAAM dans des projets de recherche\u00a0:<\/p>\t\t\t\t\t\t\t\t<\/div>\n\t\t\t\t<\/div>\n\t\t\t\t\t<\/div>\n\t\t<\/div>\n\t\t\t\t\t<\/div>\n\t\t<\/section>\n\t\t\t\t<section class=\"elementor-section elementor-top-section elementor-element elementor-element-1b3f756 elementor-section-boxed elementor-section-height-default elementor-section-height-default\" data-id=\"1b3f756\" data-element_type=\"section\">\n\t\t\t\t\t\t<div class=\"elementor-container elementor-column-gap-default\">\n\t\t\t\t\t<div class=\"elementor-column elementor-col-100 elementor-top-column elementor-element elementor-element-9f8733c\" data-id=\"9f8733c\" data-element_type=\"column\">\n\t\t\t<div class=\"elementor-widget-wrap elementor-element-populated\">\n\t\t\t\t\t\t<div class=\"elementor-element elementor-element-1af6a11 elementor-align-justify elementor-widget elementor-widget-button\" data-id=\"1af6a11\" data-element_type=\"widget\" data-widget_type=\"button.default\">\n\t\t\t\t<div class=\"elementor-widget-container\">\n\t\t\t\t\t\t\t\t\t<div class=\"elementor-button-wrapper\">\n\t\t\t\t\t<a class=\"elementor-button elementor-button-link elementor-size-md\" href=\"https:\/\/pubmed.ncbi.nlm.nih.gov\/31399820\/\" target=\"_blank\">\n\t\t\t\t\t\t<span class=\"elementor-button-content-wrapper\">\n\t\t\t\t\t\t\t\t\t<span class=\"elementor-button-text\"> Comparison of Tissue and Blood Concentrations of Oxaliplatin Administrated by Different Modalities of Intraperitoneal Chemotherapy. <\/span>\n\t\t\t\t\t<\/span>\n\t\t\t\t\t<\/a>\n\t\t\t\t<\/div>\n\t\t\t\t\t\t\t\t<\/div>\n\t\t\t\t<\/div>\n\t\t\t\t\t<\/div>\n\t\t<\/div>\n\t\t\t\t\t<\/div>\n\t\t<\/section>\n\t\t\t\t<section class=\"elementor-section elementor-top-section elementor-element elementor-element-27755fc elementor-section-boxed elementor-section-height-default elementor-section-height-default\" data-id=\"27755fc\" data-element_type=\"section\">\n\t\t\t\t\t\t<div class=\"elementor-container elementor-column-gap-default\">\n\t\t\t\t\t<div class=\"elementor-column elementor-col-100 elementor-top-column elementor-element elementor-element-1879941\" data-id=\"1879941\" data-element_type=\"column\">\n\t\t\t<div class=\"elementor-widget-wrap elementor-element-populated\">\n\t\t\t\t\t\t<div class=\"elementor-element elementor-element-101199b elementor-align-center elementor-widget elementor-widget-button\" data-id=\"101199b\" data-element_type=\"widget\" data-widget_type=\"button.default\">\n\t\t\t\t<div class=\"elementor-widget-container\">\n\t\t\t\t\t\t\t\t\t<div class=\"elementor-button-wrapper\">\n\t\t\t\t\t<a class=\"elementor-button elementor-button-link elementor-size-md\" href=\"https:\/\/pubmed.ncbi.nlm.nih.gov\/18518832\/\" target=\"_blank\">\n\t\t\t\t\t\t<span class=\"elementor-button-content-wrapper\">\n\t\t\t\t\t\t\t\t\t<span class=\"elementor-button-text\">Aerosolized chemotherapy<\/span>\n\t\t\t\t\t<\/span>\n\t\t\t\t\t<\/a>\n\t\t\t\t<\/div>\n\t\t\t\t\t\t\t\t<\/div>\n\t\t\t\t<\/div>\n\t\t\t\t\t<\/div>\n\t\t<\/div>\n\t\t\t\t\t<\/div>\n\t\t<\/section>\n\t\t\t\t<section class=\"elementor-section elementor-top-section elementor-element elementor-element-a10507b elementor-section-boxed elementor-section-height-default elementor-section-height-default\" data-id=\"a10507b\" data-element_type=\"section\">\n\t\t\t\t\t\t<div class=\"elementor-container elementor-column-gap-default\">\n\t\t\t\t\t<div class=\"elementor-column elementor-col-100 elementor-top-column elementor-element elementor-element-5b17936\" data-id=\"5b17936\" data-element_type=\"column\">\n\t\t\t<div class=\"elementor-widget-wrap elementor-element-populated\">\n\t\t\t\t\t\t<div class=\"elementor-element elementor-element-d6101e1 elementor-align-center elementor-widget elementor-widget-button\" data-id=\"d6101e1\" data-element_type=\"widget\" data-widget_type=\"button.default\">\n\t\t\t\t<div class=\"elementor-widget-container\">\n\t\t\t\t\t\t\t\t\t<div class=\"elementor-button-wrapper\">\n\t\t\t\t\t<a class=\"elementor-button elementor-button-link elementor-size-md\" href=\"https:\/\/pubmed.ncbi.nlm.nih.gov\/29789839\/\" target=\"_blank\">\n\t\t\t\t\t\t<span class=\"elementor-button-content-wrapper\">\n\t\t\t\t\t\t\t\t\t<span class=\"elementor-button-text\">A cocktail of 165Er(iii) and Gd(iii) complexes for quantitative detection of zinc using SPECT and MRI.<\/span>\n\t\t\t\t\t<\/span>\n\t\t\t\t\t<\/a>\n\t\t\t\t<\/div>\n\t\t\t\t\t\t\t\t<\/div>\n\t\t\t\t<\/div>\n\t\t\t\t\t<\/div>\n\t\t<\/div>\n\t\t\t\t\t<\/div>\n\t\t<\/section>\n\t\t\t\t<section class=\"elementor-section elementor-top-section elementor-element elementor-element-6b87581 elementor-section-boxed elementor-section-height-default elementor-section-height-default\" data-id=\"6b87581\" data-element_type=\"section\">\n\t\t\t\t\t\t<div class=\"elementor-container elementor-column-gap-default\">\n\t\t\t\t\t<div class=\"elementor-column elementor-col-100 elementor-top-column elementor-element elementor-element-ace33a9\" data-id=\"ace33a9\" data-element_type=\"column\">\n\t\t\t<div class=\"elementor-widget-wrap elementor-element-populated\">\n\t\t\t\t\t\t<div class=\"elementor-element elementor-element-4b27d88 elementor-align-center elementor-widget elementor-widget-button\" data-id=\"4b27d88\" data-element_type=\"widget\" data-widget_type=\"button.default\">\n\t\t\t\t<div class=\"elementor-widget-container\">\n\t\t\t\t\t\t\t\t\t<div class=\"elementor-button-wrapper\">\n\t\t\t\t\t<a class=\"elementor-button elementor-button-link elementor-size-md\" href=\"https:\/\/pubmed.ncbi.nlm.nih.gov\/28493972\/\" target=\"_blank\">\n\t\t\t\t\t\t<span class=\"elementor-button-content-wrapper\">\n\t\t\t\t\t\t\t\t\t<span class=\"elementor-button-text\">Positive radionuclide imaging of miRNA expression using RILES and the human sodium iodide symporter as reporter gene is feasible and supports a protective role of miRNA-23a in response to muscular atrophy. <\/span>\n\t\t\t\t\t<\/span>\n\t\t\t\t\t<\/a>\n\t\t\t\t<\/div>\n\t\t\t\t\t\t\t\t<\/div>\n\t\t\t\t<\/div>\n\t\t\t\t\t<\/div>\n\t\t<\/div>\n\t\t\t\t\t<\/div>\n\t\t<\/section>\n\t\t\t\t<\/div>\n\t\t","protected":false},"excerpt":{"rendered":"<p>Le TAAM assure en permanence la mise \u00e0 jour et l\u2019optimisation de ses processus de production et d\u2019analyses gr\u00e2ce \u00e0 divers canaux\u00a0et au sein de ses diff\u00e9rents laboratoires : Veille technologique et scientifique\u00a0: suivi des publications du domaine, participation \u00e0 des congr\u00e8s, des s\u00e9minaires, des groupes de travail,\u00a0 \u2026 Participation active aux travaux dans les&hellip; <br \/> <a class=\"read-more\" href=\"https:\/\/www.taam.cnrs.fr\/index.php\/recherche-developpement\/\">Read more<\/a><\/p>\n","protected":false},"author":1,"featured_media":0,"parent":0,"menu_order":0,"comment_status":"closed","ping_status":"closed","template":"","meta":{"footnotes":""},"class_list":["post-45","page","type-page","status-publish","hentry"],"yoast_head":"<!-- This site is optimized with the Yoast SEO plugin v26.4 - https:\/\/yoast.com\/wordpress\/plugins\/seo\/ -->\n<title>Recherche &amp; D\u00e9veloppement - TAAM - CNRS Orl\u00e9ans<\/title>\n<meta name=\"robots\" content=\"index, follow, max-snippet:-1, max-image-preview:large, max-video-preview:-1\" \/>\n<link rel=\"canonical\" href=\"https:\/\/www.taam.cnrs.fr\/index.php\/recherche-developpement\/\" \/>\n<meta property=\"og:locale\" content=\"fr_FR\" \/>\n<meta property=\"og:type\" content=\"article\" \/>\n<meta property=\"og:title\" content=\"Recherche &amp; D\u00e9veloppement - TAAM - CNRS Orl\u00e9ans\" \/>\n<meta property=\"og:description\" content=\"Le TAAM assure en permanence la mise \u00e0 jour et l\u2019optimisation de ses processus de production et d\u2019analyses gr\u00e2ce \u00e0 divers canaux\u00a0et au sein de ses diff\u00e9rents laboratoires : Veille technologique et scientifique\u00a0: suivi des publications du domaine, participation \u00e0 des congr\u00e8s, des s\u00e9minaires, des groupes de travail,\u00a0 \u2026 Participation active aux travaux dans les&hellip; Read more\" \/>\n<meta property=\"og:url\" content=\"https:\/\/www.taam.cnrs.fr\/index.php\/recherche-developpement\/\" \/>\n<meta property=\"og:site_name\" content=\"TAAM - CNRS Orl\u00e9ans\" \/>\n<meta property=\"article:modified_time\" content=\"2021-10-11T08:46:44+00:00\" \/>\n<meta name=\"twitter:card\" content=\"summary_large_image\" \/>\n<meta name=\"twitter:label1\" content=\"Dur\u00e9e de lecture estim\u00e9e\" \/>\n\t<meta name=\"twitter:data1\" content=\"1 minute\" \/>\n<script type=\"application\/ld+json\" class=\"yoast-schema-graph\">{\"@context\":\"https:\/\/schema.org\",\"@graph\":[{\"@type\":\"WebPage\",\"@id\":\"https:\/\/www.taam.cnrs.fr\/index.php\/recherche-developpement\/\",\"url\":\"https:\/\/www.taam.cnrs.fr\/index.php\/recherche-developpement\/\",\"name\":\"Recherche & D\u00e9veloppement - TAAM - CNRS Orl\u00e9ans\",\"isPartOf\":{\"@id\":\"https:\/\/www.taam.cnrs.fr\/#website\"},\"datePublished\":\"2020-07-02T08:59:29+00:00\",\"dateModified\":\"2021-10-11T08:46:44+00:00\",\"breadcrumb\":{\"@id\":\"https:\/\/www.taam.cnrs.fr\/index.php\/recherche-developpement\/#breadcrumb\"},\"inLanguage\":\"fr-FR\",\"potentialAction\":[{\"@type\":\"ReadAction\",\"target\":[\"https:\/\/www.taam.cnrs.fr\/index.php\/recherche-developpement\/\"]}]},{\"@type\":\"BreadcrumbList\",\"@id\":\"https:\/\/www.taam.cnrs.fr\/index.php\/recherche-developpement\/#breadcrumb\",\"itemListElement\":[{\"@type\":\"ListItem\",\"position\":1,\"name\":\"Accueil\",\"item\":\"https:\/\/www.taam.cnrs.fr\/\"},{\"@type\":\"ListItem\",\"position\":2,\"name\":\"Recherche &#038; D\u00e9veloppement\"}]},{\"@type\":\"WebSite\",\"@id\":\"https:\/\/www.taam.cnrs.fr\/#website\",\"url\":\"https:\/\/www.taam.cnrs.fr\/\",\"name\":\"TAAM - CNRS Orl\u00e9ans\",\"description\":\"Typage et Archivage d&#039;Animaux Mod\u00e8les - UAR 44\",\"publisher\":{\"@id\":\"https:\/\/www.taam.cnrs.fr\/#organization\"},\"potentialAction\":[{\"@type\":\"SearchAction\",\"target\":{\"@type\":\"EntryPoint\",\"urlTemplate\":\"https:\/\/www.taam.cnrs.fr\/?s={search_term_string}\"},\"query-input\":{\"@type\":\"PropertyValueSpecification\",\"valueRequired\":true,\"valueName\":\"search_term_string\"}}],\"inLanguage\":\"fr-FR\"},{\"@type\":\"Organization\",\"@id\":\"https:\/\/www.taam.cnrs.fr\/#organization\",\"name\":\"TAAM - CNRS Orl\u00e9ans\",\"url\":\"https:\/\/www.taam.cnrs.fr\/\",\"logo\":{\"@type\":\"ImageObject\",\"inLanguage\":\"fr-FR\",\"@id\":\"https:\/\/www.taam.cnrs.fr\/#\/schema\/logo\/image\/\",\"url\":\"https:\/\/www.taam.cnrs.fr\/wp-content\/uploads\/2025\/01\/cropped-LOGO_CNRS_BLEU.png\",\"contentUrl\":\"https:\/\/www.taam.cnrs.fr\/wp-content\/uploads\/2025\/01\/cropped-LOGO_CNRS_BLEU.png\",\"width\":875,\"height\":863,\"caption\":\"TAAM - CNRS Orl\u00e9ans\"},\"image\":{\"@id\":\"https:\/\/www.taam.cnrs.fr\/#\/schema\/logo\/image\/\"}}]}<\/script>\n<!-- \/ Yoast SEO plugin. -->","yoast_head_json":{"title":"Recherche & D\u00e9veloppement - TAAM - CNRS Orl\u00e9ans","robots":{"index":"index","follow":"follow","max-snippet":"max-snippet:-1","max-image-preview":"max-image-preview:large","max-video-preview":"max-video-preview:-1"},"canonical":"https:\/\/www.taam.cnrs.fr\/index.php\/recherche-developpement\/","og_locale":"fr_FR","og_type":"article","og_title":"Recherche & D\u00e9veloppement - TAAM - CNRS Orl\u00e9ans","og_description":"Le TAAM assure en permanence la mise \u00e0 jour et l\u2019optimisation de ses processus de production et d\u2019analyses gr\u00e2ce \u00e0 divers canaux\u00a0et au sein de ses diff\u00e9rents laboratoires : Veille technologique et scientifique\u00a0: suivi des publications du domaine, participation \u00e0 des congr\u00e8s, des s\u00e9minaires, des groupes de travail,\u00a0 \u2026 Participation active aux travaux dans les&hellip; Read more","og_url":"https:\/\/www.taam.cnrs.fr\/index.php\/recherche-developpement\/","og_site_name":"TAAM - CNRS Orl\u00e9ans","article_modified_time":"2021-10-11T08:46:44+00:00","twitter_card":"summary_large_image","twitter_misc":{"Dur\u00e9e de lecture estim\u00e9e":"1 minute"},"schema":{"@context":"https:\/\/schema.org","@graph":[{"@type":"WebPage","@id":"https:\/\/www.taam.cnrs.fr\/index.php\/recherche-developpement\/","url":"https:\/\/www.taam.cnrs.fr\/index.php\/recherche-developpement\/","name":"Recherche & D\u00e9veloppement - TAAM - CNRS Orl\u00e9ans","isPartOf":{"@id":"https:\/\/www.taam.cnrs.fr\/#website"},"datePublished":"2020-07-02T08:59:29+00:00","dateModified":"2021-10-11T08:46:44+00:00","breadcrumb":{"@id":"https:\/\/www.taam.cnrs.fr\/index.php\/recherche-developpement\/#breadcrumb"},"inLanguage":"fr-FR","potentialAction":[{"@type":"ReadAction","target":["https:\/\/www.taam.cnrs.fr\/index.php\/recherche-developpement\/"]}]},{"@type":"BreadcrumbList","@id":"https:\/\/www.taam.cnrs.fr\/index.php\/recherche-developpement\/#breadcrumb","itemListElement":[{"@type":"ListItem","position":1,"name":"Accueil","item":"https:\/\/www.taam.cnrs.fr\/"},{"@type":"ListItem","position":2,"name":"Recherche &#038; D\u00e9veloppement"}]},{"@type":"WebSite","@id":"https:\/\/www.taam.cnrs.fr\/#website","url":"https:\/\/www.taam.cnrs.fr\/","name":"TAAM - CNRS Orl\u00e9ans","description":"Typage et Archivage d&#039;Animaux Mod\u00e8les - UAR 44","publisher":{"@id":"https:\/\/www.taam.cnrs.fr\/#organization"},"potentialAction":[{"@type":"SearchAction","target":{"@type":"EntryPoint","urlTemplate":"https:\/\/www.taam.cnrs.fr\/?s={search_term_string}"},"query-input":{"@type":"PropertyValueSpecification","valueRequired":true,"valueName":"search_term_string"}}],"inLanguage":"fr-FR"},{"@type":"Organization","@id":"https:\/\/www.taam.cnrs.fr\/#organization","name":"TAAM - CNRS Orl\u00e9ans","url":"https:\/\/www.taam.cnrs.fr\/","logo":{"@type":"ImageObject","inLanguage":"fr-FR","@id":"https:\/\/www.taam.cnrs.fr\/#\/schema\/logo\/image\/","url":"https:\/\/www.taam.cnrs.fr\/wp-content\/uploads\/2025\/01\/cropped-LOGO_CNRS_BLEU.png","contentUrl":"https:\/\/www.taam.cnrs.fr\/wp-content\/uploads\/2025\/01\/cropped-LOGO_CNRS_BLEU.png","width":875,"height":863,"caption":"TAAM - CNRS Orl\u00e9ans"},"image":{"@id":"https:\/\/www.taam.cnrs.fr\/#\/schema\/logo\/image\/"}}]}},"_links":{"self":[{"href":"https:\/\/www.taam.cnrs.fr\/index.php\/wp-json\/wp\/v2\/pages\/45","targetHints":{"allow":["GET"]}}],"collection":[{"href":"https:\/\/www.taam.cnrs.fr\/index.php\/wp-json\/wp\/v2\/pages"}],"about":[{"href":"https:\/\/www.taam.cnrs.fr\/index.php\/wp-json\/wp\/v2\/types\/page"}],"author":[{"embeddable":true,"href":"https:\/\/www.taam.cnrs.fr\/index.php\/wp-json\/wp\/v2\/users\/1"}],"replies":[{"embeddable":true,"href":"https:\/\/www.taam.cnrs.fr\/index.php\/wp-json\/wp\/v2\/comments?post=45"}],"version-history":[{"count":48,"href":"https:\/\/www.taam.cnrs.fr\/index.php\/wp-json\/wp\/v2\/pages\/45\/revisions"}],"predecessor-version":[{"id":2869,"href":"https:\/\/www.taam.cnrs.fr\/index.php\/wp-json\/wp\/v2\/pages\/45\/revisions\/2869"}],"wp:attachment":[{"href":"https:\/\/www.taam.cnrs.fr\/index.php\/wp-json\/wp\/v2\/media?parent=45"}],"curies":[{"name":"wp","href":"https:\/\/api.w.org\/{rel}","templated":true}]}}