{"id":5188,"date":"2020-07-09T10:56:33","date_gmt":"2020-07-09T08:56:33","guid":{"rendered":"https:\/\/www.taam.cnrs.fr\/index.php\/home\/"},"modified":"2023-09-01T15:40:25","modified_gmt":"2023-09-01T13:40:25","slug":"home","status":"publish","type":"page","link":"https:\/\/www.taam.cnrs.fr\/index.php\/home\/?lang=en","title":{"rendered":"Home"},"content":{"rendered":"<div  data-label=\"About\" data-id=\"about--1\" data-export-id=\"about-text-image\" data-category=\"about\" class=\"about-text-image content-section content-section-spacing\" id=\"about-1\" style=\"background-color: rgb(245, 250, 253);\"><div  class=\"gridContainer\"> <div  class=\"row\"><div  class=\"col-sm-6 col-padding-small-xs col-sm-padding-large bg-color5 white-text content-col\" data-type=\"column\"> <h5  class=\"\">Welcome to the TAAM unit<\/h5> <h2  class=\"\">Typing and Archiving of Model Animals<\/h2> <p  class=\"\" style=\"text-align: justify;\">The TAAM is a Support and Research Unit of the <a data-mce-href=\"https:\/\/www.cnrs.fr\/\" href=\"https:\/\/www.cnrs.fr\" target=\"_blank\" rel=\"noopener\" data-mce-selected=\"inline-boundary\" data-cp-link=\"1\" class=\"\">CNRS<\/a>, attached to the <a data-mce-href=\"https:\/\/insb.cnrs.fr\/fr\/institut-des-sciences-biologiques\" href=\"https:\/\/insb.cnrs.fr\/fr\/institut-des-sciences-biologiques\" target=\"_blank\" rel=\"noopener\" data-mce-selected=\"inline-boundary\" data-cp-link=\"1\" class=\"\">INSB<\/a> of the CNRS (Institut des Sciences Biologiques \u2013 Institute of Biological Sciences).\n<br ><br ><br >\nThe TAAM offers a wide range of services around model rats and mice, for fundamental, biomedical and pharmaceutical research.<\/p><\/div> <div  class=\"col-sm-6 flexbox-strech center-xs middle-xs no-gutter-col\"><div  class=\"shadow-large overlap-left-large flexbox middle-xs center-xs right-img\" data-bg=\"image\" style=\"background-image: url(&quot;https:\/\/www.taam.cnrs.fr\/wp-content\/uploads\/2021\/04\/P1025131.jpg&quot;);\" https:=\"\" www.taam.cnrs.fr=\"\" wp-content=\"\" uploads=\"\" 2021=\"\" 04=\"\" p1025131.jpg\");\"=\"\"><\/div><\/div> <\/div><\/div> <\/div><div  data-label=\"About\" data-id=\"about--2\" data-export-id=\"about-image-text\" data-category=\"about\" class=\"about-image-text content-section content-section-spacing content-relative\" id=\"about-2\" style=\"background-color: rgb(255, 255, 255);\"><div  class=\"section-separator-top\">\n    <svg  xmlns=\"http:\/\/www.w3.org\/2000\/svg\" preserveAspectRatio=\"none\" viewBox=\"0 0 1000 100\" data-separator-name=\"tilt-flipped\" class=\"section-separator-top\">\n  <path  id=\"path2\" d=\"M 1000,0 H 0 v 100 z\" class=\"svg-white-bg\"><\/path>\n<\/svg>\n<\/div><div  class=\"gridContainer\"> <div  class=\"row\"><div  class=\"col-sm-6 flexbox-strech center-xs middle-xs no-gutter-col\"> <div  class=\"shadow-large overlap-right-large flexbox middle-xs center-xs left-img\" data-bg=\"image\" style=\"background-image: url(&quot;https:\/\/www.taam.cnrs.fr\/wp-content\/uploads\/2021\/08\/cropped-cipa-front-page-scaled-1.jpg&quot;);\" https:=\"\" www.taam.cnrs.fr=\"\" wp-content=\"\" uploads=\"\" 2021=\"\" 08=\"\" cropped-cipa-front-page-scaled-1.jpg\");\"=\"\"><\/div><\/div> <div  class=\"col-sm-6 space-bottom-xs col-padding-small-xs col-sm-padding-large bg-color5 white-text content-col\" data-type=\"column\"> <h2  class=\"\">\n<br >In Vivo Imaging<br >\n<\/h2> <p  class=\"\" style=\"text-align: justify;\">\n<br ><br >The pole of Exploration through Imaging proposes, to the scientific community of public or private researchers, its technical and scientific skills in its fields of expertise: murine model phenotyping, cancer research, infectology, inflammation and drug delivery.<br ><br >\n<\/p><\/div> <\/div><\/div> <\/div><div  data-label=\"Overlappable\" data-id=\"overlappable--2\" data-export-id=\"overlappable-6\" data-category=\"overlappable\" class=\"overlappable-6 content-section content-section-spacing content-relative february_ink\" data-overlap=\"true\" id=\"overlappable-2\" style=\"background-size: cover; background-position: center top;\"><div  class=\"gridContainer\"> <div  data-type=\"row\" class=\"row shadow-medium\"><div  class=\"col-xs-12 col-sm-4 col-padding-small col-padding-small-xs white-text bg-color8\"> <div  class=\"row middle-xs\"><div  class=\"col-xs-12 col-sm-fit space-bottom-small-xs\"> <i  class=\"fa fa-cubes icon bordered round color-white\"><\/i><\/div> <div  data-type=\"column\" class=\"col-xs-12 col-sm\"><h4  class=\"\">Almost 70 years of experience<\/h4> <\/div> <\/div><\/div> <div  class=\"col-xs-12 col-sm-4 col-padding-small col-padding-small-xs white-text bg-color10\"><div  class=\"row middle-xs\"> <div  class=\"col-xs-12 col-sm-fit space-bottom-small-xs\"><i  class=\"fa fa-paper-plane icon bordered round color-white\"><\/i><\/div> <div  data-type=\"column\" class=\"col-xs-12 col-sm\"><h4  class=\"\">Murine models exported all over the world<\/h4> <\/div> <\/div><\/div> <div  class=\"col-xs-12 col-sm-4 col-padding-small col-padding-small-xs white-text bg-color8\"><div  class=\"row middle-xs\"> <div  class=\"col-xs-12 col-sm-fit space-bottom-small-xs\"><i  class=\"fa fa-forumbee icon bordered round color-white\"><\/i><\/div> <div  data-type=\"column\" class=\"col-xs-12 col-sm\"><h4  class=\"\">A staff of 55<\/h4> <\/div> <\/div><\/div> <\/div><\/div> <\/div><div  data-label=\"Overlappable\" data-id=\"overlappable--3\" data-export-id=\"overlappable-3\" data-category=\"overlappable\" class=\"overlappable-3 content-section content-section-spacing content-relative\" data-overlap=\"true\" id=\"overlappable-3\" style=\"background-color: rgb(245, 250, 253); background-image: none;\"><div  class=\"gridContainer\"> <div  class=\"row bg-color-white shadow-medium\"><div  class=\"col-xs-12 col-sm-6 image-col first-image-col\" data-bg=\"image\" style=\"background-image: url(&quot;https:\/\/www.taam.cnrs.fr\/wp-content\/uploads\/2021\/04\/iso-rats.png&quot;);\" https:=\"\" www.taam.cnrs.fr=\"\" wp-content=\"\" uploads=\"\" 2021=\"\" 04=\"\" iso-rats.png\");\"=\"\"><\/div> <div  class=\"col-xs-12 col-sm-6 content-col col-padding col-padding-xs\"> <div  class=\"col-padding\" data-type=\"column\"> <h4  class=\"\"><span  style=\"font-weight: 700;\">\n<br ><br >NATIONAL<\/span>\n<\/h4> <p  class=\"\" style=\"text-align: justify;\">The TAAM is one of the three national partners of the PHENOMIN infrastructure, award winner of investments for the future in Biology and Health in 2011.\n<br ><br >It is also a member of the national infrastructure CELPHEDIA (Cr\u00e9ation, Elevage, Ph\u00e9notypage, Distribution et Archivage de mod\u00e8les vert\u00e9br\u00e9s \u2013 Creation, Breeding, Phenotyping, Distribution and Archiving of vertebrate models).\n<br >\n<br ><br >\n<\/p> <\/div> <\/div><\/div> <div  class=\"row bg-color-white shadow-medium\"><div  class=\"col-xs-12 col-sm-6 content-col col-padding col-padding-xs\"> <div  class=\"col-padding\" data-type=\"column\"><h4  class=\"\"><span  style=\"font-weight: 700;\">\n<br ><br >INTERNATIONAL<\/span>\n<\/h4> <p  class=\"\" style=\"text-align: justify;\">The TAAM is one of the platforms of the pan-European infrastructure INFRAFRONTIER; it is one of the main centres of archiving, axenisation and distribution of murine models.\n<br ><br ><br >\nThe TAAM has also been recognised as an IBISA platform, (Infrastructures en Biologie, Sant\u00e9 et Agronomie \u2013 Infrastructures in Biology, Health and Agronomy), since 2001.\n<br ><br >\n<\/p> <\/div> <\/div> <div  class=\"col-xs-12 col-sm-6 image-col second-image-col first-xs last-sm\" data-bg=\"image\" style=\"background-image: url(&quot;https:\/\/www.taam.cnrs.fr\/wp-content\/uploads\/2021\/04\/P1024714-scaled.jpg&quot;);\" https:=\"\" www.taam.cnrs.fr=\"\" wp-content=\"\" uploads=\"\" 2021=\"\" 04=\"\" p1024714-scaled.jpg\");\"=\"\"><\/div> <\/div><\/div> <div  class=\"section-separator-bottom\">\n    <svg  xmlns=\"http:\/\/www.w3.org\/2000\/svg\" viewBox=\"0 0 1000 100\" preserveAspectRatio=\"none\" data-separator-name=\"triangle-negative\" class=\"section-separator-bottom\">\n\t<path  class=\"svg-white-bg\" d=\"M500.2,94.7L0,0v100h1000V0L500.2,94.7z\"><\/path>\n<\/svg>\n<\/div><\/div><p  class=\"has-text-align-center\"><\/p><p  class=\"has-text-align-left\"><a  href=\"https:\/\/www.taam.cnrs.fr\/index.php\/mentions-legales\" data-rich-text-format-boundary=\"true\" data-mce-selected=\"inline-boundary\" data-cp-link=\"1\"><\/a><a class=\"\" href=\"wp-content\/uploads\/2021\/04\/CGV-TAAM_Version-02-02-2021.pdf\" data-rich-text-format-boundary=\"true\" data-mce-selected=\"inline-boundary\" data-mce-href=\"wp-content\/uploads\/2021\/04\/CGV-TAAM_Version-02-02-2021.pdf\" target=\"_blank\" data-cp-link=\"1\" rel=\"noopener\"><\/a><\/p>","protected":false},"excerpt":{"rendered":"<p>Welcome to the TAAM unit Typing and Archiving of Model Animals The TAAM is a Support and Research Unit of the CNRS, attached to the INSB of the CNRS (Institut des Sciences Biologiques \u2013 Institute of Biological Sciences). The TAAM offers a wide range of services around model rats and mice, for fundamental, biomedical and&hellip; <br \/> <a class=\"read-more\" href=\"https:\/\/www.taam.cnrs.fr\/index.php\/home\/?lang=en\">Read more<\/a><\/p>\n","protected":false},"author":1,"featured_media":0,"parent":0,"menu_order":0,"comment_status":"closed","ping_status":"closed","template":"page-templates\/homepage.php","meta":{"footnotes":""},"class_list":["post-5188","page","type-page","status-publish","hentry"],"yoast_head":"<!-- This site is optimized with the Yoast SEO plugin v26.4 - https:\/\/yoast.com\/wordpress\/plugins\/seo\/ -->\n<title>Home - TAAM - CNRS Orl\u00e9ans<\/title>\n<meta name=\"robots\" content=\"index, follow, max-snippet:-1, max-image-preview:large, max-video-preview:-1\" \/>\n<link rel=\"canonical\" href=\"https:\/\/www.taam.cnrs.fr\/?lang=en\" \/>\n<meta property=\"og:locale\" content=\"fr_FR\" \/>\n<meta property=\"og:type\" content=\"article\" \/>\n<meta property=\"og:title\" content=\"Home - TAAM - CNRS Orl\u00e9ans\" \/>\n<meta property=\"og:description\" content=\"Welcome to the TAAM unit Typing and Archiving of Model Animals The TAAM is a Support and Research Unit of the CNRS, attached to the INSB of the CNRS (Institut des Sciences Biologiques \u2013 Institute of Biological Sciences). The TAAM offers a wide range of services around model rats and mice, for fundamental, biomedical and&hellip; Read more\" \/>\n<meta property=\"og:url\" content=\"https:\/\/www.taam.cnrs.fr\/?lang=en\" \/>\n<meta property=\"og:site_name\" content=\"TAAM - CNRS Orl\u00e9ans\" \/>\n<meta property=\"article:modified_time\" content=\"2023-09-01T13:40:25+00:00\" \/>\n<meta name=\"twitter:card\" content=\"summary_large_image\" \/>\n<meta name=\"twitter:label1\" content=\"Dur\u00e9e de lecture estim\u00e9e\" \/>\n\t<meta name=\"twitter:data1\" content=\"1 minute\" \/>\n<script type=\"application\/ld+json\" class=\"yoast-schema-graph\">{\"@context\":\"https:\/\/schema.org\",\"@graph\":[{\"@type\":\"WebPage\",\"@id\":\"https:\/\/www.taam.cnrs.fr\/?lang=en\",\"url\":\"https:\/\/www.taam.cnrs.fr\/?lang=en\",\"name\":\"Home - TAAM - CNRS Orl\u00e9ans\",\"isPartOf\":{\"@id\":\"https:\/\/www.taam.cnrs.fr\/#website\"},\"datePublished\":\"2020-07-09T08:56:33+00:00\",\"dateModified\":\"2023-09-01T13:40:25+00:00\",\"breadcrumb\":{\"@id\":\"https:\/\/www.taam.cnrs.fr\/?lang=en#breadcrumb\"},\"inLanguage\":\"fr-FR\",\"potentialAction\":[{\"@type\":\"ReadAction\",\"target\":[\"https:\/\/www.taam.cnrs.fr\/?lang=en\"]}]},{\"@type\":\"BreadcrumbList\",\"@id\":\"https:\/\/www.taam.cnrs.fr\/?lang=en#breadcrumb\",\"itemListElement\":[{\"@type\":\"ListItem\",\"position\":1,\"name\":\"Accueil\",\"item\":\"https:\/\/www.taam.cnrs.fr\/\"},{\"@type\":\"ListItem\",\"position\":2,\"name\":\"Home\"}]},{\"@type\":\"WebSite\",\"@id\":\"https:\/\/www.taam.cnrs.fr\/#website\",\"url\":\"https:\/\/www.taam.cnrs.fr\/\",\"name\":\"TAAM - CNRS Orl\u00e9ans\",\"description\":\"Typage et Archivage d&#039;Animaux Mod\u00e8les - UAR 44\",\"publisher\":{\"@id\":\"https:\/\/www.taam.cnrs.fr\/#organization\"},\"potentialAction\":[{\"@type\":\"SearchAction\",\"target\":{\"@type\":\"EntryPoint\",\"urlTemplate\":\"https:\/\/www.taam.cnrs.fr\/?s={search_term_string}\"},\"query-input\":{\"@type\":\"PropertyValueSpecification\",\"valueRequired\":true,\"valueName\":\"search_term_string\"}}],\"inLanguage\":\"fr-FR\"},{\"@type\":\"Organization\",\"@id\":\"https:\/\/www.taam.cnrs.fr\/#organization\",\"name\":\"TAAM - CNRS Orl\u00e9ans\",\"url\":\"https:\/\/www.taam.cnrs.fr\/\",\"logo\":{\"@type\":\"ImageObject\",\"inLanguage\":\"fr-FR\",\"@id\":\"https:\/\/www.taam.cnrs.fr\/#\/schema\/logo\/image\/\",\"url\":\"https:\/\/www.taam.cnrs.fr\/wp-content\/uploads\/2025\/01\/cropped-LOGO_CNRS_BLEU.png\",\"contentUrl\":\"https:\/\/www.taam.cnrs.fr\/wp-content\/uploads\/2025\/01\/cropped-LOGO_CNRS_BLEU.png\",\"width\":875,\"height\":863,\"caption\":\"TAAM - CNRS Orl\u00e9ans\"},\"image\":{\"@id\":\"https:\/\/www.taam.cnrs.fr\/#\/schema\/logo\/image\/\"}}]}<\/script>\n<!-- \/ Yoast SEO plugin. -->","yoast_head_json":{"title":"Home - TAAM - CNRS Orl\u00e9ans","robots":{"index":"index","follow":"follow","max-snippet":"max-snippet:-1","max-image-preview":"max-image-preview:large","max-video-preview":"max-video-preview:-1"},"canonical":"https:\/\/www.taam.cnrs.fr\/?lang=en","og_locale":"fr_FR","og_type":"article","og_title":"Home - TAAM - CNRS Orl\u00e9ans","og_description":"Welcome to the TAAM unit Typing and Archiving of Model Animals The TAAM is a Support and Research Unit of the CNRS, attached to the INSB of the CNRS (Institut des Sciences Biologiques \u2013 Institute of Biological Sciences). The TAAM offers a wide range of services around model rats and mice, for fundamental, biomedical and&hellip; Read more","og_url":"https:\/\/www.taam.cnrs.fr\/?lang=en","og_site_name":"TAAM - CNRS Orl\u00e9ans","article_modified_time":"2023-09-01T13:40:25+00:00","twitter_card":"summary_large_image","twitter_misc":{"Dur\u00e9e de lecture estim\u00e9e":"1 minute"},"schema":{"@context":"https:\/\/schema.org","@graph":[{"@type":"WebPage","@id":"https:\/\/www.taam.cnrs.fr\/?lang=en","url":"https:\/\/www.taam.cnrs.fr\/?lang=en","name":"Home - TAAM - CNRS Orl\u00e9ans","isPartOf":{"@id":"https:\/\/www.taam.cnrs.fr\/#website"},"datePublished":"2020-07-09T08:56:33+00:00","dateModified":"2023-09-01T13:40:25+00:00","breadcrumb":{"@id":"https:\/\/www.taam.cnrs.fr\/?lang=en#breadcrumb"},"inLanguage":"fr-FR","potentialAction":[{"@type":"ReadAction","target":["https:\/\/www.taam.cnrs.fr\/?lang=en"]}]},{"@type":"BreadcrumbList","@id":"https:\/\/www.taam.cnrs.fr\/?lang=en#breadcrumb","itemListElement":[{"@type":"ListItem","position":1,"name":"Accueil","item":"https:\/\/www.taam.cnrs.fr\/"},{"@type":"ListItem","position":2,"name":"Home"}]},{"@type":"WebSite","@id":"https:\/\/www.taam.cnrs.fr\/#website","url":"https:\/\/www.taam.cnrs.fr\/","name":"TAAM - CNRS Orl\u00e9ans","description":"Typage et Archivage d&#039;Animaux Mod\u00e8les - UAR 44","publisher":{"@id":"https:\/\/www.taam.cnrs.fr\/#organization"},"potentialAction":[{"@type":"SearchAction","target":{"@type":"EntryPoint","urlTemplate":"https:\/\/www.taam.cnrs.fr\/?s={search_term_string}"},"query-input":{"@type":"PropertyValueSpecification","valueRequired":true,"valueName":"search_term_string"}}],"inLanguage":"fr-FR"},{"@type":"Organization","@id":"https:\/\/www.taam.cnrs.fr\/#organization","name":"TAAM - CNRS Orl\u00e9ans","url":"https:\/\/www.taam.cnrs.fr\/","logo":{"@type":"ImageObject","inLanguage":"fr-FR","@id":"https:\/\/www.taam.cnrs.fr\/#\/schema\/logo\/image\/","url":"https:\/\/www.taam.cnrs.fr\/wp-content\/uploads\/2025\/01\/cropped-LOGO_CNRS_BLEU.png","contentUrl":"https:\/\/www.taam.cnrs.fr\/wp-content\/uploads\/2025\/01\/cropped-LOGO_CNRS_BLEU.png","width":875,"height":863,"caption":"TAAM - CNRS Orl\u00e9ans"},"image":{"@id":"https:\/\/www.taam.cnrs.fr\/#\/schema\/logo\/image\/"}}]}},"_links":{"self":[{"href":"https:\/\/www.taam.cnrs.fr\/index.php\/wp-json\/wp\/v2\/pages\/5188","targetHints":{"allow":["GET"]}}],"collection":[{"href":"https:\/\/www.taam.cnrs.fr\/index.php\/wp-json\/wp\/v2\/pages"}],"about":[{"href":"https:\/\/www.taam.cnrs.fr\/index.php\/wp-json\/wp\/v2\/types\/page"}],"author":[{"embeddable":true,"href":"https:\/\/www.taam.cnrs.fr\/index.php\/wp-json\/wp\/v2\/users\/1"}],"replies":[{"embeddable":true,"href":"https:\/\/www.taam.cnrs.fr\/index.php\/wp-json\/wp\/v2\/comments?post=5188"}],"version-history":[{"count":4,"href":"https:\/\/www.taam.cnrs.fr\/index.php\/wp-json\/wp\/v2\/pages\/5188\/revisions"}],"predecessor-version":[{"id":5195,"href":"https:\/\/www.taam.cnrs.fr\/index.php\/wp-json\/wp\/v2\/pages\/5188\/revisions\/5195"}],"wp:attachment":[{"href":"https:\/\/www.taam.cnrs.fr\/index.php\/wp-json\/wp\/v2\/media?parent=5188"}],"curies":[{"name":"wp","href":"https:\/\/api.w.org\/{rel}","templated":true}]}}